{"id":3355,"date":"2019-05-29T12:30:56","date_gmt":"2019-05-29T09:30:56","guid":{"rendered":"https:\/\/vaasanluonnonravinto.fi\/?post_type=product&#038;p=3355"},"modified":"2020-09-14T16:42:24","modified_gmt":"2020-09-14T13:42:24","slug":"vogel-passiflora-karsimyskukkauute-50-ml","status":"publish","type":"product","link":"https:\/\/vaasanluonnonravinto.fi\/sv\/tuote\/vogel-passiflora-karsimyskukkauute-50-ml\/","title":{"rendered":"Vogel Passiflora k\u00e4rsimyskukkauute 50 ml"},"content":{"rendered":"","protected":false},"excerpt":{"rendered":"<p>K\u00e4rsimyskukka (Passiflora incarnata) on k\u00f6ynn\u00f6skasvi jolla on erikoiset\u00a0valko-violetit kukat. Se on kotoisin Etel\u00e4-Amerikasta, jossa intiaanit ovat\u00a0k\u00e4ytt\u00e4\u00e4neet sit\u00e4 perinteisesti rauhoittamaan hermoja. Nyky\u00e4\u00e4n sit\u00e4\u00a0k\u00e4ytet\u00e4\u00e4n elintarvikkeissa kuten hilloissa ja teess\u00e4 sek\u00e4 rohtokasvina.<\/p>\n<p>&nbsp;<\/p>\n<h4>Mihin Passifloraa voi k\u00e4ytt\u00e4\u00e4?<\/h4>\n<p>Passiflora parantaa nukahtamisvalmiutta mielentilaa tasoittamalla.\u00a0 Passiflora auttaa uudelleen nukahtamisessa, jos\u00a0levottomat ajatukset her\u00e4tt\u00e4v\u00e4t kesken unen. Passiflora sopii my\u00f6s p\u00e4iv\u00e4ll\u00e4 erilaisiin stressaaviin tilanteisiin &#8211; ilman\u00a0tokkuraista oloa.<\/p>\n<p>&nbsp;<\/p>\n<h4>Sopiiko Passiflora kaikille?<\/h4>\n<p>Tuotteen k\u00e4yt\u00f6lle ei tunneta estett\u00e4<\/p>\n<p>&nbsp;<\/p>\n<h4>Annostus<\/h4>\n<p>Aikuisille 5-10 tippaa 3 kertaa p\u00e4iv\u00e4ss\u00e4 veden\u00a0kera tai 30-50 tippaa veden kera iltaisin noin \u00bd tuntia ennen\u00a0nukkumaanmenoa.<\/p>\n<p>&nbsp;<\/p>\n<h4>S\u00e4ilytysohje<\/h4>\n<p>Huoneenl\u00e4mm\u00f6ss\u00e4. Ei lasten ulottuville.<\/p>\n","protected":false},"featured_media":3150,"template":"","meta":{"_acf_changed":false,"rs_blank_template":"","rs_page_bg_color":"","slide_template_v7":""},"product_brand":[],"product_cat":[73,72,71],"product_tag":[],"class_list":{"0":"post-3355","1":"product","2":"type-product","3":"status-publish","4":"has-post-thumbnail","6":"product_cat-lisaravinteet-sv","7":"product_cat-yrttivalmisteet-sv","8":"product_cat-vogel-sv","10":"first","11":"instock","12":"taxable","13":"shipping-taxable","14":"purchasable","15":"product-type-simple"},"acf":[],"_links":{"self":[{"href":"https:\/\/vaasanluonnonravinto.fi\/sv\/wp-json\/wp\/v2\/product\/3355","targetHints":{"allow":["GET"]}}],"collection":[{"href":"https:\/\/vaasanluonnonravinto.fi\/sv\/wp-json\/wp\/v2\/product"}],"about":[{"href":"https:\/\/vaasanluonnonravinto.fi\/sv\/wp-json\/wp\/v2\/types\/product"}],"wp:featuredmedia":[{"embeddable":true,"href":"https:\/\/vaasanluonnonravinto.fi\/sv\/wp-json\/wp\/v2\/media\/3150"}],"wp:attachment":[{"href":"https:\/\/vaasanluonnonravinto.fi\/sv\/wp-json\/wp\/v2\/media?parent=3355"}],"wp:term":[{"taxonomy":"product_brand","embeddable":true,"href":"https:\/\/vaasanluonnonravinto.fi\/sv\/wp-json\/wp\/v2\/product_brand?post=3355"},{"taxonomy":"product_cat","embeddable":true,"href":"https:\/\/vaasanluonnonravinto.fi\/sv\/wp-json\/wp\/v2\/product_cat?post=3355"},{"taxonomy":"product_tag","embeddable":true,"href":"https:\/\/vaasanluonnonravinto.fi\/sv\/wp-json\/wp\/v2\/product_tag?post=3355"}],"curies":[{"name":"wp","href":"https:\/\/api.w.org\/{rel}","templated":true}]}}