{"id":3354,"date":"2019-05-29T12:30:55","date_gmt":"2019-05-29T09:30:55","guid":{"rendered":"https:\/\/vaasanluonnonravinto.fi\/?post_type=product&#038;p=3354"},"modified":"2024-04-01T01:37:04","modified_gmt":"2024-03-31T22:37:04","slug":"vogel-vogelin-5-paivan-paastopaketti","status":"publish","type":"product","link":"https:\/\/vaasanluonnonravinto.fi\/sv\/tuote\/vogel-vogelin-5-paivan-paastopaketti\/","title":{"rendered":"Vogel Vogelin 5 p\u00e4iv\u00e4n paastopaketti"},"content":{"rendered":"","protected":false},"excerpt":{"rendered":"<h4>Paasto on hyv\u00e4 alku painonhallintaan<\/h4>\n<p>&nbsp;<\/p>\n<p>Paasto on vapaaehtoista ruoasta pid\u00e4tt\u00e4ytymist\u00e4. Elimist\u00f6 ottaa\u00a0paastotessa energiansa vararavinnosta, jonka avulla se pystyy\u00a0hoitamaan normaalit toimensa h\u00e4iri\u00f6tt\u00e4. Paaston aikana elimist\u00f6st\u00e4\u00a0poistuu aineenvaihdunnan kuona-aineita ja paaston tuloksena elimist\u00f6\u00a0saavuttaa paremman fyysisen ja psyykkisen tasapainon. Paasto sopii<br \/>\nkaikille terveille aikuisille.<\/p>\n<p>&nbsp;<\/p>\n<h4>Paasto<\/h4>\n<p>Paastoaminen onnistuu helposti Vogelin 5 p\u00e4iv\u00e4n Paastopaketilla, joka sis\u00e4lt\u00e4\u00e4 kaiken tarvittavan paastoon tai voit koota\u00a0mehut oman maun mukaan kunhan pid\u00e4t huolta, ettei p\u00e4iv\u00e4n kalorim\u00e4\u00e4r\u00e4 ylit\u00e4 400 kcal\/pv. Ohessa mehusuosituksemme\u00a0puhdistavaan paastoon.\u00a0Vogelin mehupaaston perustana ovat hyv\u00e4nmakuiset, luomulaatuiset Biotta-t\u00e4ysmehut, Molkosan heravalmiste,\u00a0Herbamare kasvisliemikuutiot ja Detox-yrttitee. Cynara artisokkauute tehostaa puhdistumista.<\/p>\n<p>&nbsp;<\/p>\n<h4>Vogelin mehupaastoon kuuluu<\/h4>\n<p>1x Biotta Granaattiomenamehu 0,5 l (tai esim. Mustaseljat\u00e4ysmehu)<br \/>\n1x Biotta Ananast\u00e4ysmehu 0,5 l<br \/>\n1x Biotta Porkkanat\u00e4ysmehu 0,5 l<br \/>\n1x Biotta Tomaattit\u00e4ysmehu 0,5 l<br \/>\n1x Biotta Daily Veggies-mehu 0,5 l<br \/>\n1x Herbamare kasviliemikuutiot 8 x 9,5 g<br \/>\n1x Molkosan heratiiviste 200 ml<br \/>\n1x Detox yrttitee (20 pss)<br \/>\n1x Cynara artisokkauute 50 ml<br \/>\n1x Suolihuuhtelupussi<br \/>\n1x paasto-ohjeet<\/p>\n","protected":false},"featured_media":3152,"template":"","meta":{"_acf_changed":false,"rs_blank_template":"","rs_page_bg_color":"","slide_template_v7":""},"product_brand":[],"product_cat":[73,70,71],"product_tag":[],"class_list":{"0":"post-3354","1":"product","2":"type-product","3":"status-publish","4":"has-post-thumbnail","6":"product_cat-lisaravinteet-sv","7":"product_cat-erikoiselintarvikkeet-sv","8":"product_cat-vogel-sv","10":"first","11":"instock","12":"taxable","13":"shipping-taxable","14":"purchasable","15":"product-type-simple"},"acf":[],"_links":{"self":[{"href":"https:\/\/vaasanluonnonravinto.fi\/sv\/wp-json\/wp\/v2\/product\/3354","targetHints":{"allow":["GET"]}}],"collection":[{"href":"https:\/\/vaasanluonnonravinto.fi\/sv\/wp-json\/wp\/v2\/product"}],"about":[{"href":"https:\/\/vaasanluonnonravinto.fi\/sv\/wp-json\/wp\/v2\/types\/product"}],"wp:featuredmedia":[{"embeddable":true,"href":"https:\/\/vaasanluonnonravinto.fi\/sv\/wp-json\/wp\/v2\/media\/3152"}],"wp:attachment":[{"href":"https:\/\/vaasanluonnonravinto.fi\/sv\/wp-json\/wp\/v2\/media?parent=3354"}],"wp:term":[{"taxonomy":"product_brand","embeddable":true,"href":"https:\/\/vaasanluonnonravinto.fi\/sv\/wp-json\/wp\/v2\/product_brand?post=3354"},{"taxonomy":"product_cat","embeddable":true,"href":"https:\/\/vaasanluonnonravinto.fi\/sv\/wp-json\/wp\/v2\/product_cat?post=3354"},{"taxonomy":"product_tag","embeddable":true,"href":"https:\/\/vaasanluonnonravinto.fi\/sv\/wp-json\/wp\/v2\/product_tag?post=3354"}],"curies":[{"name":"wp","href":"https:\/\/api.w.org\/{rel}","templated":true}]}}