{"id":3352,"date":"2019-04-12T13:07:08","date_gmt":"2019-04-12T10:07:08","guid":{"rendered":"https:\/\/vaasanluonnonravinto.fi\/?post_type=product&#038;p=3352"},"modified":"2024-08-01T00:37:05","modified_gmt":"2024-07-31T21:37:05","slug":"vogel-molkosan-heravalmiste-200-ml","status":"publish","type":"product","link":"https:\/\/vaasanluonnonravinto.fi\/sv\/tuote\/vogel-molkosan-heravalmiste-200-ml\/","title":{"rendered":"Vogel Molkosan heravalmiste 200 ml"},"content":{"rendered":"","protected":false},"excerpt":{"rendered":"<h4>Vatsan hyvinvointiin<\/h4>\n<p>Ruoansulatuksen huonosta toiminnasta k\u00e4rsii 30 &#8211; 60 % v\u00e4est\u00f6st\u00e4.\u00a0Naisilla vaivoja on kaksinkertaisesti miehiin verrattuna.\u00a0Luomumaidosta\u00a0valmistettua Molkosania on perinteisesti k\u00e4ytetty vatsaa helliv\u00e4n\u00e4\u00a0juomana. Lasillinen Molkosania aamuisin ja ruoan yhteydess\u00e4,\u00a0rauhoittaa vatsaa ja antaa hyv\u00e4\u00e4 oloa koko p\u00e4iv\u00e4ksi. My\u00f6s\u00a0aineenvaihdunta tehostuu.\u00a0Molkosanin hyv\u00e4t vaikutukset selittyv\u00e4t ennen muuta sen erinomaisella\u00a0maitohappokoostumuksella. Siin\u00e4 on runsaasti L+ &#8211; aitohappoa, jota\u00a0elimist\u00f6 tarvitsee ja tuottaa hy\u00f6dyllisten suolistobakteerien ravinnoksi.\u00a0Mit\u00e4 terveempi ja tasapainoisempi bakteerikanta, sit\u00e4 paremmin suolisto\u00a0ja koko elimist\u00f6 toimii.<\/p>\n<p>&nbsp;<\/p>\n<p>Verrattuna muihin, terveellisyytens\u00e4 vuoksi arvostettuihin\u00a0maitohappoisiin elintarvikkeisiin Molkosanin L+ -pitoisuus on omaa\u00a0luokkaansa. Esimerkiksi luonnonjogurttiin verrattuna se on\u00a0kaksinkertainen, rahkaan l\u00e4hes 2,4-kertainen ja hapankaaliin per\u00e4ti 3,5-\u00a0kertainen!<\/p>\n<p>&nbsp;<\/p>\n<h4>Valmistus luomulaatuisesta alppimaidosta<\/h4>\n<p>&nbsp;<\/p>\n<p>Molkosan valmistetaan tuoreesta, Alpeilla laiduntavien onnellisten\u00a0lehmien luomumaidosta. Luonnonvaraisten niittyjen rikas kasvillisuus\u00a0antaa oman arvokkaan lis\u00e4ns\u00e4 alppimaitoon. Monipuolista, puhdasta ja\u00a0luonnonmukaista ravintoa sy\u00f6vien lehmien maitoa ei voi verrata\u00a0tehotuotettuun, monin tavoin j\u00e4lkik\u00e4siteltyyn aitoon.\u00a0Valmistuksessa luomumaidosta poistetaan suodattamalla proteiini,\u00a0hiilihydraatit ja rasva. Puhdas hera past\u00f6roidaan niin hellavaraisesti kuin\u00a0mahdollista, jotta seuraavassa k\u00e4ymisprosessi vaiheessa, on mukana\u00a0vain tarkoitukseen kehitetty, oma maitohappobakteeri (Lactobacillus\u00a0casei). Tuloksena on kirkas, runsaasti L+ -maitohappoa sis\u00e4lt\u00e4v\u00e4\u00a0Molkosan.<\/p>\n<p>&nbsp;<\/p>\n<h4>Annostus<\/h4>\n<p>1tl &#8211; 1 rkl lasilliseen vett\u00e4.<\/p>\n<p>&nbsp;<\/p>\n<h4>Ainesosat<\/h4>\n<p>maitohappok\u00e4ynyt heratiiviste, kaliumsitraatti, luontainen aromi.\u00a0Hell\u00e4v\u00e4varaisesti past\u00f6roitu.<\/p>\n","protected":false},"featured_media":3154,"template":"","meta":{"_acf_changed":false},"product_brand":[],"product_cat":[73,71],"product_tag":[],"class_list":{"0":"post-3352","1":"product","2":"type-product","3":"status-publish","4":"has-post-thumbnail","6":"product_cat-lisaravinteet-sv","7":"product_cat-vogel-sv","9":"first","10":"instock","11":"taxable","12":"shipping-taxable","13":"purchasable","14":"product-type-simple"},"acf":[],"_links":{"self":[{"href":"https:\/\/vaasanluonnonravinto.fi\/sv\/wp-json\/wp\/v2\/product\/3352","targetHints":{"allow":["GET"]}}],"collection":[{"href":"https:\/\/vaasanluonnonravinto.fi\/sv\/wp-json\/wp\/v2\/product"}],"about":[{"href":"https:\/\/vaasanluonnonravinto.fi\/sv\/wp-json\/wp\/v2\/types\/product"}],"wp:featuredmedia":[{"embeddable":true,"href":"https:\/\/vaasanluonnonravinto.fi\/sv\/wp-json\/wp\/v2\/media\/3154"}],"wp:attachment":[{"href":"https:\/\/vaasanluonnonravinto.fi\/sv\/wp-json\/wp\/v2\/media?parent=3352"}],"wp:term":[{"taxonomy":"product_brand","embeddable":true,"href":"https:\/\/vaasanluonnonravinto.fi\/sv\/wp-json\/wp\/v2\/product_brand?post=3352"},{"taxonomy":"product_cat","embeddable":true,"href":"https:\/\/vaasanluonnonravinto.fi\/sv\/wp-json\/wp\/v2\/product_cat?post=3352"},{"taxonomy":"product_tag","embeddable":true,"href":"https:\/\/vaasanluonnonravinto.fi\/sv\/wp-json\/wp\/v2\/product_tag?post=3352"}],"curies":[{"name":"wp","href":"https:\/\/api.w.org\/{rel}","templated":true}]}}