{"id":3350,"date":"2019-04-12T13:13:29","date_gmt":"2019-04-12T10:13:29","guid":{"rendered":"https:\/\/vaasanluonnonravinto.fi\/?post_type=product&#038;p=3350"},"modified":"2020-09-14T16:42:19","modified_gmt":"2020-09-14T13:42:19","slug":"vogel-menoforce-strong-salviatabletti-30-tabl","status":"publish","type":"product","link":"https:\/\/vaasanluonnonravinto.fi\/sv\/tuote\/vogel-menoforce-strong-salviatabletti-30-tabl\/","title":{"rendered":"Vogel Menoforce Strong salviatabletti 30 tabl"},"content":{"rendered":"","protected":false},"excerpt":{"rendered":"<h4>Menoforce on valmistettu tuoreesta salviasta<\/h4>\n<p>&nbsp;<\/p>\n<p>Menoforce Strong salviatabletit sopivat erityisesti keski-ik\u00e4isille\u00a0\u00a0naisille,\u00a0jotka ovat kokeneet sen k\u00e4yt\u00f6n miellytt\u00e4v\u00e4ksi ja hyv\u00e4\u00e4 oloa\u00a0yll\u00e4pit\u00e4v\u00e4ksi.\u00a0Salvia (Salvia officinalis) on tunnettu mausteyrtti. Salvia kasvaa\u00a0helposti,\u00a0mutta parhaiten se viihtyy V\u00e4limeren ilmanalassa, mist\u00e4 se\u00a0onkin\u00a0kotoisin.<\/p>\n<p>&nbsp;<\/p>\n<h4>Salvia ja vaihdevuodet<\/h4>\n<p>Vaihdevuodet kuuluvat jokaisen naisen normaaliin el\u00e4m\u00e4\u00e4n. Menoforce\u00a0Strongin sis\u00e4lt\u00e4m\u00e4 salvia(uute) pit\u00e4\u00e4 yll\u00e4\u00a0naisellista hyvinvointia. Se\u00a0tasaa vaihdevuosiin liittyvi\u00e4 tuntemuksia, esimerkiksi auttaa\u00a0yll\u00e4pit\u00e4m\u00e4\u00e4n hikoilun normaalilla\u00a0tasolla. Menoforce Strongin tehokkuus\u00a0ja turvallisuus on testattu kliinisesti.<\/p>\n<p>&nbsp;<\/p>\n<h4>Sopiiko Menoforce Strong kaikille?<\/h4>\n<p>Ei salvia allergisille tai jos olet yliherkk\u00e4 jollekin valmisteen ainesosalle.<\/p>\n<p>&nbsp;<\/p>\n<h4>Annostus<\/h4>\n<p>1 tabletti p\u00e4iv\u00e4ss\u00e4 veden kera.<\/p>\n<p>&nbsp;<\/p>\n<h4>Koostumus<\/h4>\n<p>t\u00e4yteaine (mikrokiteinen selluloosa), salvian lehtiuutejauhe 12%, emulgointiaine (rasvahappojen sakkaroosiesterit),\u00a0puuvillansiemen\u00f6ljy. 1 tabletti sis\u00e4lt\u00e4\u00e4 1083 mg salvia lehte\u00e4.<\/p>\n<p>&nbsp;<\/p>\n<h4>S\u00e4ilytysohje<\/h4>\n<p>Huoneenl\u00e4mm\u00f6ss\u00e4. Ei lasten ulottuville.<\/p>\n","protected":false},"featured_media":3157,"template":"","meta":{"_acf_changed":false},"product_brand":[],"product_cat":[79,73,72,71],"product_tag":[],"class_list":{"0":"post-3350","1":"product","2":"type-product","3":"status-publish","4":"has-post-thumbnail","6":"product_cat-menopaussi-sv","7":"product_cat-lisaravinteet-sv","8":"product_cat-yrttivalmisteet-sv","9":"product_cat-vogel-sv","11":"first","12":"instock","13":"taxable","14":"shipping-taxable","15":"purchasable","16":"product-type-simple"},"acf":[],"_links":{"self":[{"href":"https:\/\/vaasanluonnonravinto.fi\/sv\/wp-json\/wp\/v2\/product\/3350","targetHints":{"allow":["GET"]}}],"collection":[{"href":"https:\/\/vaasanluonnonravinto.fi\/sv\/wp-json\/wp\/v2\/product"}],"about":[{"href":"https:\/\/vaasanluonnonravinto.fi\/sv\/wp-json\/wp\/v2\/types\/product"}],"wp:featuredmedia":[{"embeddable":true,"href":"https:\/\/vaasanluonnonravinto.fi\/sv\/wp-json\/wp\/v2\/media\/3157"}],"wp:attachment":[{"href":"https:\/\/vaasanluonnonravinto.fi\/sv\/wp-json\/wp\/v2\/media?parent=3350"}],"wp:term":[{"taxonomy":"product_brand","embeddable":true,"href":"https:\/\/vaasanluonnonravinto.fi\/sv\/wp-json\/wp\/v2\/product_brand?post=3350"},{"taxonomy":"product_cat","embeddable":true,"href":"https:\/\/vaasanluonnonravinto.fi\/sv\/wp-json\/wp\/v2\/product_cat?post=3350"},{"taxonomy":"product_tag","embeddable":true,"href":"https:\/\/vaasanluonnonravinto.fi\/sv\/wp-json\/wp\/v2\/product_tag?post=3350"}],"curies":[{"name":"wp","href":"https:\/\/api.w.org\/{rel}","templated":true}]}}