{"id":3346,"date":"2019-04-12T13:34:07","date_gmt":"2019-04-12T10:34:07","guid":{"rendered":"https:\/\/vaasanluonnonravinto.fi\/?post_type=product&#038;p=3346"},"modified":"2025-12-01T00:37:04","modified_gmt":"2025-11-30T22:37:04","slug":"vogel-echinaforce-punahattu-uute-100-ml","status":"publish","type":"product","link":"https:\/\/vaasanluonnonravinto.fi\/sv\/tuote\/vogel-echinaforce-punahattu-uute-100-ml\/","title":{"rendered":"Vogel Echinaforce punahattu-uute 100 ml"},"content":{"rendered":"<h4>Mahdolliset haittavaikutukset<\/h4>\n<p>Kuten kaikki l\u00e4\u00e4kkeet, t\u00e4m\u00e4kin l\u00e4\u00e4ke voi aiheuttaa haittavaikutuksia. Kaikki eiv\u00e4t kuitenkaan niit\u00e4 saa.\u00a0Yliherkkyysreaktiot, kuten ihottumat, nokkosihottuma, keuhkoputkien supistelut, astma, angioedeema (eli esim. huulten,\u00a0kasvojen, kielen tai nielun turvotus) ja \u00e4killiset ns. anafylaktiset reaktiot (eli vaikeat, yleistyneet allergiset reaktiot), ovat\u00a0mahdollisia. Echinaforce\u00ae-valmisteen k\u00e4yt\u00f6n yhteydess\u00e4 voi my\u00f6s esiinty\u00e4 Stevens-Johnsonin oireyhtym\u00e4\u00e4, johon\u00a0kuuluu iho- ja limakalvo-oireita sek\u00e4 mm. ihon kuoriutumista. Atoopikot ja yliherkkyysreaktioihin taipuvaiset henkil\u00f6t ovat\u00a0muita herkempi\u00e4 saamaan allergisia reaktioita punahattu-uutteesta. Edell\u00e4 mainittujen haittavaikutusten yleisyytt\u00e4 ei\u00a0tunneta.\u00a0Echinaforce\u00ae-valmisteen k\u00e4ytt\u00f6\u00e4 ei suositella alle 12-vuotiaille lapsille.<\/p>\n<p>&nbsp;<\/p>\n<h4>K\u00e4yt\u00f6n este<\/h4>\n<p>&nbsp;<\/p>\n<p>Allergia punahatuille, myker\u00f6kukkaisille Asteraceae (Compositae) -kasveille (esim. pujolle) tai t\u00e4m\u00e4n l\u00e4\u00e4kkeen jollekin\u00a0muulle aineelle, jokin etenev\u00e4 systeeminen sairaus (esim. tuberkuloosi tai jokin sidekudossairaus), autoimmuunisairaus\u00a0(esim. MS-tauti), immuunipuutos (esim. HIV-infektio).<\/p>\n<p>&nbsp;<\/p>\n<h4>S\u00e4ilytysohje<\/h4>\n<p>Huoneenl\u00e4mm\u00f6ss\u00e4. Ei lasten ulottuville.<\/p>\n<p>&nbsp;<\/p>\n<h4>Valmisteluokka<\/h4>\n<p>Perinteinen kasvirohdosvalmiste, myyntiluvan numero R 157 FI<\/p>\n","protected":false},"excerpt":{"rendered":"<p><strong data-olk-copy-source=\"MessageBody\">Echinaforce<\/strong><\/p>\n<p>Echinaforce on perinteinen kasvirohdosvalmiste nuhakuumeen tukihoitoon ja ennaltaehk\u00e4isyyn. Valmisteen k\u00e4ytt\u00f6 perustuu yksinomaan sen traditio\u00adnaaliseen eli pitk\u00e4\u00e4n jatkuneeseen k\u00e4ytt\u00f6\u00f6n.<\/p>\n<p>Echinaforcen vaikuttavat aineet ovat kaunopunahatun tuoreesta versosta sek\u00e4 juuresta valmistettu etanoliuu\u00adte. Jos olet allerginen punahatuille ja\/tai myker\u00f6kukkaisille tai jos sinulla on jokin etenev\u00e4 systeeminen sairaus, autoimmuunisairaus, immuunipuutos tai verisairaus \u00e4l\u00e4 k\u00e4yt\u00e4 tuotetta. Saa k\u00e4ytt\u00e4\u00e4 enint\u00e4\u00e4n 10 vrk:n ajan akuuttien oireiden hoitoon ja korkeintaan 2 kk ajan yht\u00e4jaksoisesti vilustumisoireiden ennaltaehk\u00e4isyyn. Keskustele l\u00e4\u00e4k\u00e4rin kanssa ennen valmisteen k\u00e4ytt\u00f6\u00e4, jos sinulla on jokin maksa- tai munuaissairaus, jos olet atoopikko tai olet herkk\u00e4 saamaan allergisia reaktioita. Ei suositella raskauden tai imetyksen aikana. Tutustu pakkausselosteeseen huolellisesti ennen valmisteen k\u00e4ytt\u00f6\u00e4. Markkinoija A.Vogel.<\/p>\n<p>Perinteinen kasvirohdosvalmiste, rekister\u00f6intinumero R 157 FI<\/p>\n<p>&nbsp;<\/p>\n<p>Echinaforce on perinteinen kasvirohdosvalmiste nuhakuumeen\u00a0(flunssan) ennaltaehk\u00e4isyyn ja tukihoitoon. Valmisteen sis\u00e4lt\u00e4m\u00e4\u00e4\u00a0punahattu-uutetta on perinteisesti k\u00e4ytetty kohottamaan elimist\u00f6n\u00a0omaa vastustuskyky\u00e4. Echinaforce uutteeseen k\u00e4ytett\u00e4v\u00e4t\u00a0punahatut ovat luomulaatuisia ja ne k\u00e4sitell\u00e4\u00e4n tuoreina,\u00a0viimeist\u00e4\u00e4n 24 tunnin kuluttua sadonkorjuusta.\u00a0Echinaforce valmistetaan Bioforce AG:n l\u00e4\u00e4ketehtaassa GMP-ohjeiston\u00a0mukaisesti.<\/p>\n<p>&nbsp;<\/p>\n<h4>Ainesosat<\/h4>\n<p>Vaikuttavia aineita on kaksi: kaunopunahatun (Echinacea purpurea\u00a0(L.) Moench) tuoreesta versosta valmistettu\u00a0etanoliuute (1:12) 860 mg\/ml ja tuoreesta juuresta valmistettu etanoliuute (1:11) 45 mg\/ml. ; uuttoliuotin molemmissa\u00a0uutteissa 57,3% (m\/m) etanoli-vesi \u2013seos (1 ml = 28 tippaa). Muut aineet ovat etanoli (96 % V\/V) ja puhdistettu vesi.<\/p>\n<p>&nbsp;<\/p>\n<h4>Annostus<\/h4>\n<p>Suositeltu annos\u00a0vilustumisoireiden hoitoon\u00a0aikuisille (my\u00f6s i\u00e4kk\u00e4ille) ja yli 12-vuotiaille nuorille on 20 \u2013 25 tippaa veden\u00a0kera 3 &#8211; 5 kertaa p\u00e4iv\u00e4ss\u00e4. Echinaforce\u00ae-tippoja saa k\u00e4ytt\u00e4\u00e4 enint\u00e4\u00e4n 10 vrk:n ajan akuuttien vilustumisoireiden hoitoon.\u00a0Ota yhteys l\u00e4\u00e4k\u00e4riin, jos oireet eiv\u00e4t t\u00e4ss\u00e4 ajassa mene ohi, tai jos ne pahenevat (saat korkean kuumeen, ilmenee\u00a0hengitysvaikeuksia, paksua limaa tai verta ysk\u00f6ksiss\u00e4).\u00a0Vilustumisoireiden\u00a0ennaltaehk\u00e4isyss\u00e4\u00a0suositusannos on 20 tippaa 3 kertaa p\u00e4iv\u00e4ss\u00e4.<br \/>\nEnnaltaehk\u00e4isy\u00e4 voi yht\u00e4jaksoisesti k\u00e4ytt\u00e4\u00e4 enint\u00e4\u00e4n kahden kuukauden ajan.<\/p>\n","protected":false},"featured_media":3163,"template":"","meta":{"_acf_changed":false,"rs_blank_template":"","rs_page_bg_color":"","slide_template_v7":""},"product_brand":[],"product_cat":[73,72,71],"product_tag":[],"class_list":{"0":"post-3346","1":"product","2":"type-product","3":"status-publish","4":"has-post-thumbnail","6":"product_cat-lisaravinteet-sv","7":"product_cat-yrttivalmisteet-sv","8":"product_cat-vogel-sv","10":"first","11":"instock","12":"taxable","13":"shipping-taxable","14":"purchasable","15":"product-type-simple"},"acf":[],"_links":{"self":[{"href":"https:\/\/vaasanluonnonravinto.fi\/sv\/wp-json\/wp\/v2\/product\/3346","targetHints":{"allow":["GET"]}}],"collection":[{"href":"https:\/\/vaasanluonnonravinto.fi\/sv\/wp-json\/wp\/v2\/product"}],"about":[{"href":"https:\/\/vaasanluonnonravinto.fi\/sv\/wp-json\/wp\/v2\/types\/product"}],"wp:featuredmedia":[{"embeddable":true,"href":"https:\/\/vaasanluonnonravinto.fi\/sv\/wp-json\/wp\/v2\/media\/3163"}],"wp:attachment":[{"href":"https:\/\/vaasanluonnonravinto.fi\/sv\/wp-json\/wp\/v2\/media?parent=3346"}],"wp:term":[{"taxonomy":"product_brand","embeddable":true,"href":"https:\/\/vaasanluonnonravinto.fi\/sv\/wp-json\/wp\/v2\/product_brand?post=3346"},{"taxonomy":"product_cat","embeddable":true,"href":"https:\/\/vaasanluonnonravinto.fi\/sv\/wp-json\/wp\/v2\/product_cat?post=3346"},{"taxonomy":"product_tag","embeddable":true,"href":"https:\/\/vaasanluonnonravinto.fi\/sv\/wp-json\/wp\/v2\/product_tag?post=3346"}],"curies":[{"name":"wp","href":"https:\/\/api.w.org\/{rel}","templated":true}]}}