{"id":3345,"date":"2019-05-29T12:30:47","date_gmt":"2019-05-29T09:30:47","guid":{"rendered":"https:\/\/vaasanluonnonravinto.fi\/?post_type=product&#038;p=3345"},"modified":"2026-04-18T06:37:21","modified_gmt":"2026-04-18T03:37:21","slug":"vogel-echinacea-purutabletti-90-kpl","status":"publish","type":"product","link":"https:\/\/vaasanluonnonravinto.fi\/sv\/tuote\/vogel-echinacea-purutabletti-90-kpl\/","title":{"rendered":"Vogel Echinacea Immune 120 kpl"},"content":{"rendered":"","protected":false},"excerpt":{"rendered":"<h4>Vastustuskykyyn koko perheelle<\/h4>\n<p>Echinacea Purutabletti on uusi appelsiininmakuinen pureskeltava\u00a0punahattutabletti. Tuote on kehitetty niin, ett\u00e4 se sopii my\u00f6s lapsille 4-vuodesta yl\u00f6sp\u00e4in.<\/p>\n<p>Echinacea purutabletit sis\u00e4lt\u00e4v\u00e4t 400 mg tuoreena poimittua punahattua (Echinacea purpurea).\u00a0Punahattu tukee vastustuskyky\u00e4 esimerkiksi flunssa-aikana. Echinacea purutableteissa on patentoitu koostumus, joka\u00a0soveltuu my\u00f6s lapsille.<\/p>\n<p>Vastustuskyky\u00e4 koko perheelle!<\/p>\n<p>&nbsp;<\/p>\n<p>&nbsp;<\/p>\n","protected":false},"featured_media":22419,"template":"","meta":{"_acf_changed":false},"product_brand":[],"product_cat":[73,72,71],"product_tag":[],"class_list":{"0":"post-3345","1":"product","2":"type-product","3":"status-publish","4":"has-post-thumbnail","6":"product_cat-lisaravinteet-sv","7":"product_cat-yrttivalmisteet-sv","8":"product_cat-vogel-sv","10":"first","11":"instock","12":"taxable","13":"shipping-taxable","14":"purchasable","15":"product-type-simple"},"acf":[],"_links":{"self":[{"href":"https:\/\/vaasanluonnonravinto.fi\/sv\/wp-json\/wp\/v2\/product\/3345","targetHints":{"allow":["GET"]}}],"collection":[{"href":"https:\/\/vaasanluonnonravinto.fi\/sv\/wp-json\/wp\/v2\/product"}],"about":[{"href":"https:\/\/vaasanluonnonravinto.fi\/sv\/wp-json\/wp\/v2\/types\/product"}],"wp:featuredmedia":[{"embeddable":true,"href":"https:\/\/vaasanluonnonravinto.fi\/sv\/wp-json\/wp\/v2\/media\/22419"}],"wp:attachment":[{"href":"https:\/\/vaasanluonnonravinto.fi\/sv\/wp-json\/wp\/v2\/media?parent=3345"}],"wp:term":[{"taxonomy":"product_brand","embeddable":true,"href":"https:\/\/vaasanluonnonravinto.fi\/sv\/wp-json\/wp\/v2\/product_brand?post=3345"},{"taxonomy":"product_cat","embeddable":true,"href":"https:\/\/vaasanluonnonravinto.fi\/sv\/wp-json\/wp\/v2\/product_cat?post=3345"},{"taxonomy":"product_tag","embeddable":true,"href":"https:\/\/vaasanluonnonravinto.fi\/sv\/wp-json\/wp\/v2\/product_tag?post=3345"}],"curies":[{"name":"wp","href":"https:\/\/api.w.org\/{rel}","templated":true}]}}