{"id":3344,"date":"2019-05-29T12:30:45","date_gmt":"2019-05-29T09:30:45","guid":{"rendered":"https:\/\/vaasanluonnonravinto.fi\/?post_type=product&#038;p=3344"},"modified":"2026-02-01T14:37:09","modified_gmt":"2026-02-01T12:37:09","slug":"vogel-echinacea-salvia-kurkkusuihke-30-ml","status":"publish","type":"product","link":"https:\/\/vaasanluonnonravinto.fi\/sv\/tuote\/vogel-echinacea-salvia-kurkkusuihke-30-ml\/","title":{"rendered":"Vogel Echinacea-Salvia kurkkusuihke 30 ml"},"content":{"rendered":"","protected":false},"excerpt":{"rendered":"<h4>K\u00e4he\u00e4lle kurkulle<\/h4>\n<p>Luonnonmukainen kurkkusuihke vaikuttaa nopeasti ja juuri oikeassa\u00a0paikassa desinfioiden kurkkua. Pitk\u00e4 suutin ohjaa suihkeen juuri oikeaan\u00a0paikkaan ja sit\u00e4 on helppo k\u00e4ytt\u00e4\u00e4. Kurkkusuihkeessa on kolmiosainen\u00a0vaikutus: punahattu torjuu karheutta, salvia desinfioi nielua ja miellytt\u00e4v\u00e4\u00a0piparminttu raikastaa hengityksen ja tuo samalla hyv\u00e4n maun suuhun.<\/p>\n<p>&nbsp;<\/p>\n<h4>K\u00e4ytt\u00f6ohje<\/h4>\n<p>Kiinnit\u00e4 erillinen suutin pulloon. Ennen k\u00e4ytt\u00f6\u00e4 paina sumutinta 2-3\u00a0kertaa, jotta saat pumpattua uutteen pullosta. Laita suutin suuhun ja\u00a0paina sumutinta. Pitk\u00e4 suutin vie uutteen optimaalisesti nieluun.<\/p>\n<p>Ei sovi myker\u00f6kukka-allergisille.<\/p>\n<p>&nbsp;<\/p>\n<h4>Annostus<\/h4>\n<p>aikuiset ja yli 12 vuotiaat 2 suihketta nieluun 6-10 kertaa p\u00e4iv\u00e4ss\u00e4.<\/p>\n<p>&nbsp;<\/p>\n<h4>Huomioitavaa<\/h4>\n<p>K\u00e4ytett\u00e4v\u00e4 4 kk:n kuluttua avaamisesta.<\/p>\n<p>&nbsp;<\/p>\n<h4>Koostumus<\/h4>\n<p>makeutusaine (sorbitoli), salviauute, etanoli, punahattu-uutetiiviste,\u00a0emulgointiaine (soijalesitiini), piparminttu\u00f6ljy, emulgointiaine\u00a0(rasvahappojen sakkaroosiesterit).<\/p>\n","protected":false},"featured_media":2955,"template":"","meta":{"_acf_changed":false,"rs_blank_template":"","rs_page_bg_color":"","slide_template_v7":""},"product_brand":[],"product_cat":[73,72,71],"product_tag":[],"class_list":{"0":"post-3344","1":"product","2":"type-product","3":"status-publish","4":"has-post-thumbnail","6":"product_cat-lisaravinteet-sv","7":"product_cat-yrttivalmisteet-sv","8":"product_cat-vogel-sv","10":"first","11":"instock","12":"taxable","13":"shipping-taxable","14":"purchasable","15":"product-type-simple"},"acf":[],"_links":{"self":[{"href":"https:\/\/vaasanluonnonravinto.fi\/sv\/wp-json\/wp\/v2\/product\/3344","targetHints":{"allow":["GET"]}}],"collection":[{"href":"https:\/\/vaasanluonnonravinto.fi\/sv\/wp-json\/wp\/v2\/product"}],"about":[{"href":"https:\/\/vaasanluonnonravinto.fi\/sv\/wp-json\/wp\/v2\/types\/product"}],"wp:featuredmedia":[{"embeddable":true,"href":"https:\/\/vaasanluonnonravinto.fi\/sv\/wp-json\/wp\/v2\/media\/2955"}],"wp:attachment":[{"href":"https:\/\/vaasanluonnonravinto.fi\/sv\/wp-json\/wp\/v2\/media?parent=3344"}],"wp:term":[{"taxonomy":"product_brand","embeddable":true,"href":"https:\/\/vaasanluonnonravinto.fi\/sv\/wp-json\/wp\/v2\/product_brand?post=3344"},{"taxonomy":"product_cat","embeddable":true,"href":"https:\/\/vaasanluonnonravinto.fi\/sv\/wp-json\/wp\/v2\/product_cat?post=3344"},{"taxonomy":"product_tag","embeddable":true,"href":"https:\/\/vaasanluonnonravinto.fi\/sv\/wp-json\/wp\/v2\/product_tag?post=3344"}],"curies":[{"name":"wp","href":"https:\/\/api.w.org\/{rel}","templated":true}]}}