{"id":3343,"date":"2019-05-29T12:30:44","date_gmt":"2019-05-29T09:30:44","guid":{"rendered":"https:\/\/vaasanluonnonravinto.fi\/?post_type=product&#038;p=3343"},"modified":"2020-09-14T16:42:08","modified_gmt":"2020-09-14T13:42:08","slug":"vogel-echinacea-kurkkupastilli-75-g","status":"publish","type":"product","link":"https:\/\/vaasanluonnonravinto.fi\/sv\/tuote\/vogel-echinacea-kurkkupastilli-75-g\/","title":{"rendered":"Vogel Echinacea kurkkupastilli 75 g"},"content":{"rendered":"","protected":false},"excerpt":{"rendered":"<h4>Kurkkupastilli, jossa pirte\u00e4 marjainen maku<\/h4>\n<p>Mustaviinimarjanmakuiset Echina C- kurkkupastillit sis\u00e4lt\u00e4v\u00e4t mm.\u00a0punahattu- ja\u00a0 mustaviinimarjatiivistett\u00e4 ja luonnollista C-vitamiinia\u00a0acerolakirsikasta. Pastillien pehme\u00e4 t\u00e4yte maistuu hyv\u00e4lt\u00e4 ja tuntuu\u00a0hyv\u00e4lt\u00e4 kurkussa. Ei keinotekoisia lis\u00e4aineita.<\/p>\n<p>&nbsp;<\/p>\n<h4>Ainesosat<\/h4>\n<p>sokeri, glukoosisokerisiirappi, inverttisokerisiirappi, vesi, happamuudens\u00e4\u00e4t\u00f6aine (sitruunahappo), acerolakirsikkajauhe\u00a00,4%, mustaviinimarjatiiviste 0,3%, luonnolliset aromit, punahattutiiviste 0,2%, hedelm\u00e4- ja yrttiuute, suola.<\/p>\n","protected":false},"featured_media":2949,"template":"","meta":{"_acf_changed":false},"product_brand":[],"product_cat":[73,72,74,77,71],"product_tag":[],"class_list":{"0":"post-3343","1":"product","2":"type-product","3":"status-publish","4":"has-post-thumbnail","6":"product_cat-lisaravinteet-sv","7":"product_cat-yrttivalmisteet-sv","8":"product_cat-erikoistuotteet-sv","9":"product_cat-vitamiinit-sv","10":"product_cat-vogel-sv","12":"first","13":"instock","14":"taxable","15":"shipping-taxable","16":"purchasable","17":"product-type-simple"},"acf":[],"_links":{"self":[{"href":"https:\/\/vaasanluonnonravinto.fi\/sv\/wp-json\/wp\/v2\/product\/3343","targetHints":{"allow":["GET"]}}],"collection":[{"href":"https:\/\/vaasanluonnonravinto.fi\/sv\/wp-json\/wp\/v2\/product"}],"about":[{"href":"https:\/\/vaasanluonnonravinto.fi\/sv\/wp-json\/wp\/v2\/types\/product"}],"wp:featuredmedia":[{"embeddable":true,"href":"https:\/\/vaasanluonnonravinto.fi\/sv\/wp-json\/wp\/v2\/media\/2949"}],"wp:attachment":[{"href":"https:\/\/vaasanluonnonravinto.fi\/sv\/wp-json\/wp\/v2\/media?parent=3343"}],"wp:term":[{"taxonomy":"product_brand","embeddable":true,"href":"https:\/\/vaasanluonnonravinto.fi\/sv\/wp-json\/wp\/v2\/product_brand?post=3343"},{"taxonomy":"product_cat","embeddable":true,"href":"https:\/\/vaasanluonnonravinto.fi\/sv\/wp-json\/wp\/v2\/product_cat?post=3343"},{"taxonomy":"product_tag","embeddable":true,"href":"https:\/\/vaasanluonnonravinto.fi\/sv\/wp-json\/wp\/v2\/product_tag?post=3343"}],"curies":[{"name":"wp","href":"https:\/\/api.w.org\/{rel}","templated":true}]}}