{"id":3339,"date":"2019-05-29T12:30:41","date_gmt":"2019-05-29T09:30:41","guid":{"rendered":"https:\/\/vaasanluonnonravinto.fi\/?post_type=product&#038;p=3339"},"modified":"2025-10-08T16:59:17","modified_gmt":"2025-10-08T13:59:17","slug":"vogel-detox-yrttitee20-pss","status":"publish","type":"product","link":"https:\/\/vaasanluonnonravinto.fi\/sv\/tuote\/vogel-detox-yrttitee20-pss\/","title":{"rendered":"Vogel yrttitee20 pss"},"content":{"rendered":"","protected":false},"excerpt":{"rendered":"<h4>Hyv\u00e4nmakuinen ja puhdistava tee<\/h4>\n<p>Yrttitee sopii nautittavaksi milloin vain, mutta erityisen hyvin se sopii\u00a0erilaisiin kuureihin kuten paastoon, riiisi-, detox- ja ananasmehukuuriin.<\/p>\n<p>&nbsp;<\/p>\n<h4>Valmistus<\/h4>\n<p>1 teepussi noin 2 dl:aan vett\u00e4. Annetaan hautua 3-5 minuuttia.<\/p>\n<p>&nbsp;<\/p>\n<h4>Ainesosat<\/h4>\n<p><strong>Fenkoli<\/strong> &#8211;\u00a0sis\u00e4lt\u00e4\u00e4 mm. rautaa ja erilaisia \u00f6ljyj\u00e4, jotka auttavat tasoittamaan vatsan happotasapaino.<\/p>\n<p><strong>Siank\u00e4rs\u00e4m\u00f6\u00e4<\/strong> &#8211;\u00a0on perinteisesti k\u00e4ytetty v\u00e4h\u00e4happoiseen vatsaan ja ruokahaluttomuuteen.<\/p>\n<p><strong>Piparmintun lehti<\/strong> &#8211;\u00a0sis\u00e4lt\u00e4\u00e4 erilaisia haihtuvia \u00f6ljyj\u00e4, kuten mentolia, joka tuo sille ominaisen raikkaan maun. Piparminttu paitsi raikastaa\u00a0hengityst\u00e4, my\u00f6s desinfioi nielua, ruoansulatuskanavaa ja lis\u00e4\u00e4 ruoansulatusnesteiden erityst\u00e4.<\/p>\n<p><strong>Kamomillankukka<\/strong> &#8211;\u00a0rauhoittaa vatsaa ja mielt\u00e4.<\/p>\n<p><strong>Voikukka<\/strong> &#8211;\u00a0sis\u00e4lt\u00e4\u00e4 mm. glykosideja, apigeniini\u00e4 ja runsaasti kaliumia, jotka vaikuttavat virtsan erityst\u00e4 lis\u00e4\u00e4v\u00e4sti. Voikukkaa onkin\u00a0perinteisesti k\u00e4ytetty nestett\u00e4 poistavana yrttin\u00e4.<\/p>\n<p><strong>Lakritsinjuuri<\/strong> &#8211;\u00a0tuo yrttiteehen miellytt\u00e4v\u00e4n makean vivahteen, mutta se my\u00f6s sis\u00e4lt\u00e4\u00e4 hyvi\u00e4 antioksidantteja.<\/p>\n","protected":false},"featured_media":2943,"template":"","meta":{"_acf_changed":false},"product_brand":[],"product_cat":[72,70,71],"product_tag":[],"class_list":{"0":"post-3339","1":"product","2":"type-product","3":"status-publish","4":"has-post-thumbnail","6":"product_cat-yrttivalmisteet-sv","7":"product_cat-erikoiselintarvikkeet-sv","8":"product_cat-vogel-sv","10":"first","11":"instock","12":"taxable","13":"shipping-taxable","14":"purchasable","15":"product-type-simple"},"acf":[],"_links":{"self":[{"href":"https:\/\/vaasanluonnonravinto.fi\/sv\/wp-json\/wp\/v2\/product\/3339","targetHints":{"allow":["GET"]}}],"collection":[{"href":"https:\/\/vaasanluonnonravinto.fi\/sv\/wp-json\/wp\/v2\/product"}],"about":[{"href":"https:\/\/vaasanluonnonravinto.fi\/sv\/wp-json\/wp\/v2\/types\/product"}],"wp:featuredmedia":[{"embeddable":true,"href":"https:\/\/vaasanluonnonravinto.fi\/sv\/wp-json\/wp\/v2\/media\/2943"}],"wp:attachment":[{"href":"https:\/\/vaasanluonnonravinto.fi\/sv\/wp-json\/wp\/v2\/media?parent=3339"}],"wp:term":[{"taxonomy":"product_brand","embeddable":true,"href":"https:\/\/vaasanluonnonravinto.fi\/sv\/wp-json\/wp\/v2\/product_brand?post=3339"},{"taxonomy":"product_cat","embeddable":true,"href":"https:\/\/vaasanluonnonravinto.fi\/sv\/wp-json\/wp\/v2\/product_cat?post=3339"},{"taxonomy":"product_tag","embeddable":true,"href":"https:\/\/vaasanluonnonravinto.fi\/sv\/wp-json\/wp\/v2\/product_tag?post=3339"}],"curies":[{"name":"wp","href":"https:\/\/api.w.org\/{rel}","templated":true}]}}