{"id":3338,"date":"2019-05-29T12:30:40","date_gmt":"2019-05-29T09:30:40","guid":{"rendered":"https:\/\/vaasanluonnonravinto.fi\/?post_type=product&#038;p=3338"},"modified":"2020-09-14T16:42:03","modified_gmt":"2020-09-14T13:42:03","slug":"vogel-cynara-artisokkauute-50-ml","status":"publish","type":"product","link":"https:\/\/vaasanluonnonravinto.fi\/sv\/tuote\/vogel-cynara-artisokkauute-50-ml\/","title":{"rendered":"Vogel Cynara artisokkauute 50 ml"},"content":{"rendered":"","protected":false},"excerpt":{"rendered":"<p>Cynara scolymus eli latva-artisokka on sy\u00f6t\u00e4v\u00e4 kasvi, josta k\u00e4ytet\u00e4\u00e4n\u00a0ruoaksi nupulla olevien kukkamyker\u00f6iden pohjat ja ter\u00e4lehtien alaosat.\u00a0Latva-artisokkaa k\u00e4ytet\u00e4\u00e4n my\u00f6s teen\u00e4 ja kasviuutteena. Italialaiset ovat\u00a0tehneet siit\u00e4 jopa lik\u00f6\u00f6ri\u00e4.\u00a0Yksi kasvin vaikuttavista aineista on kynariini, jota l\u00f6ytyy runsaasti\u00a0kasvin lehdist\u00e4. Siksi Alfred Vogel k\u00e4ytti juuri t\u00e4t\u00e4 kasvinosaa omaan\u00a0Cynara uutteeseensa.<\/p>\n<p>&nbsp;<\/p>\n<h4>Mihin Cynaraa voi k\u00e4ytt\u00e4\u00e4?<\/h4>\n<p>Cynaran karvasaineet tehostavat ruoansulatusnesteiden erityst\u00e4. Se tasaa kolesterolia ja edist\u00e4\u00e4 aineenvaihduntaa\u00a0tukemalla maksan toimintaa. Sopii hyvin\u00a0 puhdistuskuureihin. Sopii k\u00e4ytett\u00e4v\u00e4ksi aterian j\u00e4lkeiseen t\u00e4ysin\u00e4iseen,\u00a0raskaaseen oloon, vatsan turvotukseen ja ilmavaivoihin.<\/p>\n<p>&nbsp;<\/p>\n<h4>Sopiiko Cynara kaikille?<\/h4>\n<p>Tuote saattaa aiheuttaa oireita joillekin myker\u00f6kukka-allergisille. Ei suositella henkil\u00f6ille, joilla on sappikivi\u00e4.<\/p>\n<p>&nbsp;<\/p>\n<h4>Annostus<\/h4>\n<p>Aikuisille 10-20\u00a0 tippaa veden kera 3 kertaa p\u00e4iv\u00e4ss\u00e4 ruokailun j\u00e4lkeen. Ruoansulatuksen tukemiseen tipat kannattaa\u00a0 \u00a0ottaa ennen ateriaa.<\/p>\n<p>&nbsp;<\/p>\n<h4>S\u00e4ilytysohje<\/h4>\n<p>Huoneenl\u00e4mm\u00f6ss\u00e4. Ei lasten ulottuville.<\/p>\n","protected":false},"featured_media":2941,"template":"","meta":{"_acf_changed":false},"product_brand":[],"product_cat":[73,72,71],"product_tag":[],"class_list":{"0":"post-3338","1":"product","2":"type-product","3":"status-publish","4":"has-post-thumbnail","6":"product_cat-lisaravinteet-sv","7":"product_cat-yrttivalmisteet-sv","8":"product_cat-vogel-sv","10":"first","11":"instock","12":"taxable","13":"shipping-taxable","14":"purchasable","15":"product-type-simple"},"acf":[],"_links":{"self":[{"href":"https:\/\/vaasanluonnonravinto.fi\/sv\/wp-json\/wp\/v2\/product\/3338","targetHints":{"allow":["GET"]}}],"collection":[{"href":"https:\/\/vaasanluonnonravinto.fi\/sv\/wp-json\/wp\/v2\/product"}],"about":[{"href":"https:\/\/vaasanluonnonravinto.fi\/sv\/wp-json\/wp\/v2\/types\/product"}],"wp:featuredmedia":[{"embeddable":true,"href":"https:\/\/vaasanluonnonravinto.fi\/sv\/wp-json\/wp\/v2\/media\/2941"}],"wp:attachment":[{"href":"https:\/\/vaasanluonnonravinto.fi\/sv\/wp-json\/wp\/v2\/media?parent=3338"}],"wp:term":[{"taxonomy":"product_brand","embeddable":true,"href":"https:\/\/vaasanluonnonravinto.fi\/sv\/wp-json\/wp\/v2\/product_brand?post=3338"},{"taxonomy":"product_cat","embeddable":true,"href":"https:\/\/vaasanluonnonravinto.fi\/sv\/wp-json\/wp\/v2\/product_cat?post=3338"},{"taxonomy":"product_tag","embeddable":true,"href":"https:\/\/vaasanluonnonravinto.fi\/sv\/wp-json\/wp\/v2\/product_tag?post=3338"}],"curies":[{"name":"wp","href":"https:\/\/api.w.org\/{rel}","templated":true}]}}