{"id":3329,"date":"2019-05-29T12:30:32","date_gmt":"2019-05-29T09:30:32","guid":{"rendered":"https:\/\/vaasanluonnonravinto.fi\/?post_type=product&#038;p=3329"},"modified":"2020-09-14T16:41:51","modified_gmt":"2020-09-14T13:41:51","slug":"vogel-biotta-ananasmehu-500-ml-luomu","status":"publish","type":"product","link":"https:\/\/vaasanluonnonravinto.fi\/sv\/tuote\/vogel-biotta-ananasmehu-500-ml-luomu\/","title":{"rendered":"Vogel Biotta Ananasmehu 500 ml Luomu"},"content":{"rendered":"","protected":false},"excerpt":{"rendered":"<h4>Makea ananast\u00e4ysmehu sulaa suussa!<\/h4>\n<p>Biottan herkullinen ananast\u00e4ysmehu on valmistettu tuoreista, luomulaatuisista\u00a0ananaksista.\u00a0Valmistuksessa k\u00e4ytet\u00e4\u00e4n koko hedelm\u00e4, my\u00f6s sen arvokas ydin. Runsaasti\u00a0hedelm\u00e4lihaa sis\u00e4lt\u00e4v\u00e4 mehu on kuin juuri puristettua! Koska mehussa ei\u00a0k\u00e4ytet\u00e4 lis\u00e4aineita, hedelm\u00e4liha laskeutuu s\u00e4ilytyksen aikana pullon pohjalle.\u00a0Ravista ennen k\u00e4ytt\u00f6\u00e4 ja nauti!<\/p>\n<p>&nbsp;<\/p>\n<p>Makea mehu sopii nautittavaksi sellaisenaan, sit\u00e4 voi k\u00e4ytt\u00e4\u00e4 my\u00f6s\u00a0mehukuureissa, erilaisissa j\u00e4lkiruoissa ja juomissa.<\/p>\n<p>&nbsp;<\/p>\n<p>Jotta mehu s\u00e4ilyisi ilman keinotekoisia lis\u00e4aineita se past\u00f6roidaan\u00a0mahdollisimman hell\u00e4varaisesti.<\/p>\n<p>&nbsp;<\/p>\n<h4>Ravintosis\u00e4lt\u00f6 100 ml mehua<\/h4>\n<p>energiaa 260 kJ \/ 61 kcal<br \/>\nproteiinia\u00a00,6 g<br \/>\nhiilihydraattia 14,7 grasvaa &lt; 0,5 g<br \/>\nPakkauskoot: 500 ml<\/p>\n","protected":false},"featured_media":3176,"template":"","meta":{"_acf_changed":false},"product_brand":[],"product_cat":[70,71],"product_tag":[],"class_list":{"0":"post-3329","1":"product","2":"type-product","3":"status-publish","4":"has-post-thumbnail","6":"product_cat-erikoiselintarvikkeet-sv","7":"product_cat-vogel-sv","9":"first","10":"instock","11":"taxable","12":"shipping-taxable","13":"purchasable","14":"product-type-simple"},"acf":[],"_links":{"self":[{"href":"https:\/\/vaasanluonnonravinto.fi\/sv\/wp-json\/wp\/v2\/product\/3329","targetHints":{"allow":["GET"]}}],"collection":[{"href":"https:\/\/vaasanluonnonravinto.fi\/sv\/wp-json\/wp\/v2\/product"}],"about":[{"href":"https:\/\/vaasanluonnonravinto.fi\/sv\/wp-json\/wp\/v2\/types\/product"}],"wp:featuredmedia":[{"embeddable":true,"href":"https:\/\/vaasanluonnonravinto.fi\/sv\/wp-json\/wp\/v2\/media\/3176"}],"wp:attachment":[{"href":"https:\/\/vaasanluonnonravinto.fi\/sv\/wp-json\/wp\/v2\/media?parent=3329"}],"wp:term":[{"taxonomy":"product_brand","embeddable":true,"href":"https:\/\/vaasanluonnonravinto.fi\/sv\/wp-json\/wp\/v2\/product_brand?post=3329"},{"taxonomy":"product_cat","embeddable":true,"href":"https:\/\/vaasanluonnonravinto.fi\/sv\/wp-json\/wp\/v2\/product_cat?post=3329"},{"taxonomy":"product_tag","embeddable":true,"href":"https:\/\/vaasanluonnonravinto.fi\/sv\/wp-json\/wp\/v2\/product_tag?post=3329"}],"curies":[{"name":"wp","href":"https:\/\/api.w.org\/{rel}","templated":true}]}}