{"id":3326,"date":"2019-05-29T12:30:29","date_gmt":"2019-05-29T09:30:29","guid":{"rendered":"https:\/\/vaasanluonnonravinto.fi\/?post_type=product&#038;p=3326"},"modified":"2020-09-14T16:41:48","modified_gmt":"2020-09-14T13:41:48","slug":"vogel-avena-sativa-kauranversouute-50-ml","status":"publish","type":"product","link":"https:\/\/vaasanluonnonravinto.fi\/sv\/tuote\/vogel-avena-sativa-kauranversouute-50-ml\/","title":{"rendered":"Vogel Avena Sativa Kauranversouute 50 ml"},"content":{"rendered":"","protected":false},"excerpt":{"rendered":"<p>Vaikka kaura (Avena sativa) onkin yleinen ravintokasvi, sill\u00e4 on lis\u00e4ksi\u00a0eritt\u00e4in hy\u00f6dyllisi\u00e4, itsel\u00e4\u00e4kint\u00e4\u00e4n sopivia ominaisuuksia. Kaura sis\u00e4lt\u00e4\u00e4\u00a0monia vaikuttavia aineita kuten mm. gramiini-nimist\u00e4 alkaloidia.\u00a0Runsaimmin n\u00e4it\u00e4 kasviaineita on kasvin kukkivassa versossa, josta\u00a0Vogelin Avena sativa valmistetaan.<\/p>\n<p>&nbsp;<\/p>\n<h4>Mihin Avena sativaa voi k\u00e4ytt\u00e4\u00e4?<\/h4>\n<p>Avena sativa tasapainottaa mielt\u00e4. Sit\u00e4 k\u00e4ytet\u00e4\u00e4n tukemaan hermotoimintaa silloin, kun olo on j\u00e4nnittynyt tai\u00a0liikarasittunut. Se rauhoittaa ja auttaa nukahtamaan. Avena sativaa voi nauttia ennalta kun pelk\u00e4\u00e4 j\u00e4nnitt\u00e4mist\u00e4. Tuote on\u00a0tunnettu my\u00f6s nimell\u00e4 &#8221;j\u00e4nnitt\u00e4j\u00e4n tippa&#8221;. Voidaan k\u00e4ytt\u00e4\u00e4 ennalta esimerkiksi esiintymisj\u00e4nnitykseen.<\/p>\n<p>&nbsp;<\/p>\n<h4>Annostus<\/h4>\n<p>10-15 tippaa 3-5 kertaa p\u00e4iv\u00e4ss\u00e4 veden kera.<\/p>\n<p>&nbsp;<\/p>\n<h4>\nS\u00e4ilytysohje<\/h4>\n<p>Huoneenl\u00e4mm\u00f6ss\u00e4. Ei lasten ulottuville.<\/p>\n","protected":false},"featured_media":3194,"template":"","meta":{"_acf_changed":false},"product_brand":[],"product_cat":[73,72,71],"product_tag":[],"class_list":{"0":"post-3326","1":"product","2":"type-product","3":"status-publish","4":"has-post-thumbnail","6":"product_cat-lisaravinteet-sv","7":"product_cat-yrttivalmisteet-sv","8":"product_cat-vogel-sv","10":"first","11":"instock","12":"taxable","13":"shipping-taxable","14":"purchasable","15":"product-type-simple"},"acf":[],"_links":{"self":[{"href":"https:\/\/vaasanluonnonravinto.fi\/sv\/wp-json\/wp\/v2\/product\/3326","targetHints":{"allow":["GET"]}}],"collection":[{"href":"https:\/\/vaasanluonnonravinto.fi\/sv\/wp-json\/wp\/v2\/product"}],"about":[{"href":"https:\/\/vaasanluonnonravinto.fi\/sv\/wp-json\/wp\/v2\/types\/product"}],"wp:featuredmedia":[{"embeddable":true,"href":"https:\/\/vaasanluonnonravinto.fi\/sv\/wp-json\/wp\/v2\/media\/3194"}],"wp:attachment":[{"href":"https:\/\/vaasanluonnonravinto.fi\/sv\/wp-json\/wp\/v2\/media?parent=3326"}],"wp:term":[{"taxonomy":"product_brand","embeddable":true,"href":"https:\/\/vaasanluonnonravinto.fi\/sv\/wp-json\/wp\/v2\/product_brand?post=3326"},{"taxonomy":"product_cat","embeddable":true,"href":"https:\/\/vaasanluonnonravinto.fi\/sv\/wp-json\/wp\/v2\/product_cat?post=3326"},{"taxonomy":"product_tag","embeddable":true,"href":"https:\/\/vaasanluonnonravinto.fi\/sv\/wp-json\/wp\/v2\/product_tag?post=3326"}],"curies":[{"name":"wp","href":"https:\/\/api.w.org\/{rel}","templated":true}]}}