{"id":3324,"date":"2019-05-29T12:30:27","date_gmt":"2019-05-29T09:30:27","guid":{"rendered":"https:\/\/vaasanluonnonravinto.fi\/?post_type=product&#038;p=3324"},"modified":"2026-02-09T15:00:08","modified_gmt":"2026-02-09T13:00:08","slug":"vogel-herbamare-yrttisuolaseos-250-ml-luomu","status":"publish","type":"product","link":"https:\/\/vaasanluonnonravinto.fi\/sv\/tuote\/vogel-herbamare-yrttisuolaseos-250-ml-luomu\/","title":{"rendered":"Vogel Herbamare yrttisuolaseos 250 ml Luomu"},"content":{"rendered":"","protected":false},"excerpt":{"rendered":"<ul>\n<li>Ranskalaista merisuolaa ja 12 luomuyrtti\u00e4<\/li>\n<li>Ei lis\u00e4aineita<\/li>\n<li>Sopii kaikkeen ruoanlaittoon<\/li>\n<\/ul>\n<p>&nbsp;<\/p>\n<p>Herbamare on maukas, runsasarominen luomuyrttisuola, joka sopii l\u00e4hes kaikkeen ruoanlaittoon. Saat yhdest\u00e4 purkista makua ruokaasi helposti!<\/p>\n<p>&nbsp;<\/p>\n<p>Herbamaren merisuola ker\u00e4t\u00e4\u00e4n perinteisell\u00e4 menetelm\u00e4ll\u00e4 Etel\u00e4- Ranskasta Camarguen alueelta, josta parhaat merisuolat ovat per\u00e4isin. Merisuola puhdistetaan vedell\u00e4, eik\u00e4 sit\u00e4 valkaista tai muuten k\u00e4sitell\u00e4 kemiallisesti.Yrtit ovat puhdasta luomua.<\/p>\n<p>&nbsp;<\/p>\n<p>Herbamare saa ainutlaatuisen makunsa, kun kasvit yhdistet\u00e4\u00e4n korjuutuoreina merisuolaan ja kuivataan hell\u00e4varaisesti aromit s\u00e4ilytt\u00e4v\u00e4ll\u00e4 menetelm\u00e4ll\u00e4. Herbamaressa on my\u00f6s luonnollista jodia sis\u00e4lt\u00e4v\u00e4\u00e4 merilev\u00e4\u00e4. Herbamare ei sis\u00e4ll\u00e4 lis\u00e4aineita.<\/p>\n<p>&nbsp;<\/p>\n<p>Raikas, tuore maku p\u00e4\u00e4see parhaiten oikeuksiinsa, kun Herbamare lis\u00e4t\u00e4\u00e4n vasta valmiiseen ruokaan, jota ei en\u00e4\u00e4 kypsennet\u00e4. Kokeile vaikka uusien perunoiden kera tai ripottele kananmunien p\u00e4\u00e4lle. Herkullista!<\/p>\n<p>&nbsp;<\/p>\n<h4>Ainesosat<\/h4>\n<p>Valmistettaessa Herbamarea siihen lis\u00e4t\u00e4\u00e4n 1 osa tuoreita yrttej\u00e4 ja 2 osaa merisuolaa. Miedossa kuivauksessa yrttien neste h\u00e4vi\u00e4\u00e4 ja merisuola sitoo itseens\u00e4 tuoreiden yrttien aromit ja hivenaineet.<\/p>\n<p>&nbsp;<\/p>\n<p>Merisuolaa 94 %, selleri\u00e4*, purjoa*, krassia*, sipulia*, ruohosipulia*, persiljaa*, liperi\u00e4*, valkosipulia*, basilikaa*, meiramia*, rosmariinia*, timjamia*, merilev\u00e4\u00e4<\/p>\n<p>&nbsp;<\/p>\n<p>*luomuviljelty<\/p>\n","protected":false},"featured_media":3198,"template":"","meta":{"_acf_changed":false},"product_brand":[],"product_cat":[72,70,71],"product_tag":[],"class_list":{"0":"post-3324","1":"product","2":"type-product","3":"status-publish","4":"has-post-thumbnail","6":"product_cat-yrttivalmisteet-sv","7":"product_cat-erikoiselintarvikkeet-sv","8":"product_cat-vogel-sv","10":"first","11":"instock","12":"taxable","13":"shipping-taxable","14":"purchasable","15":"product-type-simple"},"acf":[],"_links":{"self":[{"href":"https:\/\/vaasanluonnonravinto.fi\/sv\/wp-json\/wp\/v2\/product\/3324","targetHints":{"allow":["GET"]}}],"collection":[{"href":"https:\/\/vaasanluonnonravinto.fi\/sv\/wp-json\/wp\/v2\/product"}],"about":[{"href":"https:\/\/vaasanluonnonravinto.fi\/sv\/wp-json\/wp\/v2\/types\/product"}],"wp:featuredmedia":[{"embeddable":true,"href":"https:\/\/vaasanluonnonravinto.fi\/sv\/wp-json\/wp\/v2\/media\/3198"}],"wp:attachment":[{"href":"https:\/\/vaasanluonnonravinto.fi\/sv\/wp-json\/wp\/v2\/media?parent=3324"}],"wp:term":[{"taxonomy":"product_brand","embeddable":true,"href":"https:\/\/vaasanluonnonravinto.fi\/sv\/wp-json\/wp\/v2\/product_brand?post=3324"},{"taxonomy":"product_cat","embeddable":true,"href":"https:\/\/vaasanluonnonravinto.fi\/sv\/wp-json\/wp\/v2\/product_cat?post=3324"},{"taxonomy":"product_tag","embeddable":true,"href":"https:\/\/vaasanluonnonravinto.fi\/sv\/wp-json\/wp\/v2\/product_tag?post=3324"}],"curies":[{"name":"wp","href":"https:\/\/api.w.org\/{rel}","templated":true}]}}