{"id":3318,"date":"2019-05-29T12:30:23","date_gmt":"2019-05-29T09:30:23","guid":{"rendered":"https:\/\/vaasanluonnonravinto.fi\/?post_type=product&#038;p=3318"},"modified":"2024-08-31T15:06:50","modified_gmt":"2024-08-31T12:06:50","slug":"blue-eye-64-tabl","status":"publish","type":"product","link":"https:\/\/vaasanluonnonravinto.fi\/sv\/tuote\/blue-eye-64-tabl\/","title":{"rendered":"Elexir pharma blue eye 64 tabl"},"content":{"rendered":"<div class=\"prodinfo tab tabactive\">\n<p>Sinulle jolla ik\u00e4 alkaa vaikuttaa n\u00e4k\u00f6\u00f6n on Blue Eye\u2122 hyv\u00e4 yhdiste vahvoja antioksidantteja tukemaan silm\u00e4n toimintoja ja s\u00e4ilytt\u00e4m\u00e4\u00e4n n\u00e4\u00f6n ter\u00e4vyyden korkeimmilla ik\u00e4vuosilla. Mustikasta l\u00f6ytyy paljon n\u00e4\u00f6lle t\u00e4rkeit\u00e4 antioksidantteja. Blue Eye\u2122 sis\u00e4lt\u00e4\u00e4 ruotsalaisista mustikoista saatua uutetta &#8211; luteiinia. 1 tabletti Blue Eye\u2122 antaa 37,5 mg antisyanosidereit\u00e4 joka vastaa yht\u00e4 kuppia mustikoita ja 25mg luteiinia. Luteiini on vahva antioksidantti joka kuuluu bioflavonoidien ryhm\u00e4\u00e4n ja kokoontuu silm\u00e4n keltaiseen pisteeseen verkkokalvossa. Blue Eye\u2122 sis\u00e4lt\u00e4\u00e4 jopa vahvoja antioksidantteja kuten E-vitamiini, sinkki ja seleeni.<\/p>\n<h3>Annostus<\/h3>\n<p>1 tabletti p\u00e4iv\u00e4ss\u00e4.<\/p>\n<h3>Ainesosat<\/h3>\n<p>Mustikkauute (Vaccinum myrtillus) vastaa 15g tuoreita mustukoista, luteiini keh\u00e4kukasta (Calendula officinalis), rutiini ja quercetiini tattarista (Fagopyrum esculentum), sinkkisitraatti, d-alfa-tokoferoli, salvia (salvia officinalis), seleenimetioniini. Tabletinapuaine: Maltodekstriini, inuliini, mikrokiteinen selluloosa, magnesiumstearaatti, piidioksidi.<\/p>\n<\/div>\n","protected":false},"excerpt":{"rendered":"<p>Sinulle jolla ik\u00e4 alkaa vaikuttaa n\u00e4k\u00f6\u00f6n on Blue Eye\u2122 hyv\u00e4 yhdiste vahvoja antioksidantteja tukemaan silm\u00e4n toimintoja ja s\u00e4ilytt\u00e4m\u00e4\u00e4n n\u00e4\u00f6n ter\u00e4vyyden korkeimmilla ik\u00e4vuosilla. Mustikasta l\u00f6ytyy paljon n\u00e4\u00f6lle t\u00e4rkeit\u00e4 antioksidantteja. Blue Eye\u2122 sis\u00e4lt\u00e4\u00e4 ruotsalaisista mustikoista saatua uutetta &#8211; luteiinia. 1 tabletti Blue Eye\u2122 antaa 37,5 mg antisyanosidereit\u00e4 joka vastaa yht\u00e4 kuppia mustikoita ja 25mg luteiinia. Luteiini on vahva antioksidantti joka kuuluu bioflavonoidien ryhm\u00e4\u00e4n ja kokoontuu silm\u00e4n keltaiseen pisteeseen verkkokalvossa. Blue Eye\u2122 sis\u00e4lt\u00e4\u00e4 jopa vahvoja antioksidantteja kuten E-vitamiini, sinkki ja seleeni.<\/p>\n<p>&nbsp;<\/p>\n","protected":false},"featured_media":9542,"template":"","meta":{"_acf_changed":false,"rs_blank_template":"","rs_page_bg_color":"","slide_template_v7":""},"product_brand":[],"product_cat":[140,73,76,122,77],"product_tag":[],"class_list":{"0":"post-3318","1":"product","2":"type-product","3":"status-publish","4":"has-post-thumbnail","6":"product_cat-elexir-pharma-sv","7":"product_cat-lisaravinteet-sv","8":"product_cat-kivennaisvalmisteet-sv","9":"product_cat-nako-sv","10":"product_cat-vitamiinit-sv","12":"first","13":"instock","14":"taxable","15":"shipping-taxable","16":"purchasable","17":"product-type-simple"},"acf":[],"_links":{"self":[{"href":"https:\/\/vaasanluonnonravinto.fi\/sv\/wp-json\/wp\/v2\/product\/3318","targetHints":{"allow":["GET"]}}],"collection":[{"href":"https:\/\/vaasanluonnonravinto.fi\/sv\/wp-json\/wp\/v2\/product"}],"about":[{"href":"https:\/\/vaasanluonnonravinto.fi\/sv\/wp-json\/wp\/v2\/types\/product"}],"wp:featuredmedia":[{"embeddable":true,"href":"https:\/\/vaasanluonnonravinto.fi\/sv\/wp-json\/wp\/v2\/media\/9542"}],"wp:attachment":[{"href":"https:\/\/vaasanluonnonravinto.fi\/sv\/wp-json\/wp\/v2\/media?parent=3318"}],"wp:term":[{"taxonomy":"product_brand","embeddable":true,"href":"https:\/\/vaasanluonnonravinto.fi\/sv\/wp-json\/wp\/v2\/product_brand?post=3318"},{"taxonomy":"product_cat","embeddable":true,"href":"https:\/\/vaasanluonnonravinto.fi\/sv\/wp-json\/wp\/v2\/product_cat?post=3318"},{"taxonomy":"product_tag","embeddable":true,"href":"https:\/\/vaasanluonnonravinto.fi\/sv\/wp-json\/wp\/v2\/product_tag?post=3318"}],"curies":[{"name":"wp","href":"https:\/\/api.w.org\/{rel}","templated":true}]}}