{"id":3199,"date":"2019-05-29T12:30:27","date_gmt":"2019-05-29T09:30:27","guid":{"rendered":"https:\/\/vaasanluonnonravinto.fi\/?post_type=product&#038;p=3199"},"modified":"2024-11-21T12:01:10","modified_gmt":"2024-11-21T10:01:10","slug":"vogel-herbamare-vahasuolainen-kasvisliemikuutio-8-x-95-g-luomu","status":"publish","type":"product","link":"https:\/\/vaasanluonnonravinto.fi\/sv\/tuote\/vogel-herbamare-vahasuolainen-kasvisliemikuutio-8-x-95-g-luomu\/","title":{"rendered":"Vogel Herbamare v\u00e4h\u00e4suolainen kasvisliemikuutio  8 x 9,5 g Luomu"},"content":{"rendered":"<h4>Miten hiivauute eroaa synteettisest\u00e4 natriumglutamaatista?<\/h4>\n<p>Vogelin Herbamare-kasvisliemitiivisteess\u00e4 k\u00e4ytett\u00e4v\u00e4 hiivauute valmistetaan korkealaatuisesta ravintohiivasta. Se sis\u00e4lt\u00e4\u00e4 luontaisesti glutamaattihappoa, joka ei kuitenkaan ole sama asia kuin kemiallisesti valmistettu natriumglutamaatti (E621).<\/p>\n<p>&nbsp;<\/p>\n<p>Hiivauutetta k\u00e4ytet\u00e4\u00e4n kasvisliemitiivisteess\u00e4 paitsi valmistusteknisen\u00e4 (ja luonnollisena) aineena, my\u00f6s hyv\u00e4n\u00e4 B-vitamiinien l\u00e4hteen\u00e4.<\/p>\n<p>&nbsp;<\/p>\n<p>Kuluttajan kannalta on olennaista, ett\u00e4 synteettinen, lis\u00e4tty natriumglutamaatti saattaa aiheuttaa monenlaisia yliherkkyysoireita. Luontainen glutamaattihappo, jota on mm. hiivauutteessakin, ei tiett\u00e4v\u00e4sti niit\u00e4 aiheuta.<\/p>\n","protected":false},"excerpt":{"rendered":"<ul>\n<li>Luomu<\/li>\n<li>Ei lis\u00e4tty\u00e4 natriumglutamaattia<\/li>\n<li>Lis\u00e4aineeton<\/li>\n<\/ul>\n<p>&nbsp;<\/p>\n<p>Herbamare kasvisliemi on valmistettu parhaista luomuraaka-aineista. Sit\u00e4 voi k\u00e4ytt\u00e4\u00e4 kaikkeen ruoanlaittoon mm. keittoihin, pata- ja uuniruokiin, muhennoksiin, kastikkeisiin. Maukasta kasvislient\u00e4 voit nauttia my\u00f6s sellaiseenaan esim. kuurien yhteydess\u00e4! Herbamarea on saatavilla normaali- ja v\u00e4h\u00e4suolaisena vaihtoehtona.<\/p>\n<p>&nbsp;<\/p>\n<h4>Ainesosat (8 x 9,5 g , v\u00e4h\u00e4suolainen)<\/h4>\n<p>palmurasva*, raakaruokosokeri*, maltodekstriini* (maissista), merisuola, kasvikset (sipuli*, palsternakka*, porkkana*, purjosipuli*), hiivauute*, mausteet (valkosipuli*, kurkuma*, pippuri*, muskotti*), yrtit (liperi*, persilja*), siitake*, karamellisoitu sokeri*<\/p>\n<p>&nbsp;<\/p>\n<p>*)luomuviljelmilt\u00e4.<\/p>\n<p>&nbsp;<\/p>\n<h4>Ravintosis\u00e4lt\u00f6 keskim\u00e4\u00e4rin 1 dl valmista lient\u00e4:<\/h4>\n<p>energiaa 38 kJ \/ 9 kcal,<br \/>\nrasva 0,5 g,<br \/>\njosta tyydyttynytt\u00e4 rasvaa 0,3 g,<br \/>\nhiilihydraatit 0,9 g,<br \/>\njosta sokereita 0,5 g,<br \/>\nproteiinia 0, 1g,<br \/>\nsuola 0,3 g<\/p>\n","protected":false},"featured_media":3200,"template":"","meta":{"_acf_changed":false},"product_brand":[],"product_cat":[54,66,50],"product_tag":[],"class_list":{"0":"post-3199","1":"product","2":"type-product","3":"status-publish","4":"has-post-thumbnail","6":"product_cat-erikoiselintarvikkeet","7":"product_cat-vogel","8":"product_cat-yrttivalmisteet","10":"first","11":"outofstock","12":"taxable","13":"shipping-taxable","14":"purchasable","15":"product-type-simple"},"acf":[],"_links":{"self":[{"href":"https:\/\/vaasanluonnonravinto.fi\/sv\/wp-json\/wp\/v2\/product\/3199","targetHints":{"allow":["GET"]}}],"collection":[{"href":"https:\/\/vaasanluonnonravinto.fi\/sv\/wp-json\/wp\/v2\/product"}],"about":[{"href":"https:\/\/vaasanluonnonravinto.fi\/sv\/wp-json\/wp\/v2\/types\/product"}],"wp:featuredmedia":[{"embeddable":true,"href":"https:\/\/vaasanluonnonravinto.fi\/sv\/wp-json\/wp\/v2\/media\/3200"}],"wp:attachment":[{"href":"https:\/\/vaasanluonnonravinto.fi\/sv\/wp-json\/wp\/v2\/media?parent=3199"}],"wp:term":[{"taxonomy":"product_brand","embeddable":true,"href":"https:\/\/vaasanluonnonravinto.fi\/sv\/wp-json\/wp\/v2\/product_brand?post=3199"},{"taxonomy":"product_cat","embeddable":true,"href":"https:\/\/vaasanluonnonravinto.fi\/sv\/wp-json\/wp\/v2\/product_cat?post=3199"},{"taxonomy":"product_tag","embeddable":true,"href":"https:\/\/vaasanluonnonravinto.fi\/sv\/wp-json\/wp\/v2\/product_tag?post=3199"}],"curies":[{"name":"wp","href":"https:\/\/api.w.org\/{rel}","templated":true}]}}