{"id":3053,"date":"2019-05-29T12:31:14","date_gmt":"2019-05-29T09:31:14","guid":{"rendered":"https:\/\/vaasanluonnonravinto.fi\/?post_type=product&#038;p=3053"},"modified":"2024-08-31T15:04:01","modified_gmt":"2024-08-31T12:04:01","slug":"naturamedia-venajanjuuriuute-50-ml","status":"publish","type":"product","link":"https:\/\/vaasanluonnonravinto.fi\/sv\/tuote\/naturamedia-venajanjuuriuute-50-ml\/","title":{"rendered":"Naturamedia Ven\u00e4j\u00e4njuuriuute, 50 ml"},"content":{"rendered":"","protected":false},"excerpt":{"rendered":"<p>Siperian ginseng eli ven\u00e4j\u00e4njuuri on tarmoa tuovia vaikutuksia tulvillaan! Vastustuskyky\u00e4 lis\u00e4\u00e4v\u00e4 toimii adaptogeenin\u00e4 ja ven\u00e4j\u00e4njuuri auttaa sek\u00e4 kroppaa ett\u00e4 mielt\u00e4 taistelemaan varsin voittoisasti haastavissakin olosuhteissa.<\/p>\n<p>&nbsp;<\/p>\n<p>Siperian ginseng eli ven\u00e4j\u00e4njuuri auttaa skarppaamaan parantamalla keskittymiskyky\u00e4 ja kognitiivisia toimintoja.<\/p>\n<p>&nbsp;<\/p>\n<p>Verenpainettakin tasoittavana ja vastustuskyky\u00e4 vahvistavana se onkin todella monipuolisesti hyvinvointiasi tukeva valinta.<\/p>\n<p>&nbsp;<\/p>\n<h4>K\u00e4ytt\u00f6ohje<\/h4>\n<p>Aikuisille 1 ml 3 kertaa p\u00e4iv\u00e4ss\u00e4 sellaisenaan tai pienen vesim\u00e4\u00e4r\u00e4n kera.<\/p>\n","protected":false},"featured_media":3054,"template":"","meta":{"_acf_changed":false,"rs_blank_template":"","rs_page_bg_color":"","slide_template_v7":""},"product_brand":[],"product_cat":[29,41,64],"product_tag":[],"class_list":{"0":"post-3053","1":"product","2":"type-product","3":"status-publish","4":"has-post-thumbnail","6":"product_cat-lisaravinteet","7":"product_cat-muut-ravintolisat","8":"product_cat-naturamedia","10":"first","11":"instock","12":"taxable","13":"shipping-taxable","14":"purchasable","15":"product-type-simple"},"acf":[],"_links":{"self":[{"href":"https:\/\/vaasanluonnonravinto.fi\/sv\/wp-json\/wp\/v2\/product\/3053","targetHints":{"allow":["GET"]}}],"collection":[{"href":"https:\/\/vaasanluonnonravinto.fi\/sv\/wp-json\/wp\/v2\/product"}],"about":[{"href":"https:\/\/vaasanluonnonravinto.fi\/sv\/wp-json\/wp\/v2\/types\/product"}],"wp:featuredmedia":[{"embeddable":true,"href":"https:\/\/vaasanluonnonravinto.fi\/sv\/wp-json\/wp\/v2\/media\/3054"}],"wp:attachment":[{"href":"https:\/\/vaasanluonnonravinto.fi\/sv\/wp-json\/wp\/v2\/media?parent=3053"}],"wp:term":[{"taxonomy":"product_brand","embeddable":true,"href":"https:\/\/vaasanluonnonravinto.fi\/sv\/wp-json\/wp\/v2\/product_brand?post=3053"},{"taxonomy":"product_cat","embeddable":true,"href":"https:\/\/vaasanluonnonravinto.fi\/sv\/wp-json\/wp\/v2\/product_cat?post=3053"},{"taxonomy":"product_tag","embeddable":true,"href":"https:\/\/vaasanluonnonravinto.fi\/sv\/wp-json\/wp\/v2\/product_tag?post=3053"}],"curies":[{"name":"wp","href":"https:\/\/api.w.org\/{rel}","templated":true}]}}