{"id":2599,"date":"2019-05-29T12:34:09","date_gmt":"2019-05-29T09:34:09","guid":{"rendered":"https:\/\/vaasanluonnonravinto.fi\/?post_type=product&#038;p=2599"},"modified":"2025-11-27T15:08:16","modified_gmt":"2025-11-27T13:08:16","slug":"naturamedia-magnesium-400-120-kaps","status":"publish","type":"product","link":"https:\/\/vaasanluonnonravinto.fi\/sv\/tuote\/naturamedia-magnesium-400-120-kaps\/","title":{"rendered":"NaturaMedia Magnesium 400 120 kaps"},"content":{"rendered":"<h4>Vaikuttavat aineet \/ 1 kaps.:<\/h4>\n<p>Magnesium 400 mg<\/p>\n<p>&nbsp;<\/p>\n<p>Ravintolis\u00e4 ei korvaa monipuolista ja tasapainoista ruokavaliota eik\u00e4 terveit\u00e4 el\u00e4m\u00e4ntapoja.<\/p>\n","protected":false},"excerpt":{"rendered":"<h4>Magnesium 400 &#8211; Vahva magnesiumvalmiste kasvikapseleissa!<\/h4>\n<p>Magnesiumoksidi on magnesiumin luonnollinen muoto, joka ei luovuta imeytyess\u00e4\u00e4n elimist\u00f6\u00e4 rasittavia yhdisteit\u00e4, kuten er\u00e4\u00e4t kemiallisesti valmistetut magnesiumin muodot. Biosorin Magnesium 400 -kapseleissa magnesium on jauheena kasviaineista valmistetun kapselin sis\u00e4ll\u00e4. Kapseli hajoaa nopeasti vatsassa ja n\u00e4in elimist\u00f6 pystyy k\u00e4ytt\u00e4m\u00e4\u00e4n kapselin sis\u00e4lt\u00e4m\u00e4n magnesiumin parhaalla mahdollisella tavalla hy\u00f6dykseen. Yksi kapseli sis\u00e4lt\u00e4\u00e4 sopivan p\u00e4iv\u00e4annoksen normaalia ruokavaliotasi t\u00e4ydent\u00e4v\u00e4\u00e4 ja elimist\u00f6si tarvitsemaa magnesiumia.<\/p>\n<p>&nbsp;<\/p>\n<p>Magnesium on kivenn\u00e4isaine, joka:<\/p>\n<ul>\n<li>Auttaa v\u00e4hent\u00e4m\u00e4\u00e4n v\u00e4symyst\u00e4 ja uupumusta<\/li>\n<li>Edist\u00e4\u00e4 elektrolyyttitasapainoa<\/li>\n<li>Edist\u00e4\u00e4 normaalia energia-aineenvaihduntaa<\/li>\n<li>Edist\u00e4\u00e4 hermoston normaalia toimintaa<\/li>\n<li>Edist\u00e4\u00e4 lihasten normaalia toimintaa<\/li>\n<li>Edist\u00e4\u00e4 proteiinisynteesi\u00e4<\/li>\n<li>Edist\u00e4\u00e4 aivojen normaaleja psykologisia toimintoja<\/li>\n<li>Edist\u00e4\u00e4 luuston pysymist\u00e4 normaalina<\/li>\n<li>Edist\u00e4\u00e4 hampaiden pysymist\u00e4 normaaleina<\/li>\n<li>Osallistuu solujen jakautumisprosessiin<\/li>\n<\/ul>\n<p>&nbsp;<\/p>\n<h4>Sis\u00e4lt\u00f6<\/h4>\n<p>120 kapselia<\/p>\n<p>&nbsp;<\/p>\n<h4>P\u00e4iv\u00e4annos<\/h4>\n<p>1 kapseli p\u00e4iv\u00e4ss\u00e4<\/p>\n<p>&nbsp;<\/p>\n","protected":false},"featured_media":2568,"template":"","meta":{"_acf_changed":false,"rs_blank_template":"","rs_page_bg_color":"","slide_template_v7":""},"product_brand":[],"product_cat":[37,29,64],"product_tag":[],"class_list":{"0":"post-2599","1":"product","2":"type-product","3":"status-publish","4":"has-post-thumbnail","6":"product_cat-kivennaisvalmisteet","7":"product_cat-lisaravinteet","8":"product_cat-naturamedia","10":"first","11":"outofstock","12":"taxable","13":"shipping-taxable","14":"purchasable","15":"product-type-simple"},"acf":[],"_links":{"self":[{"href":"https:\/\/vaasanluonnonravinto.fi\/sv\/wp-json\/wp\/v2\/product\/2599","targetHints":{"allow":["GET"]}}],"collection":[{"href":"https:\/\/vaasanluonnonravinto.fi\/sv\/wp-json\/wp\/v2\/product"}],"about":[{"href":"https:\/\/vaasanluonnonravinto.fi\/sv\/wp-json\/wp\/v2\/types\/product"}],"wp:featuredmedia":[{"embeddable":true,"href":"https:\/\/vaasanluonnonravinto.fi\/sv\/wp-json\/wp\/v2\/media\/2568"}],"wp:attachment":[{"href":"https:\/\/vaasanluonnonravinto.fi\/sv\/wp-json\/wp\/v2\/media?parent=2599"}],"wp:term":[{"taxonomy":"product_brand","embeddable":true,"href":"https:\/\/vaasanluonnonravinto.fi\/sv\/wp-json\/wp\/v2\/product_brand?post=2599"},{"taxonomy":"product_cat","embeddable":true,"href":"https:\/\/vaasanluonnonravinto.fi\/sv\/wp-json\/wp\/v2\/product_cat?post=2599"},{"taxonomy":"product_tag","embeddable":true,"href":"https:\/\/vaasanluonnonravinto.fi\/sv\/wp-json\/wp\/v2\/product_tag?post=2599"}],"curies":[{"name":"wp","href":"https:\/\/api.w.org\/{rel}","templated":true}]}}