{"id":2594,"date":"2019-05-29T12:34:13","date_gmt":"2019-05-29T09:34:13","guid":{"rendered":"https:\/\/vaasanluonnonravinto.fi\/?post_type=product&#038;p=2594"},"modified":"2023-07-25T13:09:14","modified_gmt":"2023-07-25T10:09:14","slug":"naturamedia-e-100-mg-100-kaps","status":"publish","type":"product","link":"https:\/\/vaasanluonnonravinto.fi\/sv\/tuote\/naturamedia-e-100-mg-100-kaps\/","title":{"rendered":"NaturaMedia E 100 mg 100 kaps"},"content":{"rendered":"<h4>Vuorokausiannos sis\u00e4lt\u00e4\u00e4: 1 kaps<\/h4>\n<p>&nbsp;<\/p>\n<p>E-vitamiini &#8230;&#8230;&#8230;&#8230;&#8230;&#8230;&#8230;. 100 mg<\/p>\n<p>&nbsp;<\/p>\n<p>Ainesosat: Auringonkukka\u00f6ljy, D-alfa-tokoferoli (luonnollinen E-vitamiini, gelatiini, glyseroli.<\/p>\n<p>&nbsp;<\/p>\n<p>Ravintolis\u00e4 ei korvaa monipuolista ja tasapainoista ruokavaliota eik\u00e4 terveit\u00e4 el\u00e4m\u00e4ntapoja.<\/p>\n","protected":false},"excerpt":{"rendered":"<p>E 100 mg &#8211; luonnollista E-vitamiinia \u00f6ljykapselissa<\/p>\n<p>&nbsp;<\/p>\n<p>Yksi kapseli sis\u00e4lt\u00e4\u00e4 100 milligrammaa luonnollista E-vitamiinia, joka edist\u00e4\u00e4 solujen suojaamista hapettumisstressilt\u00e4.<\/p>\n<p>&nbsp;<\/p>\n<h4>Pakkauskoko<\/h4>\n<p>100 kapselia<\/p>\n<p>&nbsp;<\/p>\n","protected":false},"featured_media":2586,"template":"","meta":{"_acf_changed":false},"product_brand":[],"product_cat":[29,64,36],"product_tag":[],"class_list":{"0":"post-2594","1":"product","2":"type-product","3":"status-publish","4":"has-post-thumbnail","6":"product_cat-lisaravinteet","7":"product_cat-naturamedia","8":"product_cat-vitamiinit","10":"first","11":"outofstock","12":"taxable","13":"shipping-taxable","14":"purchasable","15":"product-type-simple"},"acf":[],"_links":{"self":[{"href":"https:\/\/vaasanluonnonravinto.fi\/sv\/wp-json\/wp\/v2\/product\/2594","targetHints":{"allow":["GET"]}}],"collection":[{"href":"https:\/\/vaasanluonnonravinto.fi\/sv\/wp-json\/wp\/v2\/product"}],"about":[{"href":"https:\/\/vaasanluonnonravinto.fi\/sv\/wp-json\/wp\/v2\/types\/product"}],"wp:featuredmedia":[{"embeddable":true,"href":"https:\/\/vaasanluonnonravinto.fi\/sv\/wp-json\/wp\/v2\/media\/2586"}],"wp:attachment":[{"href":"https:\/\/vaasanluonnonravinto.fi\/sv\/wp-json\/wp\/v2\/media?parent=2594"}],"wp:term":[{"taxonomy":"product_brand","embeddable":true,"href":"https:\/\/vaasanluonnonravinto.fi\/sv\/wp-json\/wp\/v2\/product_brand?post=2594"},{"taxonomy":"product_cat","embeddable":true,"href":"https:\/\/vaasanluonnonravinto.fi\/sv\/wp-json\/wp\/v2\/product_cat?post=2594"},{"taxonomy":"product_tag","embeddable":true,"href":"https:\/\/vaasanluonnonravinto.fi\/sv\/wp-json\/wp\/v2\/product_tag?post=2594"}],"curies":[{"name":"wp","href":"https:\/\/api.w.org\/{rel}","templated":true}]}}