{"id":2477,"date":"2019-03-27T10:58:31","date_gmt":"2019-03-27T08:58:31","guid":{"rendered":"https:\/\/vaasanluonnonravinto.fi\/?post_type=product&#038;p=2477"},"modified":"2026-01-13T11:37:06","modified_gmt":"2026-01-13T09:37:06","slug":"puhdistamo-super-omega-3-60-kaps","status":"publish","type":"product","link":"https:\/\/vaasanluonnonravinto.fi\/sv\/tuote\/puhdistamo-super-omega-3-60-kaps\/","title":{"rendered":"Puhdistamo KRILLI\u00d6LJY OMEGA-3 &#8211; 60 KAPS."},"content":{"rendered":"<div>\n<p>Puhdistamon Super Omega-3 on uuden sukupolven omega-3! Super Omega-3 on ainutlaatuinen valmiste markkinoilla ja tarjoaa mahdollisuuden nauttia omega-3-rasvahapoista yht\u00e4 luonnollisessa muodossa kuin ne ovat ruoka-aineissa ilman lis\u00e4- tai t\u00e4yteaineita. Omegat ovat fosfolipidi-muodossa eli niill\u00e4 on ainutlaatuisen ylivoimainen imeytyvyys ja biosaatavuus, ja onkin verrattavissa siihen jos s\u00f6isi kokonaista kalaa ja saisi omegat suoraan sielt\u00e4. Fosfolipidi-muoto mahdollistaa ainutlaatuisen imeytyvyyden ansiosta my\u00f6s omegan todellisten ja kokonaisvaltaisten hy\u00f6tyjen saamisen.<\/p>\n<p>&nbsp;<\/p>\n<p>Tavallisesti omegavalmisteet sis\u00e4lt\u00e4v\u00e4t ainoastaan omega-3-rasvahappoja. Meid\u00e4n kapselit sis\u00e4lt\u00e4v\u00e4t sen lis\u00e4ksi my\u00f6s edell\u00e4 mainittuja fosfolipidej\u00e4 sek\u00e4 koliinia ja astaksantiinia, mik\u00e4 tekee tuotteesta eritt\u00e4in vahvan ja ainutlaatuisen monipuolisen! Kapselit ovat kauniin punaisia, mik\u00e4 monia my\u00f6s ihmetytt\u00e4\u00e4: t\u00e4m\u00e4 v\u00e4ri saadaan juurikin edell\u00e4 mainitusta astaksantiinista.<\/p>\n<p>&nbsp;<\/p>\n<p>Super Omega-3 on markkinoiden ekologisin ja eettisin omega-3-valmiste. Puhdistamon Super Omega-3 valmistetaan krilli-planktonista, joka saadaan Etel\u00e4mantereen l\u00e4heisyydest\u00e4, maailman puhtaimmista vesist\u00e4 Ecoharvest-menetelm\u00e4ll\u00e4 kutsutulla tekniikalla kaukana tehtaista, saasteista ja j\u00e4tteist\u00e4. T\u00e4m\u00e4 menetelm\u00e4 minimoi niin sanotun \u2018sivusaaliin\u2019 eli muiden merenel\u00e4vien pyynnin ja sivusaalista ker\u00e4\u00e4ntyy vain murto-osa verrattuna kalanpyyntiin, joka on maailman yleisin Omega 3 -tuotteiden l\u00e4hde.<\/p>\n<p>&nbsp;<\/p>\n<p>Kuka tahansa voi kertoa tuotteidensa olevan eettisi\u00e4 ja kest\u00e4v\u00e4n kehityksen mukaisia, mutta Puhdistamon tapaan tuotteemme on sertifioitu maailman laadukkaimpana pidetyll\u00e4 kala- &amp; \u00e4yri\u00e4istuotteiden sertifikaatilla, eli MSC:ll\u00e4. T\u00e4m\u00e4n lis\u00e4ksi tuotteeseen k\u00e4ytetyt krillisaaliit ovat 100% j\u00e4ljitett\u00e4vi\u00e4.<\/p>\n<p>&nbsp;<\/p>\n<p>T\u00e4ysin laktoositon, maidoton, gluteeniton ja t\u00e4yteaineeton.<\/p>\n<p>&nbsp;<\/p>\n<h4>Suositeltu vuorokausiannos<\/h4>\n<p>2 kapselia p\u00e4iv\u00e4ss\u00e4<\/p>\n<p>&nbsp;<\/p>\n<h4>Vuorokausiannos sis\u00e4lt\u00e4\u00e4<\/h4>\n<p>Omega-3 rasvahappoja yhteens\u00e4\u00a0318,6 mg<br \/>\n&#8211; josta EPA \/ varav EPA 177 mg<br \/>\n&#8211; DHA 82,5 mg<\/p>\n<p>Fosfatidyylikoliini\u00a0 566 mg<br \/>\nKoliini\u00a0 82 mg<br \/>\nAstaksantiini\u00a0100 \u03bcg<\/p>\n<p>&nbsp;<\/p>\n<h4>Ainesosat<\/h4>\n<p>Superba\u2122 Boost krilli\u00f6ljy. Kapseli: Kalagelatiini, glyseroli, vesi<\/p>\n<p>&nbsp;<\/p>\n<h4>S\u00e4ilytys<\/h4>\n<p>S\u00e4ilytys huoneenl\u00e4mm\u00f6ss\u00e4, kuivassa ja valolta suojattuna<\/p>\n<p>&nbsp;<\/p>\n<h4>Valmistettu<\/h4>\n<p>Suomi<\/p>\n<p>&nbsp;<\/p>\n<h4>Alkuper\u00e4maa<\/h4>\n<p>USA<\/p>\n<p>&nbsp;<\/p>\n<h4>Ravintolis\u00e4<\/h4>\n<p>Ravintolis\u00e4 ei korvaa monipuolista ja tasapainoista ruokavaliota eik\u00e4 terveit\u00e4 el\u00e4m\u00e4ntapoja. P\u00e4ivitt\u00e4ist\u00e4 annossuositusta ei tule ylitt\u00e4\u00e4. S\u00e4ilytett\u00e4v\u00e4 lasten ulottumattomissa.<\/p>\n<\/div>\n","protected":false},"excerpt":{"rendered":"<ul>\n<li>Ekologinen ja eettinen omega-3-valmiste: 100% j\u00e4ljitett\u00e4vyys<\/li>\n<li>Puhtain mahdollinen omega-3:n l\u00e4hde, fosfolipidimuotoinen<\/li>\n<li>Krillipohjainen<\/li>\n<li>Luonnollinen valmiste ilman lis\u00e4- tai t\u00e4yteaineita<\/li>\n<li>Hajuton ja mauton, helposti nielt\u00e4v\u00e4 pehmytkapseli ilman kalamaista j\u00e4lkimakua<\/li>\n<\/ul>\n","protected":false},"featured_media":2430,"template":"","meta":{"_acf_changed":false,"rs_blank_template":"","rs_page_bg_color":"","slide_template_v7":""},"product_brand":[],"product_cat":[29,53,38],"product_tag":[],"class_list":{"0":"post-2477","1":"product","2":"type-product","3":"status-publish","4":"has-post-thumbnail","6":"product_cat-lisaravinteet","7":"product_cat-puhdistamo","8":"product_cat-rasvahappo-ja-oljyvalmisteet","10":"first","11":"instock","12":"taxable","13":"shipping-taxable","14":"purchasable","15":"product-type-simple"},"acf":[],"_links":{"self":[{"href":"https:\/\/vaasanluonnonravinto.fi\/sv\/wp-json\/wp\/v2\/product\/2477","targetHints":{"allow":["GET"]}}],"collection":[{"href":"https:\/\/vaasanluonnonravinto.fi\/sv\/wp-json\/wp\/v2\/product"}],"about":[{"href":"https:\/\/vaasanluonnonravinto.fi\/sv\/wp-json\/wp\/v2\/types\/product"}],"wp:featuredmedia":[{"embeddable":true,"href":"https:\/\/vaasanluonnonravinto.fi\/sv\/wp-json\/wp\/v2\/media\/2430"}],"wp:attachment":[{"href":"https:\/\/vaasanluonnonravinto.fi\/sv\/wp-json\/wp\/v2\/media?parent=2477"}],"wp:term":[{"taxonomy":"product_brand","embeddable":true,"href":"https:\/\/vaasanluonnonravinto.fi\/sv\/wp-json\/wp\/v2\/product_brand?post=2477"},{"taxonomy":"product_cat","embeddable":true,"href":"https:\/\/vaasanluonnonravinto.fi\/sv\/wp-json\/wp\/v2\/product_cat?post=2477"},{"taxonomy":"product_tag","embeddable":true,"href":"https:\/\/vaasanluonnonravinto.fi\/sv\/wp-json\/wp\/v2\/product_tag?post=2477"}],"curies":[{"name":"wp","href":"https:\/\/api.w.org\/{rel}","templated":true}]}}