{"id":2440,"date":"2019-03-25T13:36:35","date_gmt":"2019-03-25T11:36:35","guid":{"rendered":"https:\/\/vaasanluonnonravinto.fi\/?post_type=product&#038;p=2440"},"modified":"2024-08-31T15:11:17","modified_gmt":"2024-08-31T12:11:17","slug":"terranova-magnesium-100-mg-complex-50-kaps","status":"publish","type":"product","link":"https:\/\/vaasanluonnonravinto.fi\/sv\/tuote\/terranova-magnesium-100-mg-complex-50-kaps\/","title":{"rendered":"TERRANOVA MAGNESIUM 100 MG COMPLEX 50 kaps."},"content":{"rendered":"<h4>Pakkauskoko<\/h4>\n<p>50 kapselia<\/p>\n<p>&nbsp;<\/p>\n<h4>Annostus<\/h4>\n<p>2-4 kapselia p\u00e4iv\u00e4ss\u00e4 aterian yhteydess\u00e4<\/p>\n<p>&nbsp;<\/p>\n<h4>Ravintosis\u00e4lt\u00f6, 1 kapseli:<\/h4>\n<p>MAGNIFOOD COMPLEX 275 mg<br \/>\nStabiloitu riisinlese 100 mg<br \/>\nVihre\u00e4n kauransiemen (tuorepakastekuivattu, luomu) 75 mg<br \/>\nNokkosenlehti 50 mg<br \/>\nKurpitsansiemen 50 mg<br \/>\nPyridoksaali-5-fosfaatti (P-5-P) 0.5 mg<br \/>\nMagnesium (bisglysinaatti) 100 mg<\/p>\n<p>&nbsp;<\/p>\n<p>EI SIS\u00c4LL\u00c4 LIS\u00c4AINEITA TAI S\u00c4IL\u00d6NT\u00c4AINEITA, VEHN\u00c4\u00c4, SOIJAA, HIIVAA, MAIDON AINESOSIA TAI SOKERIA. SOPII KASVISSY\u00d6JILLE JA VEGAANEILLE.<\/p>\n","protected":false},"excerpt":{"rendered":"<h4>Hyvin imeytyv\u00e4 &amp; vatsayst\u00e4v\u00e4llinen magnesium<\/h4>\n<p>Magnesium on elint\u00e4rke\u00e4 mineraali, joka on t\u00e4rke\u00e4 mm. syd\u00e4men terveydelle, hermostolle, luustolle, lihaksistolle sek\u00e4 energia-aineenvaihdunnalle.<\/p>\n<p>&nbsp;<\/p>\n<p>Terranova Magnesium 100 mg sis\u00e4lt\u00e4\u00e4 hyvin imeytyv\u00e4\u00e4 magnesiumbisglysinaattia, joka ei rasita vatsaa. Tuotteen sis\u00e4lt\u00e4m\u00e4n Magnifood Complexin yrtit ja kasvit, kuten riisinlese, kauransiemen, nokkosenlehti ja kurpitsansiemen, tehostavat magnesiumin imeytymist\u00e4, aineenvaihduntaa ja sen biologista hyv\u00e4ksik\u00e4ytett\u00e4vyytt\u00e4 elimist\u00f6ss\u00e4. Lis\u00e4ksi ne sis\u00e4lt\u00e4v\u00e4t luontaisesti runsaasti magnesiumia.<\/p>\n","protected":false},"featured_media":2091,"template":"","meta":{"_acf_changed":false},"product_brand":[],"product_cat":[37,29,51],"product_tag":[],"class_list":{"0":"post-2440","1":"product","2":"type-product","3":"status-publish","4":"has-post-thumbnail","6":"product_cat-kivennaisvalmisteet","7":"product_cat-lisaravinteet","8":"product_cat-terranova","10":"first","11":"instock","12":"taxable","13":"shipping-taxable","14":"purchasable","15":"product-type-simple"},"acf":[],"_links":{"self":[{"href":"https:\/\/vaasanluonnonravinto.fi\/sv\/wp-json\/wp\/v2\/product\/2440","targetHints":{"allow":["GET"]}}],"collection":[{"href":"https:\/\/vaasanluonnonravinto.fi\/sv\/wp-json\/wp\/v2\/product"}],"about":[{"href":"https:\/\/vaasanluonnonravinto.fi\/sv\/wp-json\/wp\/v2\/types\/product"}],"wp:featuredmedia":[{"embeddable":true,"href":"https:\/\/vaasanluonnonravinto.fi\/sv\/wp-json\/wp\/v2\/media\/2091"}],"wp:attachment":[{"href":"https:\/\/vaasanluonnonravinto.fi\/sv\/wp-json\/wp\/v2\/media?parent=2440"}],"wp:term":[{"taxonomy":"product_brand","embeddable":true,"href":"https:\/\/vaasanluonnonravinto.fi\/sv\/wp-json\/wp\/v2\/product_brand?post=2440"},{"taxonomy":"product_cat","embeddable":true,"href":"https:\/\/vaasanluonnonravinto.fi\/sv\/wp-json\/wp\/v2\/product_cat?post=2440"},{"taxonomy":"product_tag","embeddable":true,"href":"https:\/\/vaasanluonnonravinto.fi\/sv\/wp-json\/wp\/v2\/product_tag?post=2440"}],"curies":[{"name":"wp","href":"https:\/\/api.w.org\/{rel}","templated":true}]}}