{"id":22410,"date":"2026-03-05T10:22:52","date_gmt":"2026-03-05T08:22:52","guid":{"rendered":"https:\/\/vaasanluonnonravinto.fi\/?post_type=product&#038;p=22410"},"modified":"2026-03-05T10:22:52","modified_gmt":"2026-03-05T08:22:52","slug":"kurpitsansiemenoljy-luomu-kylmapuristettu-250ml","status":"publish","type":"product","link":"https:\/\/vaasanluonnonravinto.fi\/sv\/tuote\/kurpitsansiemenoljy-luomu-kylmapuristettu-250ml\/","title":{"rendered":"Kurpitsansiemen\u00f6ljy luomu kylm\u00e4puristettu 250ml"},"content":{"rendered":"","protected":false},"excerpt":{"rendered":"<p><span style=\"color: #000000;\"><span style=\"font-family: Vani, sans-serif;\"><span style=\"font-size: medium;\">Emile Noel Kurpitsansiemen\u00f6ljy, 250 ml<\/span><\/span><\/span><\/p>\n<p>&nbsp;<\/p>\n<p><span style=\"color: #000000;\"><span style=\"font-family: Vani, sans-serif;\"><span style=\"font-size: medium;\">Runsaasti lehtivihre\u00e4\u00e4 ja karoteenia sis\u00e4lt\u00e4v\u00e4 kurpitsansiemen\u00f6ljy on aromaattinen maultaan ja sis\u00e4lt\u00e4\u00e4 runsaasti omega-6-rasvahappoja. Se sopii erinomaisesti maustamaan salaatit, salaatinkastikkeet ja ruoka-annokset.<\/span><\/span><\/span><\/p>\n<p>&nbsp;<\/p>\n<p><span style=\"color: #000000;\"><span style=\"font-family: Vani, sans-serif;\"><span style=\"font-size: medium;\">Kurpitsansiemenet tutkitusti hidastavat kaljuuntumista sek\u00e4 edist\u00e4v\u00e4t virtsateiden normaalia terveytt\u00e4. \u00d6ljy sis\u00e4lt\u00e4\u00e4 my\u00f6s runsaaasti B-ryhm\u00e4n vitamiineja (B1, B2, B3, B5, B6, B8). <\/span><\/span><\/span><\/p>\n<p>&nbsp;<\/p>\n<p><span style=\"color: #000000;\"><span style=\"font-family: Vani, sans-serif;\"><span style=\"font-size: medium;\"><b>Ainesosat:<\/b> Kurpitsansiemen*<\/span><\/span><\/span><\/p>\n","protected":false},"featured_media":22411,"template":"","meta":{"_acf_changed":false},"product_brand":[],"product_cat":[149],"product_tag":[],"class_list":{"0":"post-22410","1":"product","2":"type-product","3":"status-publish","4":"has-post-thumbnail","6":"product_cat-tarjoustuotteet","8":"first","9":"instock","10":"taxable","11":"shipping-taxable","12":"purchasable","13":"product-type-simple"},"acf":[],"_links":{"self":[{"href":"https:\/\/vaasanluonnonravinto.fi\/sv\/wp-json\/wp\/v2\/product\/22410","targetHints":{"allow":["GET"]}}],"collection":[{"href":"https:\/\/vaasanluonnonravinto.fi\/sv\/wp-json\/wp\/v2\/product"}],"about":[{"href":"https:\/\/vaasanluonnonravinto.fi\/sv\/wp-json\/wp\/v2\/types\/product"}],"wp:featuredmedia":[{"embeddable":true,"href":"https:\/\/vaasanluonnonravinto.fi\/sv\/wp-json\/wp\/v2\/media\/22411"}],"wp:attachment":[{"href":"https:\/\/vaasanluonnonravinto.fi\/sv\/wp-json\/wp\/v2\/media?parent=22410"}],"wp:term":[{"taxonomy":"product_brand","embeddable":true,"href":"https:\/\/vaasanluonnonravinto.fi\/sv\/wp-json\/wp\/v2\/product_brand?post=22410"},{"taxonomy":"product_cat","embeddable":true,"href":"https:\/\/vaasanluonnonravinto.fi\/sv\/wp-json\/wp\/v2\/product_cat?post=22410"},{"taxonomy":"product_tag","embeddable":true,"href":"https:\/\/vaasanluonnonravinto.fi\/sv\/wp-json\/wp\/v2\/product_tag?post=22410"}],"curies":[{"name":"wp","href":"https:\/\/api.w.org\/{rel}","templated":true}]}}