{"id":22407,"date":"2026-03-05T10:15:07","date_gmt":"2026-03-05T08:15:07","guid":{"rendered":"https:\/\/vaasanluonnonravinto.fi\/?post_type=product&#038;p=22407"},"modified":"2026-03-05T10:15:08","modified_gmt":"2026-03-05T08:15:08","slug":"feel-vivid-kaakaojauhe-750g","status":"publish","type":"product","link":"https:\/\/vaasanluonnonravinto.fi\/sv\/tuote\/feel-vivid-kaakaojauhe-750g\/","title":{"rendered":"Feel Vivid Kaakaojauhe 750g"},"content":{"rendered":"","protected":false},"excerpt":{"rendered":"<p>Premium-kaakaojauhe Indonesiasta \u2013 Luontaisesti v\u00e4h\u00e4kadmiuminen<\/p>\n<p>\ud83c\udf3f Alkuper\u00e4 ja vastuullisuus<\/p>\n<p>Kaakaomme on per\u00e4isin huolellisesti valituilta indonesialaisilta tuottajilta, jotka panostavat korkeaan laatuun, kest\u00e4v\u00e4\u00e4n viljelyyn ja luonnon monimuotoisuuden s\u00e4ilytt\u00e4miseen.<\/p>\n<p>Toimimme pitk\u00e4aikaisen ja luotettavan toimittajan kanssa, joka tekee yhteisty\u00f6t\u00e4 suoraan paikallisten viljelij\u00f6iden kanssa varmistaen tasaisen laadun ja vastuullisen hankintaketjun.<\/p>\n<p>\ud83c\udf3f Luontaisesti v\u00e4h\u00e4kadmiuminen ja turvallinen<\/p>\n<p>Erityist\u00e4 t\u00e4ss\u00e4 kaakaossa on sen luontaisesti matala raskasmetallipitoisuus. Kaakaomme analysoidaan s\u00e4\u00e4nn\u00f6llisesti, ja sen kadmiumpitoisuus j\u00e4\u00e4 selv\u00e4sti EU:n sallittujen raja\u2011arvojen alapuolelle.<\/p>\n<p>My\u00f6s muiden seurattavien raskasmetallien, kuten lyijyn, arseenin ja elohopean, pitoisuudet ovat eritt\u00e4in alhaisia. Raskasmetallipitoisuudet vaihtelevat kaakaon alkuper\u00e4n mukaan, ja t\u00e4m\u00e4n tuotteen viljelyalue on tunnettu keskim\u00e4\u00e4r\u00e4ist\u00e4 puhtaammasta profiilistaan.<\/p>\n<p>T\u00e4m\u00e4 tekee tuotteesta poikkeuksellisen puhdasta ja turvallista p\u00e4ivitt\u00e4iseen k\u00e4ytt\u00f6\u00f6n \u2013 ilman kompromisseja maussa, ravinteissa tai aromissa.<\/p>\n","protected":false},"featured_media":22408,"template":"","meta":{"_acf_changed":false},"product_brand":[],"product_cat":[149],"product_tag":[],"class_list":{"0":"post-22407","1":"product","2":"type-product","3":"status-publish","4":"has-post-thumbnail","6":"product_cat-tarjoustuotteet","8":"first","9":"instock","10":"taxable","11":"shipping-taxable","12":"purchasable","13":"product-type-simple"},"acf":[],"_links":{"self":[{"href":"https:\/\/vaasanluonnonravinto.fi\/sv\/wp-json\/wp\/v2\/product\/22407","targetHints":{"allow":["GET"]}}],"collection":[{"href":"https:\/\/vaasanluonnonravinto.fi\/sv\/wp-json\/wp\/v2\/product"}],"about":[{"href":"https:\/\/vaasanluonnonravinto.fi\/sv\/wp-json\/wp\/v2\/types\/product"}],"wp:featuredmedia":[{"embeddable":true,"href":"https:\/\/vaasanluonnonravinto.fi\/sv\/wp-json\/wp\/v2\/media\/22408"}],"wp:attachment":[{"href":"https:\/\/vaasanluonnonravinto.fi\/sv\/wp-json\/wp\/v2\/media?parent=22407"}],"wp:term":[{"taxonomy":"product_brand","embeddable":true,"href":"https:\/\/vaasanluonnonravinto.fi\/sv\/wp-json\/wp\/v2\/product_brand?post=22407"},{"taxonomy":"product_cat","embeddable":true,"href":"https:\/\/vaasanluonnonravinto.fi\/sv\/wp-json\/wp\/v2\/product_cat?post=22407"},{"taxonomy":"product_tag","embeddable":true,"href":"https:\/\/vaasanluonnonravinto.fi\/sv\/wp-json\/wp\/v2\/product_tag?post=22407"}],"curies":[{"name":"wp","href":"https:\/\/api.w.org\/{rel}","templated":true}]}}