{"id":22403,"date":"2026-03-05T09:59:57","date_gmt":"2026-03-05T07:59:57","guid":{"rendered":"https:\/\/vaasanluonnonravinto.fi\/?post_type=product&#038;p=22403"},"modified":"2026-03-05T10:00:37","modified_gmt":"2026-03-05T08:00:37","slug":"oliivioljy-luomu-extra-neitsyt-500ml","status":"publish","type":"product","link":"https:\/\/vaasanluonnonravinto.fi\/sv\/tuote\/oliivioljy-luomu-extra-neitsyt-500ml\/","title":{"rendered":"Oliivi\u00f6ljy luomu extra neitsyt 500ml"},"content":{"rendered":"","protected":false},"excerpt":{"rendered":"<p>Oliivi\u00f6ljy<br \/>\nPuhdistamon luomulaatuinen Premium extra-neitsytoliivi\u00f6ljy valmistetaan huolella valituista oliivierist\u00e4, mik\u00e4 takaa ainutlaatuisen korkean laadun ja herkullisen maun. Taidokas ja torjunta-aineeton tuotantoprosessi L\u00e4nsi-Kreetan auringonpaahteisilla luomusertifioiduilla oliiviviljelmill\u00e4 mahdollistaa, ett\u00e4 kaikki \u00f6ljyn makuominaisuudet ja aromit ovat parhaimmillaan juuri sellaisenaan \u2013 ilman mit\u00e4\u00e4n lis\u00e4tty\u00e4 tai poistettua.<\/p>\n","protected":false},"featured_media":22404,"template":"","meta":{"_acf_changed":false},"product_brand":[],"product_cat":[149],"product_tag":[],"class_list":{"0":"post-22403","1":"product","2":"type-product","3":"status-publish","4":"has-post-thumbnail","6":"product_cat-tarjoustuotteet","8":"first","9":"instock","10":"taxable","11":"shipping-taxable","12":"purchasable","13":"product-type-simple"},"acf":[],"_links":{"self":[{"href":"https:\/\/vaasanluonnonravinto.fi\/sv\/wp-json\/wp\/v2\/product\/22403","targetHints":{"allow":["GET"]}}],"collection":[{"href":"https:\/\/vaasanluonnonravinto.fi\/sv\/wp-json\/wp\/v2\/product"}],"about":[{"href":"https:\/\/vaasanluonnonravinto.fi\/sv\/wp-json\/wp\/v2\/types\/product"}],"wp:featuredmedia":[{"embeddable":true,"href":"https:\/\/vaasanluonnonravinto.fi\/sv\/wp-json\/wp\/v2\/media\/22404"}],"wp:attachment":[{"href":"https:\/\/vaasanluonnonravinto.fi\/sv\/wp-json\/wp\/v2\/media?parent=22403"}],"wp:term":[{"taxonomy":"product_brand","embeddable":true,"href":"https:\/\/vaasanluonnonravinto.fi\/sv\/wp-json\/wp\/v2\/product_brand?post=22403"},{"taxonomy":"product_cat","embeddable":true,"href":"https:\/\/vaasanluonnonravinto.fi\/sv\/wp-json\/wp\/v2\/product_cat?post=22403"},{"taxonomy":"product_tag","embeddable":true,"href":"https:\/\/vaasanluonnonravinto.fi\/sv\/wp-json\/wp\/v2\/product_tag?post=22403"}],"curies":[{"name":"wp","href":"https:\/\/api.w.org\/{rel}","templated":true}]}}