{"id":22124,"date":"2024-10-18T10:38:33","date_gmt":"2024-10-18T07:38:33","guid":{"rendered":"https:\/\/vaasanluonnonravinto.fi\/?post_type=product&#038;p=22124"},"modified":"2024-11-01T00:37:04","modified_gmt":"2024-10-31T22:37:04","slug":"ubicaps-ubikinoli-100mgcseleeni-40kaps","status":"publish","type":"product","link":"https:\/\/vaasanluonnonravinto.fi\/sv\/tuote\/ubicaps-ubikinoli-100mgcseleeni-40kaps\/","title":{"rendered":"Ubicaps Ubikinoli 100mg+C+Seleeni 40kaps"},"content":{"rendered":"<h3 class=\"meta-title\">Ainesosat<\/h3>\n<p>Kaneka Ubiquinol<sup>\u2122<\/sup> stabiloitu jauhe P30 (arabikumi, Kaneka Ubiquinol<sup>TM<\/sup> ubikinoli, dekstriini, L-askorbiinihappo), Kasvipohjainen kapselin kuori hydroksipropyylimetyyliselluloosa, Askorbiinihappo*, Seleno-L-metioniini, Paakkuuntumisenestoaine mikrokiteinen selluloosa, Pintak\u00e4sittelyaine rasvahappojen magnesiumsuolat. \u00a0\u00a0\u00a0\u00a0 Saattaa sis\u00e4lt\u00e4\u00e4 j\u00e4\u00e4mi\u00e4 <strong>soijasta.<\/strong><\/p>\n<h3 class=\"meta-title\">Vuorokausiannos<\/h3>\n<p>Vuorokausiannos 1 kaps. sis\u00e4lt\u00e4\u00e4:<br \/>\nKaneka Ubiquinol\u2122 ubikinolia 100 mg<br \/>\nSeleeni\u00e4 100 \u00b5g (182 %)*<br \/>\nC-vitamiinia 80 mg (100 %)*<br \/>\n* vuorokautisen saannin vertailuarvosta<\/p>\n<h3 class=\"meta-title\">Annostus<\/h3>\n<p>1 kapseli p\u00e4iv\u00e4ss\u00e4 runsaan nesteen kera.<\/p>\n","protected":false},"excerpt":{"rendered":"<h1 class=\"page-title\">Ubicaps<sup>\u00ae<\/sup> Ubikinoli 100 mg + C + Seleeni<\/h1>\n<h3>Ubikinoli \u2013 C-vitamiini \u2013 seleenikapselit<\/h3>\n<ul>\n<li>Ravintolis\u00e4 \u2013 saatavana my\u00f6s verkkokaupastamme <a href=\"https:\/\/fennosan.fi\/products\/ubicaps-ubikinoli-100-mg-c-seleeni-40-kaps\">fennosan.fi<\/a><\/li>\n<li>Sis\u00e4lt\u00e4\u00e4 aktiivimuotoista ubikinolia. Lis\u00e4n\u00e4 C-vitamiinia, joka auttaa v\u00e4hent\u00e4m\u00e4\u00e4n v\u00e4symyst\u00e4 ja uupumusta. C-vitamiini ja seleeni edist\u00e4v\u00e4t solujen suojaamista hapetusstressilt\u00e4<\/li>\n<li>Urheilijoille, ik\u00e4\u00e4ntyville, v\u00e4syneille<\/li>\n<li>Laktoositon, hiivaton, gluteeniton ja vegaaninen<\/li>\n<\/ul>\n","protected":false},"featured_media":22125,"template":"","meta":{"_acf_changed":false},"product_brand":[],"product_cat":[175],"product_tag":[],"class_list":{"0":"post-22124","1":"product","2":"type-product","3":"status-publish","4":"has-post-thumbnail","6":"product_cat-hankintatukku","8":"first","9":"instock","10":"taxable","11":"shipping-taxable","12":"purchasable","13":"product-type-simple"},"acf":[],"_links":{"self":[{"href":"https:\/\/vaasanluonnonravinto.fi\/sv\/wp-json\/wp\/v2\/product\/22124","targetHints":{"allow":["GET"]}}],"collection":[{"href":"https:\/\/vaasanluonnonravinto.fi\/sv\/wp-json\/wp\/v2\/product"}],"about":[{"href":"https:\/\/vaasanluonnonravinto.fi\/sv\/wp-json\/wp\/v2\/types\/product"}],"wp:featuredmedia":[{"embeddable":true,"href":"https:\/\/vaasanluonnonravinto.fi\/sv\/wp-json\/wp\/v2\/media\/22125"}],"wp:attachment":[{"href":"https:\/\/vaasanluonnonravinto.fi\/sv\/wp-json\/wp\/v2\/media?parent=22124"}],"wp:term":[{"taxonomy":"product_brand","embeddable":true,"href":"https:\/\/vaasanluonnonravinto.fi\/sv\/wp-json\/wp\/v2\/product_brand?post=22124"},{"taxonomy":"product_cat","embeddable":true,"href":"https:\/\/vaasanluonnonravinto.fi\/sv\/wp-json\/wp\/v2\/product_cat?post=22124"},{"taxonomy":"product_tag","embeddable":true,"href":"https:\/\/vaasanluonnonravinto.fi\/sv\/wp-json\/wp\/v2\/product_tag?post=22124"}],"curies":[{"name":"wp","href":"https:\/\/api.w.org\/{rel}","templated":true}]}}