{"id":22121,"date":"2024-10-18T10:30:34","date_gmt":"2024-10-18T07:30:34","guid":{"rendered":"https:\/\/vaasanluonnonravinto.fi\/?post_type=product&#038;p=22121"},"modified":"2026-05-15T06:37:09","modified_gmt":"2026-05-15T03:37:09","slug":"bioteekki-super-stressi-ja-palautuminen-60kaps","status":"publish","type":"product","link":"https:\/\/vaasanluonnonravinto.fi\/sv\/tuote\/bioteekki-super-stressi-ja-palautuminen-60kaps\/","title":{"rendered":"Bioteekki super stressi ja palautuminen 60kaps"},"content":{"rendered":"<p><b>Bioteekin uuden Super Stressi &amp; Palautuminen<\/b> \u2013 valmisteen monipuolinen ja tarkkaan harkittu koostumus sis\u00e4lt\u00e4\u00e4 vitamiineja, yrttej\u00e4 ja kasveja, joiden ainesosat auttavat kehoasi palautumaan stressist\u00e4 ja yll\u00e4pit\u00e4m\u00e4\u00e4n ravintotasapainoa.<\/p>\n<p>Valmisteen sis\u00e4lt\u00e4m\u00e4t yrtit \u2013 niin kutsutut adaptogeenit \u2013 tukevat stressaantunutta kehoa hieman eri kulmilta, t\u00e4ydent\u00e4en toistensa vaikutusta:<\/p>\n<p>\u2022 <b>Ven\u00e4j\u00e4njuuri<\/b> &#8211; tukee palautumista ja kognitiivisia toimintoja.<br \/>\n\u2022 <b>Palsamik\u00f6ynn\u00f6s (Schisandra chinensis) &amp; Ruusujuuri<\/b>, joka tukee elimist\u00f6n sopeutumista stressaavissa tilanteissa.<\/p>\n<p>N\u00e4iden adoptogeenien vaikutus on pitk\u00e4aikainen, mik\u00e4 erottaa ne stimulanteista, kuten kahvista, joka antaa vain lyhytaikaisen energiabuustin.<\/p>\n<p>Yrttien lis\u00e4ksi valmistetta t\u00e4ydent\u00e4v\u00e4t <b>C-vitamiini ja pantoteenihappo (B5-vitamiini)<\/b>, jotka auttavat v\u00e4hent\u00e4m\u00e4\u00e4n v\u00e4symyst\u00e4 ja uupumusta. Lis\u00e4ksi C-vitamiini edist\u00e4\u00e4 koetukselle joutuneen immuunij\u00e4rjestelm\u00e4n normaalia toimintaa.<\/p>\n<p>Bioteekin Super Stressi &amp; Palautuminen \u2013 valmiste sopii kaikille hektisess\u00e4 tai stressaavassa el\u00e4m\u00e4ntilanteessa oleville, jotka haluavat energiaa ja tukea stressin ja uupumuksen tunteeseen tai stressist\u00e4 palautumiseen.<\/p>\n<p><a href=\"https:\/\/bioteekki.fi\/stressi-kuluttaa-kehoa-nain-tuet-jaksamista-ravitsemuksen-avulla\/\">Lue my\u00f6s: Stressi kuluttaa kehoa \u2013 n\u00e4in tuet jaksamista ravitsemuksen avulla<\/a><\/p>\n<p>&nbsp;<\/p>\n<hr class=\"wp-block-separator has-text-color has-alpha-channel-opacity has-background\" \/>\n<p>&nbsp;<\/p>\n<h2>HENKISEN JA FYYSISEN STRESSIN TUEKSI:<\/h2>\n<p><b>Ven\u00e4j\u00e4njuuri<\/b><\/p>\n<p>tukee palautumista ja kognitiivisia toimintoja.<\/p>\n<p><b>Ruusujuuri<\/b><\/p>\n<p>tukee elimist\u00f6n sopeutumista stressaavissa tilanteissa.<\/p>\n<p><b>Palsamik\u00f6ynn\u00f6s (Schisandra chinensis)<\/b><\/p>\n<p>tukee elimist\u00f6n sopeutumista stressaavissa tilanteissa.<\/p>\n<p><b>C-vitamiini ja pantoteenihappo (B5-vitamiini)<\/b><\/p>\n<p>auttavat v\u00e4hent\u00e4m\u00e4\u00e4n v\u00e4symyst\u00e4 ja uupumusta.<\/p>\n","protected":false},"excerpt":{"rendered":"<p>Bioteekki Super Stressi &amp; Palautuminen on ainutlaatuinen ravintolis\u00e4, joka antaa tukea henkisen ja fyysisen stressin aikana sek\u00e4 auttaa palautumisessa. Valmisteessa tehojaan antavat adaptogeenit ruusujuuri, ven\u00e4j\u00e4njuuri sek\u00e4 palsamik\u00f6ynn\u00f6s.<\/p>\n","protected":false},"featured_media":22122,"template":"","meta":{"_acf_changed":false,"rs_blank_template":"","rs_page_bg_color":"","slide_template_v7":""},"product_brand":[],"product_cat":[144,155,50],"product_tag":[],"class_list":{"0":"post-22121","1":"product","2":"type-product","3":"status-publish","4":"has-post-thumbnail","6":"product_cat-bioteekki","7":"product_cat-piristys","8":"product_cat-yrttivalmisteet","10":"first","11":"instock","12":"taxable","13":"shipping-taxable","14":"purchasable","15":"product-type-simple"},"acf":[],"_links":{"self":[{"href":"https:\/\/vaasanluonnonravinto.fi\/sv\/wp-json\/wp\/v2\/product\/22121","targetHints":{"allow":["GET"]}}],"collection":[{"href":"https:\/\/vaasanluonnonravinto.fi\/sv\/wp-json\/wp\/v2\/product"}],"about":[{"href":"https:\/\/vaasanluonnonravinto.fi\/sv\/wp-json\/wp\/v2\/types\/product"}],"wp:featuredmedia":[{"embeddable":true,"href":"https:\/\/vaasanluonnonravinto.fi\/sv\/wp-json\/wp\/v2\/media\/22122"}],"wp:attachment":[{"href":"https:\/\/vaasanluonnonravinto.fi\/sv\/wp-json\/wp\/v2\/media?parent=22121"}],"wp:term":[{"taxonomy":"product_brand","embeddable":true,"href":"https:\/\/vaasanluonnonravinto.fi\/sv\/wp-json\/wp\/v2\/product_brand?post=22121"},{"taxonomy":"product_cat","embeddable":true,"href":"https:\/\/vaasanluonnonravinto.fi\/sv\/wp-json\/wp\/v2\/product_cat?post=22121"},{"taxonomy":"product_tag","embeddable":true,"href":"https:\/\/vaasanluonnonravinto.fi\/sv\/wp-json\/wp\/v2\/product_tag?post=22121"}],"curies":[{"name":"wp","href":"https:\/\/api.w.org\/{rel}","templated":true}]}}