{"id":22117,"date":"2024-10-18T10:21:43","date_gmt":"2024-10-18T07:21:43","guid":{"rendered":"https:\/\/vaasanluonnonravinto.fi\/?post_type=product&#038;p=22117"},"modified":"2026-04-28T15:25:35","modified_gmt":"2026-04-28T12:25:35","slug":"trigut-60kaps","status":"publish","type":"product","link":"https:\/\/vaasanluonnonravinto.fi\/sv\/tuote\/trigut-60kaps\/","title":{"rendered":"Trigut 60kaps"},"content":{"rendered":"<p class=\"\">Tieteellinen ty\u00f6 triGUTin sis\u00e4lt\u00e4mill\u00e4 maitohappobakteerikannoilla on kest\u00e4nyt 30 vuotta, jonka aikana niill\u00e4 on tehty yli 1200 julkaistua tutkimusta. triGUTin sis\u00e4lt\u00e4mien maitohappobakteerikantojen v\u00e4liset suhteet perustuvat n\u00e4ihin kliinisiin tutkimuksiin.\u200b<\/p>\n<p>Ainutlaatuisen maitohappobakteeriyhdistelm\u00e4n lis\u00e4ksi triGUTissa vaikuttaa kalsium, joka tukee ruoansulatusentsyymien normaalia toimintaa sek\u00e4 D-vitamiini, joka auttaa vahvistamaan vastustuskyky\u00e4. \u200b<\/p>\n<p>Pakkauskoko 60 kapselia.<\/p>\n","protected":false},"excerpt":{"rendered":"<h4>Harmonia triGUT\u00ae<\/h4>\n<p><b>\u2013 Vihdoinkin maitohappobakteeri, jonka vaikutuksen tuntee!<\/b><\/p>\n<p><span class=\"brClass\">triGUTissa maailman tutkituimmat maitohappobakteerikannat ovat k\u00e4tev\u00e4sti samassa kapselissa. <i>Lactobacillus plantarum<\/i> DSM 9843, <i>Lactobacillus rhamnosus<\/i> GG ATC 53103, <i>Bifidobacterium lactis<\/i> BB DSM 15954 toimivat saumattomasti yhteen.<\/span><\/p>\n","protected":false},"featured_media":22118,"template":"","meta":{"_acf_changed":false},"product_brand":[],"product_cat":[183,107],"product_tag":[],"class_list":{"0":"post-22117","1":"product","2":"type-product","3":"status-publish","4":"has-post-thumbnail","6":"product_cat-harmonia","7":"product_cat-maitohappobakteerit","9":"first","10":"instock","11":"taxable","12":"shipping-taxable","13":"purchasable","14":"product-type-simple"},"acf":[],"_links":{"self":[{"href":"https:\/\/vaasanluonnonravinto.fi\/sv\/wp-json\/wp\/v2\/product\/22117","targetHints":{"allow":["GET"]}}],"collection":[{"href":"https:\/\/vaasanluonnonravinto.fi\/sv\/wp-json\/wp\/v2\/product"}],"about":[{"href":"https:\/\/vaasanluonnonravinto.fi\/sv\/wp-json\/wp\/v2\/types\/product"}],"wp:featuredmedia":[{"embeddable":true,"href":"https:\/\/vaasanluonnonravinto.fi\/sv\/wp-json\/wp\/v2\/media\/22118"}],"wp:attachment":[{"href":"https:\/\/vaasanluonnonravinto.fi\/sv\/wp-json\/wp\/v2\/media?parent=22117"}],"wp:term":[{"taxonomy":"product_brand","embeddable":true,"href":"https:\/\/vaasanluonnonravinto.fi\/sv\/wp-json\/wp\/v2\/product_brand?post=22117"},{"taxonomy":"product_cat","embeddable":true,"href":"https:\/\/vaasanluonnonravinto.fi\/sv\/wp-json\/wp\/v2\/product_cat?post=22117"},{"taxonomy":"product_tag","embeddable":true,"href":"https:\/\/vaasanluonnonravinto.fi\/sv\/wp-json\/wp\/v2\/product_tag?post=22117"}],"curies":[{"name":"wp","href":"https:\/\/api.w.org\/{rel}","templated":true}]}}