{"id":22039,"date":"2024-04-08T14:35:33","date_gmt":"2024-04-08T11:35:33","guid":{"rendered":"https:\/\/vaasanluonnonravinto.fi\/?post_type=product&#038;p=22039"},"modified":"2024-11-21T11:24:37","modified_gmt":"2024-11-21T09:24:37","slug":"30-days-waistline-120tabl","status":"publish","type":"product","link":"https:\/\/vaasanluonnonravinto.fi\/sv\/tuote\/30-days-waistline-120tabl\/","title":{"rendered":"30 Days Waistline 120tabl"},"content":{"rendered":"","protected":false},"excerpt":{"rendered":"<div class=\"rating-fav-wrapper\">\n<div class=\"favourite-button\">\n<div class=\"f1szgs5c\"><\/div>\n<\/div>\n<\/div>\n<div class=\"product-usp-item\"><span class=\"text\">Tukemaan painonhallintaa ja rasvanpolttoa.<\/span><\/div>\n<div class=\"product-usp-item\"><\/div>\n<div class=\"product-usp-item\"><span class=\"text\">Kromi edist\u00e4\u00e4 veren glukoositasojen pysymist\u00e4 normaalina.<\/span><\/div>\n<div class=\"product-usp-item\"><\/div>\n<p><span class=\"text\">Jodi edist\u00e4\u00e4 normaalia energia-aineenvaihduntaa.<\/span><\/p>\n","protected":false},"featured_media":22040,"template":"","meta":{"_acf_changed":false,"rs_blank_template":"","rs_page_bg_color":"","slide_template_v7":""},"product_brand":[],"product_cat":[39,50],"product_tag":[],"class_list":{"0":"post-22039","1":"product","2":"type-product","3":"status-publish","4":"has-post-thumbnail","6":"product_cat-painonhallintavalmisteet","7":"product_cat-yrttivalmisteet","9":"first","10":"instock","11":"taxable","12":"shipping-taxable","13":"purchasable","14":"product-type-simple"},"acf":[],"_links":{"self":[{"href":"https:\/\/vaasanluonnonravinto.fi\/sv\/wp-json\/wp\/v2\/product\/22039","targetHints":{"allow":["GET"]}}],"collection":[{"href":"https:\/\/vaasanluonnonravinto.fi\/sv\/wp-json\/wp\/v2\/product"}],"about":[{"href":"https:\/\/vaasanluonnonravinto.fi\/sv\/wp-json\/wp\/v2\/types\/product"}],"wp:featuredmedia":[{"embeddable":true,"href":"https:\/\/vaasanluonnonravinto.fi\/sv\/wp-json\/wp\/v2\/media\/22040"}],"wp:attachment":[{"href":"https:\/\/vaasanluonnonravinto.fi\/sv\/wp-json\/wp\/v2\/media?parent=22039"}],"wp:term":[{"taxonomy":"product_brand","embeddable":true,"href":"https:\/\/vaasanluonnonravinto.fi\/sv\/wp-json\/wp\/v2\/product_brand?post=22039"},{"taxonomy":"product_cat","embeddable":true,"href":"https:\/\/vaasanluonnonravinto.fi\/sv\/wp-json\/wp\/v2\/product_cat?post=22039"},{"taxonomy":"product_tag","embeddable":true,"href":"https:\/\/vaasanluonnonravinto.fi\/sv\/wp-json\/wp\/v2\/product_tag?post=22039"}],"curies":[{"name":"wp","href":"https:\/\/api.w.org\/{rel}","templated":true}]}}