{"id":21963,"date":"2024-01-09T15:47:28","date_gmt":"2024-01-09T13:47:28","guid":{"rendered":"https:\/\/vaasanluonnonravinto.fi\/?post_type=product&#038;p=21963"},"modified":"2025-08-01T00:37:07","modified_gmt":"2025-07-31T21:37:07","slug":"bioteekki-karnosiini-60kaps","status":"publish","type":"product","link":"https:\/\/vaasanluonnonravinto.fi\/sv\/tuote\/bioteekki-karnosiini-60kaps\/","title":{"rendered":"Bioteekki Karnosiini 60kaps"},"content":{"rendered":"<div class=\"elementor-element elementor-element-ed11700 elementor-widget elementor-widget-text-editor\" data-id=\"ed11700\" data-element_type=\"widget\" data-widget_type=\"text-editor.default\">\n<div class=\"elementor-widget-container\">\n<p>Ravintolis\u00e4n\u00e4 k\u00e4ytetyt aminohapot nautitaan tyhj\u00e4\u00e4n vatsaan, jotta niiden imeytyminen olisi mahdollisimman tehokasta, eiv\u00e4tk\u00e4 ne joutuisi kilpailemaan ruoan mukana tulevien aminohappojen kanssa soluihin kuljetuksesta.<\/p>\n<p><b>Mit\u00e4 aminohapot ovat ja mist\u00e4 niit\u00e4 saa?<\/b><\/p>\n<p>Ihmisess\u00e4 esiintyy yhteens\u00e4 yli 100 000 proteiinia, joiden pieni\u00e4 \u201drakennuspalikoita\u201d aminohapot ovat. Kaikki ihmisen proteiinit rakentuvat vain 20:st\u00e4 aminohaposta, joista 11:t\u00e4 keho pystyy tuottamaan itse, mutta loput 9 on saatava p\u00e4ivitt\u00e4in ravinnosta tai ravintolisist\u00e4. Ravinnon tulisi olla niin monipuolista, ett\u00e4 se turvaisi v\u00e4ltt\u00e4m\u00e4tt\u00f6mien aminohappojen saannin p\u00e4ivitt\u00e4in. Sekaravinto turvaa aminohappojen saannin parhaiten, mutta kasvikunnan proteiineja (palkokasvit, siemenet, p\u00e4hkin\u00e4t, viljatuotteet) p\u00e4ivitt\u00e4in monipuolisesti yhdistelem\u00e4ll\u00e4 voidaan turvata v\u00e4ltt\u00e4m\u00e4tt\u00f6mien aminohappojen saanti.<\/p>\n<p><b>Aminohapoille on tarvetta<\/b><\/p>\n<p>Aminohapot ovat v\u00e4ltt\u00e4m\u00e4tt\u00f6mi\u00e4 ravintoaineita, joilla on elint\u00e4rke\u00e4 merkitys ihmisen terveydelle. Rakenteellisten teht\u00e4viens\u00e4 lis\u00e4ksi aminohapoista muodostuu entsyymeit\u00e4, hormoneita ja aivojen v\u00e4litt\u00e4j\u00e4aineita. Niill\u00e4 on my\u00f6s t\u00e4rke\u00e4 rooli immuniteetissa, aineenvaihdunnassa ja liikuntasuorituskyvyss\u00e4. Aminohappoja ei turhaan kutsuta \u201cel\u00e4m\u00e4n rakennuspalikoiksi\u201d.<\/p>\n<\/div>\n<\/div>\n<div id=\"annostus\" class=\"elementor-element elementor-element-3491df9 elementor-widget elementor-widget-text-editor\" data-id=\"3491df9\" data-element_type=\"widget\" data-widget_type=\"text-editor.default\">\n<div class=\"elementor-widget-container\">1-2 kapselia p\u00e4iv\u00e4ss\u00e4 tyhj\u00e4\u00e4n vatsaan.<\/div>\n<\/div>\n<div id=\"sopivuus\" class=\"elementor-element elementor-element-294df3d elementor-widget elementor-widget-text-editor\" data-id=\"294df3d\" data-element_type=\"widget\" data-widget_type=\"text-editor.default\">\n<div class=\"elementor-widget-container\">Tuote on vegaaninen, laktoositon, gluteeniton ja hiivaton.<\/div>\n<\/div>\n","protected":false},"excerpt":{"rendered":"<p>Karnosiini on monipuolisesti terveytt\u00e4 edist\u00e4v\u00e4 kahden aminohapon (\u03b2-alaniinin ja histidiinin) muodostama valkuaisaine eli dipeptidi, jota ihmisess\u00e4 on luonnostaan muun muassa lihaksistossa, maksassa ja aivoissa. Suomessa valmistettu Bioteekki Karnosiini 400 mg on pitk\u00e4vaikutteinen, vatsayst\u00e4v\u00e4llinen ja helposti nielt\u00e4v\u00e4 valmiste.<\/p>\n","protected":false},"featured_media":21964,"template":"","meta":{"_acf_changed":false,"rs_blank_template":"","rs_page_bg_color":"","slide_template_v7":""},"product_brand":[],"product_cat":[144],"product_tag":[],"class_list":{"0":"post-21963","1":"product","2":"type-product","3":"status-publish","4":"has-post-thumbnail","6":"product_cat-bioteekki","8":"first","9":"instock","10":"taxable","11":"shipping-taxable","12":"purchasable","13":"product-type-simple"},"acf":[],"_links":{"self":[{"href":"https:\/\/vaasanluonnonravinto.fi\/sv\/wp-json\/wp\/v2\/product\/21963","targetHints":{"allow":["GET"]}}],"collection":[{"href":"https:\/\/vaasanluonnonravinto.fi\/sv\/wp-json\/wp\/v2\/product"}],"about":[{"href":"https:\/\/vaasanluonnonravinto.fi\/sv\/wp-json\/wp\/v2\/types\/product"}],"wp:featuredmedia":[{"embeddable":true,"href":"https:\/\/vaasanluonnonravinto.fi\/sv\/wp-json\/wp\/v2\/media\/21964"}],"wp:attachment":[{"href":"https:\/\/vaasanluonnonravinto.fi\/sv\/wp-json\/wp\/v2\/media?parent=21963"}],"wp:term":[{"taxonomy":"product_brand","embeddable":true,"href":"https:\/\/vaasanluonnonravinto.fi\/sv\/wp-json\/wp\/v2\/product_brand?post=21963"},{"taxonomy":"product_cat","embeddable":true,"href":"https:\/\/vaasanluonnonravinto.fi\/sv\/wp-json\/wp\/v2\/product_cat?post=21963"},{"taxonomy":"product_tag","embeddable":true,"href":"https:\/\/vaasanluonnonravinto.fi\/sv\/wp-json\/wp\/v2\/product_tag?post=21963"}],"curies":[{"name":"wp","href":"https:\/\/api.w.org\/{rel}","templated":true}]}}