{"id":21856,"date":"2023-09-07T12:21:13","date_gmt":"2023-09-07T09:21:13","guid":{"rendered":"https:\/\/vaasanluonnonravinto.fi\/?post_type=product&#038;p=21856"},"modified":"2023-10-01T00:24:04","modified_gmt":"2023-09-30T21:24:04","slug":"solgar-korean-ginseng-50mg","status":"publish","type":"product","link":"https:\/\/vaasanluonnonravinto.fi\/sv\/tuote\/solgar-korean-ginseng-50mg\/","title":{"rendered":"Solgar Korean Ginseng 50kaps"},"content":{"rendered":"<p><strong>Elinvoimaa lis\u00e4\u00e4v\u00e4 Korean Ginseng on terhakoittavan tehokas yrttivalmiste, joka on pakattu vegaaneillekin sopiviin selluloosakapseleihin.<\/strong><\/p>\n<p>Pakkauskoko 50 kapselia.<\/p>\n<p><strong>Suositeltu annostus:<\/strong> 1 kapseli p\u00e4iv\u00e4ss\u00e4 ruokailun yhteydess\u00e4.<\/p>\n<p><strong>Aktiiviset ainesosat (1 kapseli): Korean ginseng (Panax qinseng) juurijauhe 500 mg, Korean ginseng juuriuute (4:1) 20 mg<\/strong><\/p>\n<p><strong>Muuta huomioitavaa:<\/strong> Ei suositella raskaana oleville.<\/p>\n","protected":false},"excerpt":{"rendered":"<p>Solgar\u00ae Korean Ginseng sis\u00e4lt\u00e4\u00e4 korealaista alkuper\u00e4\u00e4 olevaa ginsengjuurijauhetta ja -uutetta. Ginsengin tiedet\u00e4\u00e4n auttavan parantamaan keskittymist\u00e4 sek\u00e4 antavan energiaa ja elinvoimaa.<\/p>\n","protected":false},"featured_media":21857,"template":"","meta":{"_acf_changed":false,"rs_blank_template":"","rs_page_bg_color":"","slide_template_v7":""},"product_brand":[],"product_cat":[155,48],"product_tag":[],"class_list":{"0":"post-21856","1":"product","2":"type-product","3":"status-publish","4":"has-post-thumbnail","6":"product_cat-piristys","7":"product_cat-solgar","9":"first","10":"instock","11":"taxable","12":"shipping-taxable","13":"purchasable","14":"product-type-simple"},"acf":[],"_links":{"self":[{"href":"https:\/\/vaasanluonnonravinto.fi\/sv\/wp-json\/wp\/v2\/product\/21856","targetHints":{"allow":["GET"]}}],"collection":[{"href":"https:\/\/vaasanluonnonravinto.fi\/sv\/wp-json\/wp\/v2\/product"}],"about":[{"href":"https:\/\/vaasanluonnonravinto.fi\/sv\/wp-json\/wp\/v2\/types\/product"}],"wp:featuredmedia":[{"embeddable":true,"href":"https:\/\/vaasanluonnonravinto.fi\/sv\/wp-json\/wp\/v2\/media\/21857"}],"wp:attachment":[{"href":"https:\/\/vaasanluonnonravinto.fi\/sv\/wp-json\/wp\/v2\/media?parent=21856"}],"wp:term":[{"taxonomy":"product_brand","embeddable":true,"href":"https:\/\/vaasanluonnonravinto.fi\/sv\/wp-json\/wp\/v2\/product_brand?post=21856"},{"taxonomy":"product_cat","embeddable":true,"href":"https:\/\/vaasanluonnonravinto.fi\/sv\/wp-json\/wp\/v2\/product_cat?post=21856"},{"taxonomy":"product_tag","embeddable":true,"href":"https:\/\/vaasanluonnonravinto.fi\/sv\/wp-json\/wp\/v2\/product_tag?post=21856"}],"curies":[{"name":"wp","href":"https:\/\/api.w.org\/{rel}","templated":true}]}}