{"id":21853,"date":"2023-09-07T12:17:00","date_gmt":"2023-09-07T09:17:00","guid":{"rendered":"https:\/\/vaasanluonnonravinto.fi\/?post_type=product&#038;p=21853"},"modified":"2026-05-15T06:37:09","modified_gmt":"2026-05-15T03:37:09","slug":"bioteekki-nac-650mgseleeni-60tabl","status":"publish","type":"product","link":"https:\/\/vaasanluonnonravinto.fi\/sv\/tuote\/bioteekki-nac-650mgseleeni-60tabl\/","title":{"rendered":"Bioteekki NAC 650mg+seleeni 60tabl"},"content":{"rendered":"<p>N-asetyylikysteiini\u00e4 sis\u00e4lt\u00e4v\u00e4 ravintolis\u00e4<\/p>\n<p>&nbsp;<\/p>\n<h5><b>Annostelu:<\/b><\/h5>\n<p>&nbsp;<\/p>\n<p>1 tabletti p\u00e4iv\u00e4ss\u00e4 tyhj\u00e4\u00e4n vatsaan<\/p>\n<p>&nbsp;<\/p>\n<h5><b>Sis\u00e4lt\u00f6:<\/b><\/h5>\n<p>&nbsp;<\/p>\n<p>1\u00a0 tabletti sis\u00e4lt\u00e4\u00e4 N-asetyyli-L-kysteiinia 650 mg ja seleenia 8,25 \u00b5g (15%)* *% Vuorokautisen saannin vertailuarvosta<\/p>\n<p>&nbsp;<\/p>\n<h5><b>Ainesosaluettelo:<\/b><\/h5>\n<p>&nbsp;<\/p>\n<p>N-asetyyli-L-kysteiini, t\u00e4yteaineet (mikrokiteinen selluloosa, hydroksipropyyliselluloosa), paakkuuntumisenestoaineet (kasviper\u00e4iset rasvahappojen magnesiumsuolat, piidioksidi), L-seleenimetioniini.<\/p>\n<p>Laktoositon, gluteeniton, hiivaton, vegaaninen.<\/p>\n<p>&nbsp;<\/p>\n<h5><b>Huomioitavaa:<\/b><\/h5>\n<p>&nbsp;<\/p>\n<p>Ei korvaa monipuolista ja tasapainoista ruokavaliota eik\u00e4 terveit\u00e4 el\u00e4m\u00e4ntapoja. Annostusta ei saa ylitt\u00e4\u00e4. Ei lasten ulottuville.<\/p>\n","protected":false},"excerpt":{"rendered":"<p>Kotimainen Bioteekki NAC sis\u00e4lt\u00e4m\u00e4 kysteiini aminohappo on rakenneosa elimist\u00f6n glutationi antioksidantille. Bioteekki NAC 650 mg sis\u00e4lt\u00e4\u00e4 nyt my\u00f6s immuniteettia vahvistavaa seleeni\u00e4. Yhdess\u00e4 hyvin imeytyv\u00e4ss\u00e4 tabletissa on 650 mg N-asetyyli-L-kysteiinia.Laktoositon. Gluteeniton. Hiivaton.<\/p>\n","protected":false},"featured_media":21854,"template":"","meta":{"_acf_changed":false,"rs_blank_template":"","rs_page_bg_color":"","slide_template_v7":""},"product_brand":[],"product_cat":[144],"product_tag":[],"class_list":{"0":"post-21853","1":"product","2":"type-product","3":"status-publish","4":"has-post-thumbnail","6":"product_cat-bioteekki","8":"first","9":"instock","10":"taxable","11":"shipping-taxable","12":"purchasable","13":"product-type-simple"},"acf":[],"_links":{"self":[{"href":"https:\/\/vaasanluonnonravinto.fi\/sv\/wp-json\/wp\/v2\/product\/21853","targetHints":{"allow":["GET"]}}],"collection":[{"href":"https:\/\/vaasanluonnonravinto.fi\/sv\/wp-json\/wp\/v2\/product"}],"about":[{"href":"https:\/\/vaasanluonnonravinto.fi\/sv\/wp-json\/wp\/v2\/types\/product"}],"wp:featuredmedia":[{"embeddable":true,"href":"https:\/\/vaasanluonnonravinto.fi\/sv\/wp-json\/wp\/v2\/media\/21854"}],"wp:attachment":[{"href":"https:\/\/vaasanluonnonravinto.fi\/sv\/wp-json\/wp\/v2\/media?parent=21853"}],"wp:term":[{"taxonomy":"product_brand","embeddable":true,"href":"https:\/\/vaasanluonnonravinto.fi\/sv\/wp-json\/wp\/v2\/product_brand?post=21853"},{"taxonomy":"product_cat","embeddable":true,"href":"https:\/\/vaasanluonnonravinto.fi\/sv\/wp-json\/wp\/v2\/product_cat?post=21853"},{"taxonomy":"product_tag","embeddable":true,"href":"https:\/\/vaasanluonnonravinto.fi\/sv\/wp-json\/wp\/v2\/product_tag?post=21853"}],"curies":[{"name":"wp","href":"https:\/\/api.w.org\/{rel}","templated":true}]}}