{"id":21843,"date":"2023-09-07T11:56:50","date_gmt":"2023-09-07T08:56:50","guid":{"rendered":"https:\/\/vaasanluonnonravinto.fi\/?post_type=product&#038;p=21843"},"modified":"2023-09-07T11:57:07","modified_gmt":"2023-09-07T08:57:07","slug":"bioteekki-l-lysiini-500mg-60tabl","status":"publish","type":"product","link":"https:\/\/vaasanluonnonravinto.fi\/sv\/tuote\/bioteekki-l-lysiini-500mg-60tabl\/","title":{"rendered":"Bioteekki L-lysiini 500mg 60tabl"},"content":{"rendered":"<p>L-Lysiini\u00e4 sis\u00e4lt\u00e4v\u00e4 ravintolis\u00e4<\/p>\n<p>&nbsp;<\/p>\n<h5><b>Annostelu:<\/b><\/h5>\n<p>&nbsp;<\/p>\n<p>1-2 tablettia p\u00e4iv\u00e4ss\u00e4.<\/p>\n<p>&nbsp;<\/p>\n<h5><b>Sis\u00e4lt\u00f6:<\/b><\/h5>\n<p>&nbsp;<\/p>\n<p>1-2 tablettia sis\u00e4lt\u00e4\u00e4 L-lysiini\u00e4 500-1000 mg<\/p>\n<p>&nbsp;<\/p>\n<h5><b>Ainesosaluettelo:<\/b><\/h5>\n<p>&nbsp;<\/p>\n<p>L-lysiinihydrokloridi, t\u00e4yteaineet (mikrokiteinen selluloosa, polyvinyylipyrrolidoni, hydroksipropyyliselluloosa), paakkuuntumisenestoaineet (kasviper\u00e4iset rasvahappojen magnesiumsuolat, piidioksidi).<\/p>\n<p>Laktoositon, gluteeniton, hiivaton, vegaaninen.<\/p>\n<p>&nbsp;<\/p>\n<h5><b>Huomioitavaa:<\/b><\/h5>\n<p>&nbsp;<\/p>\n<p>Ei korvaa monipuolista ja tasapainoista ruokavaliota eik\u00e4 terveit\u00e4 el\u00e4m\u00e4ntapoja. Annostusta ei saa ylitt\u00e4\u00e4. Ei lasten ulottuville.<\/p>\n<p>&nbsp;<\/p>\n","protected":false},"excerpt":{"rendered":"<p>Kotimainen Bioteekki L-lysiini ravintolis\u00e4. Lysiini on ihmiselle v\u00e4ltt\u00e4m\u00e4t\u00f6n aminohappo, jota on saatava ravinnosta. Helposti nielt\u00e4v\u00e4 tabletti. Valmiste soveltuu my\u00f6s vegaaneille. Laktoositon. Gluteeniton. Hiivaton.<\/p>\n<p>&nbsp;<\/p>\n","protected":false},"featured_media":21844,"template":"","meta":{"_acf_changed":false,"rs_blank_template":"","rs_page_bg_color":"","slide_template_v7":""},"product_brand":[],"product_cat":[144],"product_tag":[],"class_list":{"0":"post-21843","1":"product","2":"type-product","3":"status-publish","4":"has-post-thumbnail","6":"product_cat-bioteekki","8":"first","9":"instock","10":"taxable","11":"shipping-taxable","12":"purchasable","13":"product-type-simple"},"acf":[],"_links":{"self":[{"href":"https:\/\/vaasanluonnonravinto.fi\/sv\/wp-json\/wp\/v2\/product\/21843","targetHints":{"allow":["GET"]}}],"collection":[{"href":"https:\/\/vaasanluonnonravinto.fi\/sv\/wp-json\/wp\/v2\/product"}],"about":[{"href":"https:\/\/vaasanluonnonravinto.fi\/sv\/wp-json\/wp\/v2\/types\/product"}],"wp:featuredmedia":[{"embeddable":true,"href":"https:\/\/vaasanluonnonravinto.fi\/sv\/wp-json\/wp\/v2\/media\/21844"}],"wp:attachment":[{"href":"https:\/\/vaasanluonnonravinto.fi\/sv\/wp-json\/wp\/v2\/media?parent=21843"}],"wp:term":[{"taxonomy":"product_brand","embeddable":true,"href":"https:\/\/vaasanluonnonravinto.fi\/sv\/wp-json\/wp\/v2\/product_brand?post=21843"},{"taxonomy":"product_cat","embeddable":true,"href":"https:\/\/vaasanluonnonravinto.fi\/sv\/wp-json\/wp\/v2\/product_cat?post=21843"},{"taxonomy":"product_tag","embeddable":true,"href":"https:\/\/vaasanluonnonravinto.fi\/sv\/wp-json\/wp\/v2\/product_tag?post=21843"}],"curies":[{"name":"wp","href":"https:\/\/api.w.org\/{rel}","templated":true}]}}