{"id":21839,"date":"2023-09-07T11:53:21","date_gmt":"2023-09-07T08:53:21","guid":{"rendered":"https:\/\/vaasanluonnonravinto.fi\/?post_type=product&#038;p=21839"},"modified":"2026-05-15T06:37:09","modified_gmt":"2026-05-15T03:37:09","slug":"bioteekki-ubikinoni-q10-150mg","status":"publish","type":"product","link":"https:\/\/vaasanluonnonravinto.fi\/sv\/tuote\/bioteekki-ubikinoni-q10-150mg\/","title":{"rendered":"Bioteekki Ubikinoni Q10 150mg"},"content":{"rendered":"<h5><b>K\u00e4ytt\u00f6tarkoitus:<\/b><\/h5>\n<p>&nbsp;<\/p>\n<p>Ubikinonia sis\u00e4lt\u00e4v\u00e4 ravintolis\u00e4, 90kapselia.<\/p>\n<p>&nbsp;<\/p>\n<h5><b>Annostelu:<\/b><\/h5>\n<p>&nbsp;<\/p>\n<p>1-2 kapselia p\u00e4iv\u00e4ss\u00e4<\/p>\n<p>&nbsp;<\/p>\n<h5><b>Sis\u00e4lt\u00f6:<\/b><\/h5>\n<p>&nbsp;<\/p>\n<p>1-2 kapselia p\u00e4iv\u00e4ss\u00e4<\/p>\n<p>&nbsp;<\/p>\n<h5><b>Ainesosaluettelo:<\/b><\/h5>\n<p>&nbsp;<\/p>\n<p>Auringonkukka\u00f6ljy, ubikinoni (koentsyymi Q 10), liivate (nauta), kosteudens\u00e4ilytt\u00e4j\u00e4 (kasviper\u00e4inen glyseroli), sakeuttamisaine (piidioksidi), v\u00e4ri (sokerikul\u00f6\u00f6ri).<\/p>\n<p>Laktoositon, gluteeniton, hiivaton.<\/p>\n<p>&nbsp;<\/p>\n<h5><b>Huomioitavaa:<\/b><\/h5>\n<p>&nbsp;<\/p>\n<p>Ei korvaa monipuolista ja tasapainoista ruokavaliota eik\u00e4 terveit\u00e4 el\u00e4m\u00e4ntapoja. Annostusta ei saa ylitt\u00e4\u00e4. Ei lasten ulottuvill<\/p>\n","protected":false},"excerpt":{"rendered":"<p>Kotimainen Bioteekki Ubikinoni on vahva ubikinonivalmiste. Ubikinoni eli koentsyymi Q10 on elimist\u00f6n itse tuottama rasvaliukoinen, vitamiinin kaltainen aine. Ubikinonia voidaan ajatella elimist\u00f6n omana energial\u00e4hteen\u00e4, sill\u00e4 Ubikinonilla on t\u00e4rke\u00e4 merkitys erityisesti lihassolujen energian tuotannossa. I\u00e4n my\u00f6t\u00e4 ja kovassa rasituksessa ubikinonitasot laskevat ja kehon toiminta h\u00e4iriintyy.<\/p>\n<p>&nbsp;<\/p>\n","protected":false},"featured_media":21840,"template":"","meta":{"_acf_changed":false,"rs_blank_template":"","rs_page_bg_color":"","slide_template_v7":""},"product_brand":[],"product_cat":[144,155],"product_tag":[],"class_list":{"0":"post-21839","1":"product","2":"type-product","3":"status-publish","4":"has-post-thumbnail","6":"product_cat-bioteekki","7":"product_cat-piristys","9":"first","10":"instock","11":"taxable","12":"shipping-taxable","13":"purchasable","14":"product-type-simple"},"acf":[],"_links":{"self":[{"href":"https:\/\/vaasanluonnonravinto.fi\/sv\/wp-json\/wp\/v2\/product\/21839","targetHints":{"allow":["GET"]}}],"collection":[{"href":"https:\/\/vaasanluonnonravinto.fi\/sv\/wp-json\/wp\/v2\/product"}],"about":[{"href":"https:\/\/vaasanluonnonravinto.fi\/sv\/wp-json\/wp\/v2\/types\/product"}],"wp:featuredmedia":[{"embeddable":true,"href":"https:\/\/vaasanluonnonravinto.fi\/sv\/wp-json\/wp\/v2\/media\/21840"}],"wp:attachment":[{"href":"https:\/\/vaasanluonnonravinto.fi\/sv\/wp-json\/wp\/v2\/media?parent=21839"}],"wp:term":[{"taxonomy":"product_brand","embeddable":true,"href":"https:\/\/vaasanluonnonravinto.fi\/sv\/wp-json\/wp\/v2\/product_brand?post=21839"},{"taxonomy":"product_cat","embeddable":true,"href":"https:\/\/vaasanluonnonravinto.fi\/sv\/wp-json\/wp\/v2\/product_cat?post=21839"},{"taxonomy":"product_tag","embeddable":true,"href":"https:\/\/vaasanluonnonravinto.fi\/sv\/wp-json\/wp\/v2\/product_tag?post=21839"}],"curies":[{"name":"wp","href":"https:\/\/api.w.org\/{rel}","templated":true}]}}