{"id":21747,"date":"2023-03-27T10:01:50","date_gmt":"2023-03-27T07:01:50","guid":{"rendered":"https:\/\/vaasanluonnonravinto.fi\/?post_type=product&#038;p=21747"},"modified":"2025-09-02T15:46:15","modified_gmt":"2025-09-02T12:46:15","slug":"nutrilenk-active-60kaps","status":"publish","type":"product","link":"https:\/\/vaasanluonnonravinto.fi\/sv\/tuote\/nutrilenk-active-60kaps\/","title":{"rendered":"Nutrilenk Active 60kaps"},"content":{"rendered":"<p>NutriLenk Active on suunniteltu erityisesti aktiiviselle liikkujalle. Se soveltuu hyvin kaikenik\u00e4isille liikuntaa harrastaville, kuntoilijoille, arki- ja aktiiviliikkujille sek\u00e4 fyysisess\u00e4 ty\u00f6ss\u00e4 elimist\u00f6\u00e4\u00e4n kuluttaville. NutriLenk Active -kapselit sis\u00e4lt\u00e4v\u00e4t hyvin imeytyv\u00e4\u00e4 hydrolysoitua kukonhelttauutetta, jossa on luonnollista hyaluronihappoa. Hyaluronihappo eli hyaluronaani on vett\u00e4 sitova molekyyli kehon sidekudoksissa. Se toimii kimmoisuutta yll\u00e4pit\u00e4v\u00e4n\u00e4 aineena niveliss\u00e4 ja muissa kudoksissa.<\/p>\n","protected":false},"excerpt":{"rendered":"<p>HYALURONIA KUKONHELTASTA.<\/p>\n","protected":false},"featured_media":21748,"template":"","meta":{"_acf_changed":false},"product_brand":[],"product_cat":[184,60],"product_tag":[],"class_list":{"0":"post-21747","1":"product","2":"type-product","3":"status-publish","4":"has-post-thumbnail","6":"product_cat-mezina","7":"product_cat-nivelet","9":"first","10":"instock","11":"taxable","12":"shipping-taxable","13":"purchasable","14":"product-type-simple"},"acf":[],"_links":{"self":[{"href":"https:\/\/vaasanluonnonravinto.fi\/sv\/wp-json\/wp\/v2\/product\/21747","targetHints":{"allow":["GET"]}}],"collection":[{"href":"https:\/\/vaasanluonnonravinto.fi\/sv\/wp-json\/wp\/v2\/product"}],"about":[{"href":"https:\/\/vaasanluonnonravinto.fi\/sv\/wp-json\/wp\/v2\/types\/product"}],"wp:featuredmedia":[{"embeddable":true,"href":"https:\/\/vaasanluonnonravinto.fi\/sv\/wp-json\/wp\/v2\/media\/21748"}],"wp:attachment":[{"href":"https:\/\/vaasanluonnonravinto.fi\/sv\/wp-json\/wp\/v2\/media?parent=21747"}],"wp:term":[{"taxonomy":"product_brand","embeddable":true,"href":"https:\/\/vaasanluonnonravinto.fi\/sv\/wp-json\/wp\/v2\/product_brand?post=21747"},{"taxonomy":"product_cat","embeddable":true,"href":"https:\/\/vaasanluonnonravinto.fi\/sv\/wp-json\/wp\/v2\/product_cat?post=21747"},{"taxonomy":"product_tag","embeddable":true,"href":"https:\/\/vaasanluonnonravinto.fi\/sv\/wp-json\/wp\/v2\/product_tag?post=21747"}],"curies":[{"name":"wp","href":"https:\/\/api.w.org\/{rel}","templated":true}]}}