{"id":21739,"date":"2023-03-27T09:31:31","date_gmt":"2023-03-27T06:31:31","guid":{"rendered":"https:\/\/vaasanluonnonravinto.fi\/?post_type=product&#038;p=21739"},"modified":"2026-04-18T06:37:21","modified_gmt":"2026-04-18T03:37:21","slug":"man-power-90tabl-mezina","status":"publish","type":"product","link":"https:\/\/vaasanluonnonravinto.fi\/sv\/tuote\/man-power-90tabl-mezina\/","title":{"rendered":"Man Power 90tabl Mezina"},"content":{"rendered":"<p>Ginseng parantaa fyysist\u00e4 kuntoa ja kest\u00e4vyytt\u00e4 sek\u00e4 edist\u00e4\u00e4 seksuaalista kanssak\u00e4ymist\u00e4 vahvistamalla potenssia. Sinkki edist\u00e4\u00e4 normaalia veren testosteronitason yll\u00e4pitoa. Sis\u00e4lt\u00e4\u00e4 my\u00f6s aminohappoja. 3 tablettia p\u00e4iv\u00e4ss\u00e4, yhden kuukauden pakkaus.<\/p>\n","protected":false},"excerpt":{"rendered":"<p>AINESOSIA, JOTKA EDIST\u00c4V\u00c4T KEST\u00c4VYYTT\u00c4 JA EREKTIOTA.<\/p>\n","protected":false},"featured_media":21740,"template":"","meta":{"_acf_changed":false},"product_brand":[],"product_cat":[184,44],"product_tag":[],"class_list":{"0":"post-21739","1":"product","2":"type-product","3":"status-publish","4":"has-post-thumbnail","6":"product_cat-mezina","7":"product_cat-miehiseen-hyvinvointiin","9":"first","10":"instock","11":"taxable","12":"shipping-taxable","13":"purchasable","14":"product-type-simple"},"acf":[],"_links":{"self":[{"href":"https:\/\/vaasanluonnonravinto.fi\/sv\/wp-json\/wp\/v2\/product\/21739","targetHints":{"allow":["GET"]}}],"collection":[{"href":"https:\/\/vaasanluonnonravinto.fi\/sv\/wp-json\/wp\/v2\/product"}],"about":[{"href":"https:\/\/vaasanluonnonravinto.fi\/sv\/wp-json\/wp\/v2\/types\/product"}],"wp:featuredmedia":[{"embeddable":true,"href":"https:\/\/vaasanluonnonravinto.fi\/sv\/wp-json\/wp\/v2\/media\/21740"}],"wp:attachment":[{"href":"https:\/\/vaasanluonnonravinto.fi\/sv\/wp-json\/wp\/v2\/media?parent=21739"}],"wp:term":[{"taxonomy":"product_brand","embeddable":true,"href":"https:\/\/vaasanluonnonravinto.fi\/sv\/wp-json\/wp\/v2\/product_brand?post=21739"},{"taxonomy":"product_cat","embeddable":true,"href":"https:\/\/vaasanluonnonravinto.fi\/sv\/wp-json\/wp\/v2\/product_cat?post=21739"},{"taxonomy":"product_tag","embeddable":true,"href":"https:\/\/vaasanluonnonravinto.fi\/sv\/wp-json\/wp\/v2\/product_tag?post=21739"}],"curies":[{"name":"wp","href":"https:\/\/api.w.org\/{rel}","templated":true}]}}