{"id":21729,"date":"2023-03-27T09:19:55","date_gmt":"2023-03-27T06:19:55","guid":{"rendered":"https:\/\/vaasanluonnonravinto.fi\/?post_type=product&#038;p=21729"},"modified":"2026-04-10T13:16:56","modified_gmt":"2026-04-10T10:16:56","slug":"chello-forte-mezina-120tabl","status":"publish","type":"product","link":"https:\/\/vaasanluonnonravinto.fi\/sv\/tuote\/chello-forte-mezina-120tabl\/","title":{"rendered":"Chello Forte Mezina+B6120tabl"},"content":{"rendered":"<p>Chello Forte on kehitetty v\u00e4hent\u00e4m\u00e4\u00e4n y\u00f6hikoilua ja kuumia aaltoja, joita vaihdevuosi-ik\u00e4isill\u00e4 naisilla yleens\u00e4 esiintyy. Chello Forten puna-apila hillitsee hikoilua ja kuumia aaltoja sek\u00e4 v\u00e4hent\u00e4\u00e4 levottomuutta ja \u00e4rtyneisyytt\u00e4. Salvia yll\u00e4pit\u00e4\u00e4 hormonitasapainoa sek\u00e4 vahvistaa hiuksia, silloin kun hiustenl\u00e4ht\u00f6\u00f6n liittyy hormonaalista ep\u00e4tasapainoa. Chelloon on lis\u00e4tty B6-vitamiinia s\u00e4\u00e4telem\u00e4\u00e4n hormonitoimintaa sek\u00e4 v\u00e4hent\u00e4m\u00e4\u00e4n v\u00e4symyst\u00e4 ja uupumusta sek\u00e4 soijauutetta, joka yhdess\u00e4 puna-apilan kanssa sis\u00e4lt\u00e4\u00e4 isoflavoniksi kutsuttua kasviyhdistett\u00e4. Tuote on valmistettu ilman el\u00e4inper\u00e4isi\u00e4 ainesosia eli tuote on vegaaninen.<\/p>\n","protected":false},"excerpt":{"rendered":"<p>VAIHDEVUOSI-IK\u00c4ISILLE NAISILLE B6-VITAMIINI AUTTAA S\u00c4\u00c4TELEM\u00c4\u00c4N HORMONITOIMINTAA.<\/p>\n","protected":false},"featured_media":21717,"template":"","meta":{"_acf_changed":false},"product_brand":[],"product_cat":[62,184],"product_tag":[],"class_list":{"0":"post-21729","1":"product","2":"type-product","3":"status-publish","4":"has-post-thumbnail","6":"product_cat-menopaussi","7":"product_cat-mezina","9":"first","10":"instock","11":"sale","12":"taxable","13":"shipping-taxable","14":"purchasable","15":"product-type-simple"},"acf":[],"_links":{"self":[{"href":"https:\/\/vaasanluonnonravinto.fi\/sv\/wp-json\/wp\/v2\/product\/21729","targetHints":{"allow":["GET"]}}],"collection":[{"href":"https:\/\/vaasanluonnonravinto.fi\/sv\/wp-json\/wp\/v2\/product"}],"about":[{"href":"https:\/\/vaasanluonnonravinto.fi\/sv\/wp-json\/wp\/v2\/types\/product"}],"wp:featuredmedia":[{"embeddable":true,"href":"https:\/\/vaasanluonnonravinto.fi\/sv\/wp-json\/wp\/v2\/media\/21717"}],"wp:attachment":[{"href":"https:\/\/vaasanluonnonravinto.fi\/sv\/wp-json\/wp\/v2\/media?parent=21729"}],"wp:term":[{"taxonomy":"product_brand","embeddable":true,"href":"https:\/\/vaasanluonnonravinto.fi\/sv\/wp-json\/wp\/v2\/product_brand?post=21729"},{"taxonomy":"product_cat","embeddable":true,"href":"https:\/\/vaasanluonnonravinto.fi\/sv\/wp-json\/wp\/v2\/product_cat?post=21729"},{"taxonomy":"product_tag","embeddable":true,"href":"https:\/\/vaasanluonnonravinto.fi\/sv\/wp-json\/wp\/v2\/product_tag?post=21729"}],"curies":[{"name":"wp","href":"https:\/\/api.w.org\/{rel}","templated":true}]}}