{"id":21725,"date":"2023-03-27T09:16:41","date_gmt":"2023-03-27T06:16:41","guid":{"rendered":"https:\/\/vaasanluonnonravinto.fi\/?post_type=product&#038;p=21725"},"modified":"2026-04-18T06:37:21","modified_gmt":"2026-04-18T03:37:21","slug":"natulax-360g","status":"publish","type":"product","link":"https:\/\/vaasanluonnonravinto.fi\/sv\/tuote\/natulax-360g\/","title":{"rendered":"Natulax 360g"},"content":{"rendered":"<p>12 grammaa sikuri-inuliinia p\u00e4iv\u00e4ss\u00e4 edist\u00e4\u00e4 suolen normaalia toimintaa. Natulax sis\u00e4lt\u00e4\u00e4 kasviper\u00e4ist\u00e4 sikuri-inuliinia, joka lis\u00e4\u00e4 positiivisten bifidobakteerien m\u00e4\u00e4r\u00e4\u00e4 paksusuolessa. Se kasvattaa suolen sis\u00e4ll\u00f6n m\u00e4\u00e4r\u00e4\u00e4, mik\u00e4 vaikuttaa peristaltiikkaan stimuloivasti. Kun suolen toiminta on normaalia, suolen liikkeiden tiheys lis\u00e4\u00e4ntyy ja n\u00e4in hidasliikkeisyys lievittyy. Natulaxin maku on hieman makea. Annostus 12 grammaa p\u00e4iv\u00e4ss\u00e4 (vastaa noin ruokalusikallista)<\/p>\n","protected":false},"excerpt":{"rendered":"<p>SIKURI-INULIINI EDIST\u00c4\u00c4 NORMAALIA SUOLEN TOIMINTAA ULOSTAMISTIHEYDEN LIS\u00c4\u00c4NTYMISEN ANSIOSTA.<\/p>\n","protected":false},"featured_media":21726,"template":"","meta":{"_acf_changed":false},"product_brand":[],"product_cat":[184,40],"product_tag":[],"class_list":{"0":"post-21725","1":"product","2":"type-product","3":"status-publish","4":"has-post-thumbnail","6":"product_cat-mezina","7":"product_cat-vatsan-hyvinvointivalmisteet","9":"first","10":"instock","11":"taxable","12":"shipping-taxable","13":"purchasable","14":"product-type-simple"},"acf":[],"_links":{"self":[{"href":"https:\/\/vaasanluonnonravinto.fi\/sv\/wp-json\/wp\/v2\/product\/21725","targetHints":{"allow":["GET"]}}],"collection":[{"href":"https:\/\/vaasanluonnonravinto.fi\/sv\/wp-json\/wp\/v2\/product"}],"about":[{"href":"https:\/\/vaasanluonnonravinto.fi\/sv\/wp-json\/wp\/v2\/types\/product"}],"wp:featuredmedia":[{"embeddable":true,"href":"https:\/\/vaasanluonnonravinto.fi\/sv\/wp-json\/wp\/v2\/media\/21726"}],"wp:attachment":[{"href":"https:\/\/vaasanluonnonravinto.fi\/sv\/wp-json\/wp\/v2\/media?parent=21725"}],"wp:term":[{"taxonomy":"product_brand","embeddable":true,"href":"https:\/\/vaasanluonnonravinto.fi\/sv\/wp-json\/wp\/v2\/product_brand?post=21725"},{"taxonomy":"product_cat","embeddable":true,"href":"https:\/\/vaasanluonnonravinto.fi\/sv\/wp-json\/wp\/v2\/product_cat?post=21725"},{"taxonomy":"product_tag","embeddable":true,"href":"https:\/\/vaasanluonnonravinto.fi\/sv\/wp-json\/wp\/v2\/product_tag?post=21725"}],"curies":[{"name":"wp","href":"https:\/\/api.w.org\/{rel}","templated":true}]}}