{"id":21698,"date":"2023-03-08T17:15:07","date_gmt":"2023-03-08T15:15:07","guid":{"rendered":"https:\/\/vaasanluonnonravinto.fi\/?post_type=product&#038;p=21698"},"modified":"2023-08-28T15:11:00","modified_gmt":"2023-08-28T12:11:00","slug":"vitatabs-laktoferriinic-40kaps","status":"publish","type":"product","link":"https:\/\/vaasanluonnonravinto.fi\/sv\/tuote\/vitatabs-laktoferriinic-40kaps\/","title":{"rendered":"Vitatabs Laktoferriini+C 40kaps"},"content":{"rendered":"<p>Vitatabs Laktoferriini + C: edist\u00e4m\u00e4\u00e4n raudan imeytymist\u00e4, ihon hyvinvointia sek\u00e4 vastustuskyky\u00e4 ja antioksidanttisuojaa!<\/p>\n<p>Laktoferriini on maidon luonnollinen ainesosa, joka edist\u00e4\u00e4 raudan hyv\u00e4ksik\u00e4ytett\u00e4vyytt\u00e4 sitomalla itseens\u00e4 rautaa jo suolistossa. Laktoferriini s\u00e4\u00e4telee solunsis\u00e4ist\u00e4 rautatasapainoa ja vahvistaa kehon luontaisia puolustusmekanismeja. C-vitamiini vuorostaan tukee raudan\u00a0imeytymist\u00e4, immuunij\u00e4rjestelm\u00e4n normaalia toimintaa, suojaa soluja hapetusstressilt\u00e4 sek\u00e4 auttaa v\u00e4hent\u00e4m\u00e4\u00e4n uupumusta ja v\u00e4symyst\u00e4.<\/p>\n","protected":false},"excerpt":{"rendered":"<h1 data-testid=\"product-title\">Vitatabs Laktoferriini + C<\/h1>\n<div class=\"u5g5odk\">\n<div class=\"c1rdazhb\">\n<div class=\"c19lcrtg\">\n<div class=\"c165azqd\">Laktoferriini &#8211; C-vitamiinikapselit edist\u00e4m\u00e4\u00e4n raudan imeytymist\u00e4.<\/div>\n<\/div>\n<div class=\"c19lcrtg\">\n<div class=\"c165azqd\">Ihon hyvinvointi, vastustuskyky ja antioksidanttisuoja.<\/div>\n<\/div>\n<div class=\"c19lcrtg\">\n<div class=\"c165azqd\">Gluteeniton, makeuttamaton, hiivaton<\/div>\n<\/div>\n<\/div>\n<\/div>\n","protected":false},"featured_media":21699,"template":"","meta":{"_acf_changed":false,"rs_blank_template":"","rs_page_bg_color":"","slide_template_v7":""},"product_brand":[],"product_cat":[149],"product_tag":[],"class_list":{"0":"post-21698","1":"product","2":"type-product","3":"status-publish","4":"has-post-thumbnail","6":"product_cat-tarjoustuotteet","8":"first","9":"instock","10":"taxable","11":"shipping-taxable","12":"purchasable","13":"product-type-simple"},"acf":[],"_links":{"self":[{"href":"https:\/\/vaasanluonnonravinto.fi\/sv\/wp-json\/wp\/v2\/product\/21698","targetHints":{"allow":["GET"]}}],"collection":[{"href":"https:\/\/vaasanluonnonravinto.fi\/sv\/wp-json\/wp\/v2\/product"}],"about":[{"href":"https:\/\/vaasanluonnonravinto.fi\/sv\/wp-json\/wp\/v2\/types\/product"}],"wp:featuredmedia":[{"embeddable":true,"href":"https:\/\/vaasanluonnonravinto.fi\/sv\/wp-json\/wp\/v2\/media\/21699"}],"wp:attachment":[{"href":"https:\/\/vaasanluonnonravinto.fi\/sv\/wp-json\/wp\/v2\/media?parent=21698"}],"wp:term":[{"taxonomy":"product_brand","embeddable":true,"href":"https:\/\/vaasanluonnonravinto.fi\/sv\/wp-json\/wp\/v2\/product_brand?post=21698"},{"taxonomy":"product_cat","embeddable":true,"href":"https:\/\/vaasanluonnonravinto.fi\/sv\/wp-json\/wp\/v2\/product_cat?post=21698"},{"taxonomy":"product_tag","embeddable":true,"href":"https:\/\/vaasanluonnonravinto.fi\/sv\/wp-json\/wp\/v2\/product_tag?post=21698"}],"curies":[{"name":"wp","href":"https:\/\/api.w.org\/{rel}","templated":true}]}}