{"id":21686,"date":"2023-03-08T16:49:27","date_gmt":"2023-03-08T14:49:27","guid":{"rendered":"https:\/\/vaasanluonnonravinto.fi\/?post_type=product&#038;p=21686"},"modified":"2024-10-01T00:37:14","modified_gmt":"2024-09-30T21:37:14","slug":"bio-e-vitamin-290mg-60kaps","status":"publish","type":"product","link":"https:\/\/vaasanluonnonravinto.fi\/sv\/tuote\/bio-e-vitamin-290mg-60kaps\/","title":{"rendered":"Bio-E-Vitamin 290mg 60kaps"},"content":{"rendered":"<h1 class=\"pName\">Bio-E \u2013 Hyvin imeytyv\u00e4 E-vitamiinin l\u00e4hde (tokoferoli)<\/h1>\n<h2 class=\"displayName\">Bio-E-Vitamin 290 mg<\/h2>\n<ul id=\"contentlist_ul\" class=\"contentlist\">\n<li>Vahva, luonnollinen E-vitamiini<\/li>\n<li>Edist\u00e4\u00e4 solujen suojaamista hapettumisstressilt\u00e4<\/li>\n<li>Jokainen kapseli sis\u00e4lt\u00e4\u00e4 290 mg (430 IU) E-vitamiinia d-alfa-tokoferolina<\/li>\n<li>Valmistettu farmaseuttisten laatuvaatimusten mukaisesti<\/li>\n<\/ul>\n","protected":false},"excerpt":{"rendered":"<p>Luonnon E-vitamiini. Antioksidantti, joka edist\u00e4\u00e4 solujen suojaamista hapettumisstressilt\u00e4.<\/p>\n","protected":false},"featured_media":21687,"template":"","meta":{"_acf_changed":false},"product_brand":[],"product_cat":[65,36],"product_tag":[],"class_list":{"0":"post-21686","1":"product","2":"type-product","3":"status-publish","4":"has-post-thumbnail","6":"product_cat-pharmanord","7":"product_cat-vitamiinit","9":"first","10":"instock","11":"taxable","12":"shipping-taxable","13":"purchasable","14":"product-type-simple"},"acf":[],"_links":{"self":[{"href":"https:\/\/vaasanluonnonravinto.fi\/sv\/wp-json\/wp\/v2\/product\/21686","targetHints":{"allow":["GET"]}}],"collection":[{"href":"https:\/\/vaasanluonnonravinto.fi\/sv\/wp-json\/wp\/v2\/product"}],"about":[{"href":"https:\/\/vaasanluonnonravinto.fi\/sv\/wp-json\/wp\/v2\/types\/product"}],"wp:featuredmedia":[{"embeddable":true,"href":"https:\/\/vaasanluonnonravinto.fi\/sv\/wp-json\/wp\/v2\/media\/21687"}],"wp:attachment":[{"href":"https:\/\/vaasanluonnonravinto.fi\/sv\/wp-json\/wp\/v2\/media?parent=21686"}],"wp:term":[{"taxonomy":"product_brand","embeddable":true,"href":"https:\/\/vaasanluonnonravinto.fi\/sv\/wp-json\/wp\/v2\/product_brand?post=21686"},{"taxonomy":"product_cat","embeddable":true,"href":"https:\/\/vaasanluonnonravinto.fi\/sv\/wp-json\/wp\/v2\/product_cat?post=21686"},{"taxonomy":"product_tag","embeddable":true,"href":"https:\/\/vaasanluonnonravinto.fi\/sv\/wp-json\/wp\/v2\/product_tag?post=21686"}],"curies":[{"name":"wp","href":"https:\/\/api.w.org\/{rel}","templated":true}]}}