{"id":21681,"date":"2023-03-08T11:11:07","date_gmt":"2023-03-08T09:11:07","guid":{"rendered":"https:\/\/vaasanluonnonravinto.fi\/?post_type=product&#038;p=21681"},"modified":"2026-05-12T13:40:51","modified_gmt":"2026-05-12T10:40:51","slug":"bio-selensinkki-150tabl","status":"publish","type":"product","link":"https:\/\/vaasanluonnonravinto.fi\/sv\/tuote\/bio-selensinkki-150tabl\/","title":{"rendered":"Bio-Selen+Sinkki 150tabl"},"content":{"rendered":"<p>Koko perheen antioksidanttivalmiste<br \/>\nSeleeni ja sinkki edist\u00e4v\u00e4t immuunij\u00e4rjestelm\u00e4n normaalia toimintaa<br \/>\nE-vitamiini edist\u00e4\u00e4 solujen suojaamista hapettumisstressilt\u00e4<br \/>\nA-vitamiini edist\u00e4\u00e4 ihon ja n\u00e4\u00f6n pysymist\u00e4 normaalina<br \/>\nC-vitamiini edist\u00e4\u00e4 normaalia kollageenin muodostumista luuston, ikenien, hampaiden ja rustojen normaalia toimintaa varten<br \/>\nB6-vitamiini edist\u00e4\u00e4 normaaleja psykologisia toimintoja<br \/>\nTaustalla yli 25 vuoden tuotekehitys<br \/>\nValmistettu farmaseuttisten laatuvaatimusten mukaisesti<\/p>\n<p>Suositeltu vuorokausiannos sis\u00e4lt\u00e4\u00e4: 1 tabl. 2 tabl. \u00a0 \u00a0 \u00a0 \u00a0 \u00a0 \u00a0 \u00a0 *<br \/>\nA-vitamiini 1000 \u00b5g RE 2000\u00b5g RE 125 \/ 250 %<br \/>\n(Valmisteen A-vitamiini on beetakaroteenina)<br \/>\nBeetakaroteeni 6 mg 12 mg<br \/>\nB6-vitamiini 2 mg 4 mg 143 \/ 286%<br \/>\nE-vitamiini 10 mg a-TE 20 mg a-TE 83 \/ 166%<br \/>\nC-vitamiini 60 mg 120 mg 75 \/ 150%<br \/>\nSeleeni (orgaaninen SelenoPrecise\u00ae) 50 \u00b5g 100 \u00b5g 91 \/ 182%<br \/>\nSinkki 15 mg \u00a0 \u00a0 30 mg 150 \/ 300%<br \/>\n* Vuorokautisen saannin vertailuarvosta.<\/p>\n<p>Annostus:<br \/>\n1-2 tablettia p\u00e4iv\u00e4ss\u00e4.<br \/>\nSuositeltua vuorokausiannosta ei saa ylitt\u00e4\u00e4.<\/p>\n<p>Ravintolis\u00e4ll\u00e4 ei tule korvata monipuolista ruokavaliota eik\u00e4 terveit\u00e4 el\u00e4m\u00e4ntapoja.<\/p>\n<p>Valmisteen hiiva on inaktivoitu.<\/p>\n<p>S\u00e4ilytys:<br \/>\nHuoneenl\u00e4mm\u00f6ss\u00e4, suojassa suoralta auringonvalolta.<br \/>\nS\u00e4ilyt\u00e4 tuote pienten lasten ulottumattomissa.<\/p>\n<p>90\/150 tabl. paino\/nettovikt 54\/90 g<\/p>\n<p>Ainesosat:<br \/>\nT\u00e4yteaine (mikrokiteinen selluloosa), sinkkiglukonaatti, Cvitamiini (L-askorbiinihappo), paakkuuntumisenestoaine (maltodekstriini), seleenill\u00e4 rikastettu hiiva (*SelenoPrecise\u00ae), beetakaroteeni, E-vitamiini (DL-alfa-tokoferyyliasetaatti ja -hapon sukkinaatti), pintak\u00e4sittelyaine (hydroksipropyylimetyyliselluloosa), kiinteytt\u00e4misaine (piidioksidi), paakkuuntumisenestoaine (rasvahappojen magnesiumsuolat), B6-vitamiini (pyridoksiinihydrokloridi), pintak\u00e4sittelyaine (maissiproteiini).<\/p>\n<p>* EP Patent No. 1478732.<\/p>\n<p>Lohkeilevat kynnet ja hiusten l\u00e4ht\u00f6 voivat olla merkkej\u00e4 sinkin puutteesta. Sinkki edist\u00e4\u00e4 my\u00f6s luuston pysymist\u00e4 normaalina.Seleeni on v\u00e4ltt\u00e4m\u00e4t\u00f6n hivenaine, joka tukee suurta m\u00e4\u00e4r\u00e4\u00e4 seleeniproteiineja sek\u00e4 seleenist\u00e4 riippuvia entsyymej\u00e4, jotka ovat t\u00e4rkeit\u00e4 ihmisen terveydelle. Yksi n\u00e4ist\u00e4 on glutationiperoksidaasi (GSHPx), joka yhdess\u00e4 muiden antioksidanttien kanssa suojaa kehon soluja vapaiden radikaalien aiheuttamalta hapettumisstressilt\u00e4. Tukiessaan seleenist\u00e4 riippuvaisia proteiineja (seleeniproteiineja) seleeni edist\u00e4\u00e4 mm. immuunij\u00e4rjestelm\u00e4n ja kilpirauhasen normaalia toimintaa, normaalia siitti\u00f6iden muodostusta sek\u00e4 hiusten ja kynsien pysymist\u00e4 normaalina.<\/p>\n<p>Miksi valita Bio-Selen\u00ae+Sinkki?<br \/>\nBio-Selen\u00ae+Sinkki sis\u00e4lt\u00e4\u00e4 seleeni\u00e4, joka edist\u00e4\u00e4 immuunij\u00e4rjestelm\u00e4n ja kilpirauhasen normaalia toimintaa sek\u00e4 normaalia siitti\u00f6iden muodostumista. Kilpirauhanen s\u00e4\u00e4telee solujen aineenvaihduntaa, mik\u00e4 on t\u00e4rke\u00e4\u00e4 sek\u00e4 normaalin painon yll\u00e4pit\u00e4misess\u00e4 ett\u00e4 hormonaalisen tasapainon kannalta. Bio-Selen\u00ae+Sinkki on ihanteellinen antioksidanttivalmiste, sill\u00e4 puhtaan, orgaanisen seleenin sek\u00e4 sinkin lis\u00e4ksi se sis\u00e4lt\u00e4\u00e4 my\u00f6s C- ja E-vitamiinia, jotka kaikki edist\u00e4v\u00e4t solujen suojaamista hapettumisstressilt\u00e4. Bio-Selen\u00ae+Sinkki sis\u00e4lt\u00e4\u00e4 my\u00f6s B6-vitamiinia ja beetakaroteenia. Tiedet\u00e4\u00e4n, ett\u00e4 tietyill\u00e4 alueilla maailmassa maaper\u00e4 on seleenik\u00f6yh\u00e4\u00e4, mink\u00e4 seurauksena maataloustuotteissa (mukaan lukien liha) on v\u00e4hemm\u00e4n seleeni\u00e4.<br \/>\nBio-Selen\u00ae+Sinkin seleenil\u00e4hde on Pharma Nordin patentoitu seleenihiiva SelenoPrecise\u00ae, joka sis\u00e4lt\u00e4\u00e4 seleenimetioniinia ja yli 30:t\u00e4 erilaista seleenilajia, jotta se vastaisi mahdollisimman hyvin monipuolisen ruokavalion sis\u00e4lt\u00e4mi\u00e4 seleeniyhdisteit\u00e4. SelenoPrecisesta\u00ae on dokumentoitu 88,7 %:n imeytyminen. T\u00e4m\u00e4n seleenihiivan korkea ja tasainen laatu ovat p\u00e4\u00e4asiallisia syit\u00e4 sille, ett\u00e4 se on ihanteellinen ja laajasti k\u00e4yt\u00f6ss\u00e4 tieteellisiss\u00e4 tutkimuksissa.<br \/>\nTutkijat ovat tunnistaneet noin 25\u201330 erilaista seleenist\u00e4 riippuvaa proteiinia (seleeniproteiinia), joilla on eri teht\u00e4vi\u00e4 elimist\u00f6ss\u00e4mme. N\u00e4m\u00e4 proteiinit tarvitsevat seleeni\u00e4 toimiakseen ihanteellisesti. Yksi merkitt\u00e4vimmist\u00e4 proteiineista on seleeniproteiini-P. Tutkijat ovat osoittaneet julkaistussa tutkimuksessa*, ett\u00e4 tarvitaan v\u00e4hint\u00e4\u00e4n 100 ?g seleeni\u00e4 p\u00e4ivitt\u00e4in, jotta t\u00e4m\u00e4 seleeniproteiini saavuttaa saturaatioasteensa eli kykenee toimimaan optimaalisesti.<\/p>\n<p>*McCann JC, Ames BN: Adaptive dysfunction of selenoproteins from the perspective of the triage theory: why modest selenium deficiency may increase risk of disease of aging. FASEB Journal 2011.<br \/>\nSinkki, kuten seleenikin, on hivenaine eli sit\u00e4 esiintyy ruuassa hyvin pieni\u00e4 m\u00e4\u00e4ri\u00e4 ja sit\u00e4 tarvitaan my\u00f6s ihmisen terveyden kannalta vain hieman. On kuitenkin t\u00e4rke\u00e4\u00e4 saada tarpeeksi t\u00e4t\u00e4 ravintoainetta, joka muiden toimintojen ohella edist\u00e4\u00e4 hiusten, ihon, kynsien, luuston ja n\u00e4\u00f6n pysymist\u00e4 normaalina.<\/p>\n","protected":false},"excerpt":{"rendered":"<p>Bio-Selen + Sinkki immuunij\u00e4rjestelm\u00e4n normaali toiminta<br \/>\nSinkki edist\u00e4\u00e4 immuunij\u00e4rjestelm\u00e4n toiminnan sek\u00e4 ihon, kynsien, hiusten ja n\u00e4\u00f6n pysymist\u00e4 normaalina.<\/p>\n<p>Puhdasta, orgaanista seleeni\u00e4 (SelenoPrecise\u00ae), sinkki\u00e4, beetakaroteenia sek\u00e4 B6-, C- ja E-vitamiineja<\/p>\n","protected":false},"featured_media":21682,"template":"","meta":{"_acf_changed":false,"rs_blank_template":"","rs_page_bg_color":"","slide_template_v7":""},"product_brand":[],"product_cat":[29,65,36],"product_tag":[],"class_list":{"0":"post-21681","1":"product","2":"type-product","3":"status-publish","4":"has-post-thumbnail","6":"product_cat-lisaravinteet","7":"product_cat-pharmanord","8":"product_cat-vitamiinit","10":"first","11":"instock","12":"taxable","13":"shipping-taxable","14":"purchasable","15":"product-type-simple"},"acf":[],"_links":{"self":[{"href":"https:\/\/vaasanluonnonravinto.fi\/sv\/wp-json\/wp\/v2\/product\/21681","targetHints":{"allow":["GET"]}}],"collection":[{"href":"https:\/\/vaasanluonnonravinto.fi\/sv\/wp-json\/wp\/v2\/product"}],"about":[{"href":"https:\/\/vaasanluonnonravinto.fi\/sv\/wp-json\/wp\/v2\/types\/product"}],"wp:featuredmedia":[{"embeddable":true,"href":"https:\/\/vaasanluonnonravinto.fi\/sv\/wp-json\/wp\/v2\/media\/21682"}],"wp:attachment":[{"href":"https:\/\/vaasanluonnonravinto.fi\/sv\/wp-json\/wp\/v2\/media?parent=21681"}],"wp:term":[{"taxonomy":"product_brand","embeddable":true,"href":"https:\/\/vaasanluonnonravinto.fi\/sv\/wp-json\/wp\/v2\/product_brand?post=21681"},{"taxonomy":"product_cat","embeddable":true,"href":"https:\/\/vaasanluonnonravinto.fi\/sv\/wp-json\/wp\/v2\/product_cat?post=21681"},{"taxonomy":"product_tag","embeddable":true,"href":"https:\/\/vaasanluonnonravinto.fi\/sv\/wp-json\/wp\/v2\/product_tag?post=21681"}],"curies":[{"name":"wp","href":"https:\/\/api.w.org\/{rel}","templated":true}]}}