{"id":21677,"date":"2023-03-08T10:52:56","date_gmt":"2023-03-08T08:52:56","guid":{"rendered":"https:\/\/vaasanluonnonravinto.fi\/?post_type=product&#038;p=21677"},"modified":"2026-05-15T06:37:09","modified_gmt":"2026-05-15T03:37:09","slug":"biomed-vahva-valkosipulioljykapseli","status":"publish","type":"product","link":"https:\/\/vaasanluonnonravinto.fi\/sv\/tuote\/biomed-vahva-valkosipulioljykapseli\/","title":{"rendered":"Biomed Vahva Valkosipuli\u00f6ljykapseli"},"content":{"rendered":"<p>Vahva valkosipuli\u00f6ljykapseli. Pit\u00e4\u00e4 yll\u00e4 normaalia verensokeria ja tasapainottaa normaalia verensokeria. Tukee elimist\u00f6n omaa immuunipuolustusta. Valkosipuli voi edist\u00e4\u00e4 suoliston normaalin mikrobitasapainon yll\u00e4pitoa. Auttaa yll\u00e4pit\u00e4m\u00e4\u00e4n hengitysteiden normaalia toimintaa. Auttaa yll\u00e4pit\u00e4\u00e4n maksan normaalia toimintaa. Edist\u00e4\u00e4 tilap\u00e4isen stressin sietokyky\u00e4. Antioksidanttien l\u00e4hde. Auttaa yll\u00e4pit\u00e4m\u00e4\u00e4n elimist\u00f6n antioksidatiivista kapasiteettia.<\/p>\n","protected":false},"excerpt":{"rendered":"<p>Valkosipuli tukee elimist\u00f6n omaa immuunipuolustusta.<\/p>\n<h4>Vain 1 kapseli p\u00e4iv\u00e4ss\u00e4 riitt\u00e4\u00e4.\u00a0 Pakkauksessa 3 kk annos!<\/h4>\n","protected":false},"featured_media":21678,"template":"","meta":{"_acf_changed":false,"rs_blank_template":"","rs_page_bg_color":"","slide_template_v7":""},"product_brand":[],"product_cat":[112],"product_tag":[],"class_list":{"0":"post-21677","1":"product","2":"type-product","3":"status-publish","4":"has-post-thumbnail","6":"product_cat-biomed","8":"first","9":"instock","10":"taxable","11":"shipping-taxable","12":"purchasable","13":"product-type-simple"},"acf":[],"_links":{"self":[{"href":"https:\/\/vaasanluonnonravinto.fi\/sv\/wp-json\/wp\/v2\/product\/21677","targetHints":{"allow":["GET"]}}],"collection":[{"href":"https:\/\/vaasanluonnonravinto.fi\/sv\/wp-json\/wp\/v2\/product"}],"about":[{"href":"https:\/\/vaasanluonnonravinto.fi\/sv\/wp-json\/wp\/v2\/types\/product"}],"wp:featuredmedia":[{"embeddable":true,"href":"https:\/\/vaasanluonnonravinto.fi\/sv\/wp-json\/wp\/v2\/media\/21678"}],"wp:attachment":[{"href":"https:\/\/vaasanluonnonravinto.fi\/sv\/wp-json\/wp\/v2\/media?parent=21677"}],"wp:term":[{"taxonomy":"product_brand","embeddable":true,"href":"https:\/\/vaasanluonnonravinto.fi\/sv\/wp-json\/wp\/v2\/product_brand?post=21677"},{"taxonomy":"product_cat","embeddable":true,"href":"https:\/\/vaasanluonnonravinto.fi\/sv\/wp-json\/wp\/v2\/product_cat?post=21677"},{"taxonomy":"product_tag","embeddable":true,"href":"https:\/\/vaasanluonnonravinto.fi\/sv\/wp-json\/wp\/v2\/product_tag?post=21677"}],"curies":[{"name":"wp","href":"https:\/\/api.w.org\/{rel}","templated":true}]}}