{"id":2163,"date":"2019-03-21T13:50:39","date_gmt":"2019-03-21T11:50:39","guid":{"rendered":"https:\/\/vaasanluonnonravinto.fi\/?post_type=product&#038;p=2163"},"modified":"2022-03-04T16:22:45","modified_gmt":"2022-03-04T14:22:45","slug":"solgar-ester-c-plus-500-mg-100-tabs","status":"publish","type":"product","link":"https:\/\/vaasanluonnonravinto.fi\/sv\/tuote\/solgar-ester-c-plus-500-mg-100-tabs\/","title":{"rendered":"Solgar Ester-C\u00ae-Plus 500 mg 100 kaps"},"content":{"rendered":"<h4>Aktiiviset ainesosat (1 kapseli):<\/h4>\n<p>C-vitamiini (Ester-C\u00ae, kalsiumaskorbaatti) 500 mg, 625*<br \/>\nSitrusbioflavonoideja 25 mg<br \/>\nAcerolauute (Malpighia glabra) 10 mg<br \/>\nRuusunmarjajauhe 10 mg<br \/>\nRutiini 5 mg<br \/>\n* % vuorokautisen saannin vertailuarvosta<\/p>\n<p>&nbsp;<\/p>\n<h4>Muut ainesosat<\/h4>\n<p>Kuorilo (hydroksipropyylimetyyliselluloosa), paakkuuntumisenestoaineet (rasvahappojen magnesiumsuolat, piidioksidi).<\/p>\n<p>C-vitamiinin hyv\u00e4ksytyt terveysv\u00e4itt\u00e4m\u00e4t:<\/p>\n<p>C-vitamiini edist\u00e4\u00e4 immuunij\u00e4rjestelm\u00e4n toiminnan pysymist\u00e4 normaalina.<\/p>\n<p>C-vitamiini edist\u00e4\u00e4 normaalia kollageenin muodostumista ihoa, ikeni\u00e4, verisuonia, hampaita, rustoja ja luustoa varten.<\/p>\n<p>C-vitamiini edist\u00e4\u00e4 normaalia energia-aineenvaihduntaa.<\/p>\n<p>C-vitamiini edist\u00e4\u00e4 hermoston normaalia toimintaa ja normaaleja psykologisia toimintoja.<\/p>\n<p>C-vitamiini edist\u00e4\u00e4 solujen suojaamista hapettumisstressilt\u00e4.<\/p>\n<p>C-vitamiini auttaa v\u00e4hent\u00e4m\u00e4\u00e4n v\u00e4symyst\u00e4 ja uupumusta.<\/p>\n<p>C-vitamiini lis\u00e4\u00e4 raudan imeytymist\u00e4.<\/p>\n<p>C-vitamiini edist\u00e4\u00e4 E-vitamiinin palautumista pelkistyneeseen muotoon.<\/p>\n","protected":false},"excerpt":{"rendered":"<h4>\u2013 pitk\u00e4vaikutteinen ja vatsayst\u00e4v\u00e4llinen C-vitamiini<\/h4>\n<p>&nbsp;<\/p>\n<p>Solgar\u00ae Ester-C\u00ae Plus 500 mg imeytyy seitsem\u00e4n kertaa tehokkaammin, kuin tavallinen C-vitamiini, ja on samalla vatsayst\u00e4v\u00e4llinen.<\/p>\n<p>&nbsp;<\/p>\n<p>Ester-C\u00ae on ainutlaatuinen ja patentoitu C-vitamiinin muoto. Verrattuna tavalliseen C-vitamiiniin (askorbiinihappo), Ester-C\u00ae on happoneutraalina hell\u00e4varaisempi vatsalle, se imeytyy tehokkaammin ja pysyy immuunipuolustuksen k\u00e4ytett\u00e4viss\u00e4 pidemm\u00e4n aikaa ja suurempina annoksina. Ester-C\u00ae pysyy kehosi k\u00e4ytett\u00e4viss\u00e4 jopa 24 tuntia antaen n\u00e4in pidempiaikaisen tuen kehollesi.<\/p>\n<p>&nbsp;<\/p>\n<h4>Pakkauskoko<\/h4>\n<p>100 kapselia \u2013 C-vitamiinivalmiste<\/p>\n<p>&nbsp;<\/p>\n<h4>Suositeltu annostus<\/h4>\n<p>1 kapseli p\u00e4iv\u00e4ss\u00e4 ruokailun yhteydess\u00e4.<\/p>\n","protected":false},"featured_media":1933,"template":"","meta":{"_acf_changed":false},"product_brand":[],"product_cat":[29,48,36],"product_tag":[],"class_list":{"0":"post-2163","1":"product","2":"type-product","3":"status-publish","4":"has-post-thumbnail","6":"product_cat-lisaravinteet","7":"product_cat-solgar","8":"product_cat-vitamiinit","10":"first","11":"instock","12":"taxable","13":"shipping-taxable","14":"purchasable","15":"product-type-simple"},"acf":[],"_links":{"self":[{"href":"https:\/\/vaasanluonnonravinto.fi\/sv\/wp-json\/wp\/v2\/product\/2163","targetHints":{"allow":["GET"]}}],"collection":[{"href":"https:\/\/vaasanluonnonravinto.fi\/sv\/wp-json\/wp\/v2\/product"}],"about":[{"href":"https:\/\/vaasanluonnonravinto.fi\/sv\/wp-json\/wp\/v2\/types\/product"}],"wp:featuredmedia":[{"embeddable":true,"href":"https:\/\/vaasanluonnonravinto.fi\/sv\/wp-json\/wp\/v2\/media\/1933"}],"wp:attachment":[{"href":"https:\/\/vaasanluonnonravinto.fi\/sv\/wp-json\/wp\/v2\/media?parent=2163"}],"wp:term":[{"taxonomy":"product_brand","embeddable":true,"href":"https:\/\/vaasanluonnonravinto.fi\/sv\/wp-json\/wp\/v2\/product_brand?post=2163"},{"taxonomy":"product_cat","embeddable":true,"href":"https:\/\/vaasanluonnonravinto.fi\/sv\/wp-json\/wp\/v2\/product_cat?post=2163"},{"taxonomy":"product_tag","embeddable":true,"href":"https:\/\/vaasanluonnonravinto.fi\/sv\/wp-json\/wp\/v2\/product_tag?post=2163"}],"curies":[{"name":"wp","href":"https:\/\/api.w.org\/{rel}","templated":true}]}}