{"id":21574,"date":"2022-09-06T13:54:22","date_gmt":"2022-09-06T10:54:22","guid":{"rendered":"https:\/\/vaasanluonnonravinto.fi\/?post_type=product&#038;p=21574"},"modified":"2024-01-19T15:33:35","modified_gmt":"2024-01-19T13:33:35","slug":"a-vogel-anti-stress-20ml","status":"publish","type":"product","link":"https:\/\/vaasanluonnonravinto.fi\/sv\/tuote\/a-vogel-anti-stress-20ml\/","title":{"rendered":"A. Vogel Anti-Stress 20ml"},"content":{"rendered":"<p class=\"selectionShareable\"><strong>Suositeltava vuorokausiannos<\/strong>: Aikuiset: 5 suihkausta suuhun 1 \u2013 3 kertaa p\u00e4iv\u00e4ss\u00e4. Ilmoitettua suositeltua vuorokausiannosta ei saa ylitt\u00e4\u00e4.<\/p>\n<p class=\"selectionShareable\"><strong>Suositeltava vuorokausiannos, 5 \u2013 15 suihkausta sis\u00e4lt\u00e4\u00e4:<\/strong><\/p>\n<p class=\"selectionShareable\">2,5 \u2013 7,5 mg sinkki\u00e4 (25 \u2013 75 %*)<\/p>\n<p class=\"selectionShareable\">165 \u2013 495 mg k\u00e4rsimyskukkauutetiivistett\u00e4<\/p>\n<p class=\"selectionShareable\">\u00a020 \u2013 60 mg sitruunamelissauutetiivistett\u00e4.<\/p>\n<p class=\"selectionShareable\">* p\u00e4ivitt\u00e4isen saannin vertailuarvosta<\/p>\n<p class=\"selectionShareable\"><strong>Ainesosat:<\/strong>\u00a0Puhdistettu vesi, sakeuttamisaine (glyseroli), k\u00e4rsimyskukkauute (Passiflora incarnata), sitruunamelissauute (Melissa officinalis), sinkkiglukonaatti, luontaiset aromit (vanilja ja t\u00e4htianis), s\u00e4il\u00f6nt\u00e4aine (kaliumsorbaatti), emulgointiaine (rasvahappojen sakkaroosiesterit), makeutusaine (stevioliglykosidit).<\/p>\n<p class=\"selectionShareable\">Tuotetta ei suositella raskaana oleville tai imett\u00e4ville. S\u00e4ilytett\u00e4v\u00e4 pienten lasten ulottumattomissa. S\u00e4ilytys alle 25 \u00b0C. K\u00e4ytett\u00e4v\u00e4 3 kuukauden sis\u00e4ll\u00e4 avaamisesta. Ravistettava hyvin ennen k\u00e4ytt\u00f6\u00e4.<\/p>\n<p class=\"selectionShareable\">Ravintolis\u00e4 ei korvaa tasapainoista ja monipuolista ruokavaliota eik\u00e4 terveit\u00e4 el\u00e4m\u00e4ntapoja.<\/p>\n","protected":false},"excerpt":{"rendered":"<p>K\u00e4rsimyskukka (Passiflora incarnata) on k\u00f6ynn\u00f6skasvi jolla on erikoiset valko-violetit kukat. K\u00e4rsimyskukka sopii erilaisiin stressaaviin tilanteisiin. Se auttaa rauhoittumaan ja rentoutumaan. Suihke ei aiheuta tokkuraista oloa.<\/p>\n<ul>\n<li class=\"product-features__item\">K\u00e4rsimyskukka auttaa lievitt\u00e4m\u00e4\u00e4n stressi\u00e4<\/li>\n<li class=\"product-features__item\">Suusuihke on helppo k\u00e4ytt\u00e4\u00e4 ja pit\u00e4\u00e4 mukana<\/li>\n<li class=\"product-features__item\">Miellytt\u00e4v\u00e4 maku t\u00e4htianiksesta ja vaniljasta<\/li>\n<li class=\"product-features__item\">Makeutettu stevialla, ei sis\u00e4ll\u00e4 sokeria eik\u00e4 alkoholia<\/li>\n<li class=\"product-features__item\">Vegaaninen, gluteeniton<\/li>\n<\/ul>\n","protected":false},"featured_media":21575,"template":"","meta":{"_acf_changed":false},"product_brand":[],"product_cat":[66,50],"product_tag":[],"class_list":{"0":"post-21574","1":"product","2":"type-product","3":"status-publish","4":"has-post-thumbnail","6":"product_cat-vogel","7":"product_cat-yrttivalmisteet","9":"first","10":"instock","11":"taxable","12":"shipping-taxable","13":"purchasable","14":"product-type-simple"},"acf":[],"_links":{"self":[{"href":"https:\/\/vaasanluonnonravinto.fi\/sv\/wp-json\/wp\/v2\/product\/21574","targetHints":{"allow":["GET"]}}],"collection":[{"href":"https:\/\/vaasanluonnonravinto.fi\/sv\/wp-json\/wp\/v2\/product"}],"about":[{"href":"https:\/\/vaasanluonnonravinto.fi\/sv\/wp-json\/wp\/v2\/types\/product"}],"wp:featuredmedia":[{"embeddable":true,"href":"https:\/\/vaasanluonnonravinto.fi\/sv\/wp-json\/wp\/v2\/media\/21575"}],"wp:attachment":[{"href":"https:\/\/vaasanluonnonravinto.fi\/sv\/wp-json\/wp\/v2\/media?parent=21574"}],"wp:term":[{"taxonomy":"product_brand","embeddable":true,"href":"https:\/\/vaasanluonnonravinto.fi\/sv\/wp-json\/wp\/v2\/product_brand?post=21574"},{"taxonomy":"product_cat","embeddable":true,"href":"https:\/\/vaasanluonnonravinto.fi\/sv\/wp-json\/wp\/v2\/product_cat?post=21574"},{"taxonomy":"product_tag","embeddable":true,"href":"https:\/\/vaasanluonnonravinto.fi\/sv\/wp-json\/wp\/v2\/product_tag?post=21574"}],"curies":[{"name":"wp","href":"https:\/\/api.w.org\/{rel}","templated":true}]}}