{"id":21564,"date":"2022-09-06T13:37:25","date_gmt":"2022-09-06T10:37:25","guid":{"rendered":"https:\/\/vaasanluonnonravinto.fi\/?post_type=product&#038;p=21564"},"modified":"2026-04-27T14:56:06","modified_gmt":"2026-04-27T11:56:06","slug":"harmonia-curamin-90kaps","status":"publish","type":"product","link":"https:\/\/vaasanluonnonravinto.fi\/sv\/tuote\/harmonia-curamin-90kaps\/","title":{"rendered":"Harmonia curaMIN 90kaps"},"content":{"rendered":"","protected":false},"excerpt":{"rendered":"<p>Kurkuma (BCM95\u00ae) auttaa suojaamaan niveli\u00e4 ja tukemaan normaalia nivelten terveytt\u00e4. Se auttaa my\u00f6s suojaamaan kehon soluja hapettumisstressi\u00e4 vastaan ja yll\u00e4pit\u00e4m\u00e4\u00e4n immuunij\u00e4rjestelm\u00e4nnormaalia toimintaa. Boswellia (BosPure\u00ae) tukee lis\u00e4ksi nivelten mukavuutta &amp; liikkuvuutta.<\/p>\n","protected":false},"featured_media":21567,"template":"","meta":{"_acf_changed":false},"product_brand":[],"product_cat":[183,60],"product_tag":[],"class_list":{"0":"post-21564","1":"product","2":"type-product","3":"status-publish","4":"has-post-thumbnail","6":"product_cat-harmonia","7":"product_cat-nivelet","9":"first","10":"instock","11":"taxable","12":"shipping-taxable","13":"purchasable","14":"product-type-simple"},"acf":[],"_links":{"self":[{"href":"https:\/\/vaasanluonnonravinto.fi\/sv\/wp-json\/wp\/v2\/product\/21564","targetHints":{"allow":["GET"]}}],"collection":[{"href":"https:\/\/vaasanluonnonravinto.fi\/sv\/wp-json\/wp\/v2\/product"}],"about":[{"href":"https:\/\/vaasanluonnonravinto.fi\/sv\/wp-json\/wp\/v2\/types\/product"}],"wp:featuredmedia":[{"embeddable":true,"href":"https:\/\/vaasanluonnonravinto.fi\/sv\/wp-json\/wp\/v2\/media\/21567"}],"wp:attachment":[{"href":"https:\/\/vaasanluonnonravinto.fi\/sv\/wp-json\/wp\/v2\/media?parent=21564"}],"wp:term":[{"taxonomy":"product_brand","embeddable":true,"href":"https:\/\/vaasanluonnonravinto.fi\/sv\/wp-json\/wp\/v2\/product_brand?post=21564"},{"taxonomy":"product_cat","embeddable":true,"href":"https:\/\/vaasanluonnonravinto.fi\/sv\/wp-json\/wp\/v2\/product_cat?post=21564"},{"taxonomy":"product_tag","embeddable":true,"href":"https:\/\/vaasanluonnonravinto.fi\/sv\/wp-json\/wp\/v2\/product_tag?post=21564"}],"curies":[{"name":"wp","href":"https:\/\/api.w.org\/{rel}","templated":true}]}}