{"id":21138,"date":"2019-08-20T12:39:41","date_gmt":"2019-08-20T09:39:41","guid":{"rendered":"https:\/\/vaasanluonnonravinto.fi\/tuote\/21138\/"},"modified":"2021-08-04T13:38:41","modified_gmt":"2021-08-04T10:38:41","slug":"21138","status":"publish","type":"product","link":"https:\/\/vaasanluonnonravinto.fi\/sv\/tuote\/21138\/","title":{"rendered":"NordicHealth Magnesium oil 100 ml"},"content":{"rendered":"","protected":false},"excerpt":{"rendered":"<p>Vahva magnesiumihosuihke<\/p>\n<p>Lihaskrampit \u2013 Suonenveto \u2013 Lihasrentoutus<\/p>\n<p>Suihkutetaan suoraan iholle, sinne miss\u00e4 tarve on.<\/p>\n<p>10 suihkausta sis\u00e4lt\u00e4\u00e4 200mg magnesiumia.<\/p>\n<p>&nbsp;<\/p>\n<p>Sopii vegaaneille, lapsille ja raskaana oleville.<\/p>\n<p>&nbsp;<\/p>\n<p>Sis\u00e4lt\u00e4\u00e4 maailman puhtainta, luonnollista ja farmaseuttista laatua olevaa magnesiumia.<\/p>\n<p>&nbsp;<\/p>\n","protected":false},"featured_media":7604,"template":"","meta":{"_acf_changed":false},"product_brand":[],"product_cat":[73,76,89,156],"product_tag":[],"class_list":{"0":"post-21138","1":"product","2":"type-product","3":"status-publish","4":"has-post-thumbnail","6":"product_cat-lisaravinteet-sv","7":"product_cat-kivennaisvalmisteet-sv","8":"product_cat-lihakset-ja-luusto-sv","9":"product_cat-nordichealth-sv","11":"first","12":"instock","13":"taxable","14":"shipping-taxable","15":"purchasable","16":"product-type-simple"},"acf":[],"_links":{"self":[{"href":"https:\/\/vaasanluonnonravinto.fi\/sv\/wp-json\/wp\/v2\/product\/21138","targetHints":{"allow":["GET"]}}],"collection":[{"href":"https:\/\/vaasanluonnonravinto.fi\/sv\/wp-json\/wp\/v2\/product"}],"about":[{"href":"https:\/\/vaasanluonnonravinto.fi\/sv\/wp-json\/wp\/v2\/types\/product"}],"wp:featuredmedia":[{"embeddable":true,"href":"https:\/\/vaasanluonnonravinto.fi\/sv\/wp-json\/wp\/v2\/media\/7604"}],"wp:attachment":[{"href":"https:\/\/vaasanluonnonravinto.fi\/sv\/wp-json\/wp\/v2\/media?parent=21138"}],"wp:term":[{"taxonomy":"product_brand","embeddable":true,"href":"https:\/\/vaasanluonnonravinto.fi\/sv\/wp-json\/wp\/v2\/product_brand?post=21138"},{"taxonomy":"product_cat","embeddable":true,"href":"https:\/\/vaasanluonnonravinto.fi\/sv\/wp-json\/wp\/v2\/product_cat?post=21138"},{"taxonomy":"product_tag","embeddable":true,"href":"https:\/\/vaasanluonnonravinto.fi\/sv\/wp-json\/wp\/v2\/product_tag?post=21138"}],"curies":[{"name":"wp","href":"https:\/\/api.w.org\/{rel}","templated":true}]}}