{"id":20890,"date":"2021-03-31T13:33:15","date_gmt":"2021-03-31T10:33:15","guid":{"rendered":"https:\/\/vaasanluonnonravinto.fi\/?post_type=product&#038;p=20890"},"modified":"2023-05-01T00:24:05","modified_gmt":"2023-04-30T21:24:05","slug":"vitacell-nahd-60kaps","status":"publish","type":"product","link":"https:\/\/vaasanluonnonravinto.fi\/sv\/tuote\/vitacell-nahd-60kaps\/","title":{"rendered":"Vitacell NAHD 60kaps"},"content":{"rendered":"","protected":false},"excerpt":{"rendered":"<p id=\"tw-target-text\" class=\"tw-data-text tw-text-large XcVN5d tw-ta\" dir=\"ltr\" data-placeholder=\"\ubc88\uc5ed\"><span class=\"Y2IQFc\" lang=\"fi\">Edist\u00e4\u00e4 hermoston toimintaa ja energia -aineenvaihduntaa v\u00e4symyksess\u00e4 ja v\u00e4symyksess\u00e4<\/span><\/p>\n<p class=\"tw-data-text tw-text-large XcVN5d tw-ta\" dir=\"ltr\" data-placeholder=\"\ubc88\uc5ed\"><span class=\"Y2IQFc\" lang=\"fi\">Patentoitu aktiivinen Panmolar NADH B3 -vitamiinimuoto<\/span><\/p>\n<p class=\"tw-data-text tw-text-large XcVN5d tw-ta\" dir=\"ltr\" data-placeholder=\"\ubc88\uc5ed\"><span class=\"Y2IQFc\" lang=\"fi\">imeytyy tehokkaasti<\/span><\/p>\n","protected":false},"featured_media":21256,"template":"","meta":{"_acf_changed":false,"rs_blank_template":"","rs_page_bg_color":"","slide_template_v7":""},"product_brand":[],"product_cat":[175,36],"product_tag":[],"class_list":{"0":"post-20890","1":"product","2":"type-product","3":"status-publish","4":"has-post-thumbnail","6":"product_cat-hankintatukku","7":"product_cat-vitamiinit","9":"first","10":"instock","11":"taxable","12":"shipping-taxable","13":"purchasable","14":"product-type-simple"},"acf":[],"_links":{"self":[{"href":"https:\/\/vaasanluonnonravinto.fi\/sv\/wp-json\/wp\/v2\/product\/20890","targetHints":{"allow":["GET"]}}],"collection":[{"href":"https:\/\/vaasanluonnonravinto.fi\/sv\/wp-json\/wp\/v2\/product"}],"about":[{"href":"https:\/\/vaasanluonnonravinto.fi\/sv\/wp-json\/wp\/v2\/types\/product"}],"wp:featuredmedia":[{"embeddable":true,"href":"https:\/\/vaasanluonnonravinto.fi\/sv\/wp-json\/wp\/v2\/media\/21256"}],"wp:attachment":[{"href":"https:\/\/vaasanluonnonravinto.fi\/sv\/wp-json\/wp\/v2\/media?parent=20890"}],"wp:term":[{"taxonomy":"product_brand","embeddable":true,"href":"https:\/\/vaasanluonnonravinto.fi\/sv\/wp-json\/wp\/v2\/product_brand?post=20890"},{"taxonomy":"product_cat","embeddable":true,"href":"https:\/\/vaasanluonnonravinto.fi\/sv\/wp-json\/wp\/v2\/product_cat?post=20890"},{"taxonomy":"product_tag","embeddable":true,"href":"https:\/\/vaasanluonnonravinto.fi\/sv\/wp-json\/wp\/v2\/product_tag?post=20890"}],"curies":[{"name":"wp","href":"https:\/\/api.w.org\/{rel}","templated":true}]}}