{"id":20797,"date":"2021-03-05T10:53:30","date_gmt":"2021-03-05T08:53:30","guid":{"rendered":"https:\/\/vaasanluonnonravinto.fi\/?post_type=product&#038;p=20797"},"modified":"2026-04-19T07:37:21","modified_gmt":"2026-04-19T04:37:21","slug":"fosfoser-memory-9045kaps","status":"publish","type":"product","link":"https:\/\/vaasanluonnonravinto.fi\/sv\/tuote\/fosfoser-memory-9045kaps\/","title":{"rendered":"Fosfoser Memory 90kaps"},"content":{"rendered":"","protected":false},"excerpt":{"rendered":"<h4>Fosfatidylseriinikapselit<\/h4>\n<ul>\n<li>Ravintolis\u00e4<\/li>\n<li>Uuden sukupolven fosfolipidivalmiste, jonka vaikuttavana aineena on soijasta eristetty fosfatidylseriini<\/li>\n<li>Fosfoser\u00ae Memory -kapselit sis\u00e4lt\u00e4v\u00e4t vakioidun m\u00e4\u00e4r\u00e4n soijasta eristetty\u00e4 fosfatidylseriini\u00e4 ja fosfatidihappoa<\/li>\n<li>Fosfatidylseriini ja muut fosfolipidit ovat aivosolujen omia rakennusaineita, jotka mm. lis\u00e4\u00e4v\u00e4t vireytt\u00e4<\/li>\n<li>Laktoositon, hiivaton, makeuttamaton ja gluteeniton<\/li>\n<\/ul>\n","protected":false},"featured_media":22030,"template":"","meta":{"_acf_changed":false},"product_brand":[],"product_cat":[55,175,38],"product_tag":[],"class_list":{"0":"post-20797","1":"product","2":"type-product","3":"status-publish","4":"has-post-thumbnail","6":"product_cat-erikoistuotteet","7":"product_cat-hankintatukku","8":"product_cat-rasvahappo-ja-oljyvalmisteet","10":"first","11":"instock","12":"taxable","13":"shipping-taxable","14":"purchasable","15":"product-type-simple"},"acf":[],"_links":{"self":[{"href":"https:\/\/vaasanluonnonravinto.fi\/sv\/wp-json\/wp\/v2\/product\/20797","targetHints":{"allow":["GET"]}}],"collection":[{"href":"https:\/\/vaasanluonnonravinto.fi\/sv\/wp-json\/wp\/v2\/product"}],"about":[{"href":"https:\/\/vaasanluonnonravinto.fi\/sv\/wp-json\/wp\/v2\/types\/product"}],"wp:featuredmedia":[{"embeddable":true,"href":"https:\/\/vaasanluonnonravinto.fi\/sv\/wp-json\/wp\/v2\/media\/22030"}],"wp:attachment":[{"href":"https:\/\/vaasanluonnonravinto.fi\/sv\/wp-json\/wp\/v2\/media?parent=20797"}],"wp:term":[{"taxonomy":"product_brand","embeddable":true,"href":"https:\/\/vaasanluonnonravinto.fi\/sv\/wp-json\/wp\/v2\/product_brand?post=20797"},{"taxonomy":"product_cat","embeddable":true,"href":"https:\/\/vaasanluonnonravinto.fi\/sv\/wp-json\/wp\/v2\/product_cat?post=20797"},{"taxonomy":"product_tag","embeddable":true,"href":"https:\/\/vaasanluonnonravinto.fi\/sv\/wp-json\/wp\/v2\/product_tag?post=20797"}],"curies":[{"name":"wp","href":"https:\/\/api.w.org\/{rel}","templated":true}]}}