{"id":20537,"date":"2021-02-05T10:57:51","date_gmt":"2021-02-05T08:57:51","guid":{"rendered":"https:\/\/vaasanluonnonravinto.fi\/?post_type=product&#038;p=20537"},"modified":"2025-08-19T11:59:46","modified_gmt":"2025-08-19T08:59:46","slug":"aurinko-c-1000mg-90tabl","status":"publish","type":"product","link":"https:\/\/vaasanluonnonravinto.fi\/sv\/tuote\/aurinko-c-1000mg-90tabl\/","title":{"rendered":"Aurinko C 1000mg 90tabl"},"content":{"rendered":"<div class=\"product-description rte\" data-product-description=\"\">\n<p>Terveyskaistan Aurinko C on 1000 mg vahva ja pitk\u00e4vaikutteinen C-vitamiini. Se sis\u00e4lt\u00e4\u00e4 askorbiinihapon lis\u00e4ksi sitrusbioflavonoideja ja ruusunmarjaa. Monipuolisen koostumuksensa ansiosta Aurinko C 1000 mg parantaa C-vitamiinin biologista hyv\u00e4ksik\u00e4ytett\u00e4vyytt\u00e4, parantaa sen imeytymist\u00e4 ja pident\u00e4\u00e4 sen pysymist\u00e4 elimist\u00f6ss\u00e4. C-vitamiini edist\u00e4\u00e4 immuunij\u00e4rjestelm\u00e4n normaalia toimintaa ja auttaa v\u00e4hent\u00e4m\u00e4\u00e4n v\u00e4symyst\u00e4 ja uupumusta. Se edist\u00e4\u00e4 normaalia kollageenin muodostumista ja tukee raudan imeytymist\u00e4. Se my\u00f6s suojaa soluja hapetusstressilt\u00e4. Aurinko C on kotimainen avainlipputuote, joka sopii my\u00f6s kasvissy\u00f6jille ja vegaaneille. Suositeltava vuorokausiannostus on 1 tabletti p\u00e4iv\u00e4ss\u00e4.<\/p>\n<p>C-vitamiinilla on monia t\u00e4rkeit\u00e4 teht\u00e4vi\u00e4 kehossa, aina immuunipuolustuksen ja raudan imeytymisen tukemisesta kollageenin rakentumiseen asti ihossa, luissa ja hampaissa. Se edist\u00e4\u00e4 normaalia energia-aineenvaihduntaa ja hermoston normaalia toimintaa. C-vitamiini on keholle erityisen t\u00e4rke\u00e4 antioksidantti. Se on vesiliukoinen vitamiini, jota elimist\u00f6 ei pysty itse valmistamaan tai varastoimaan, joten sit\u00e4 on saatava ravinnosta s\u00e4\u00e4nn\u00f6llisesti.<\/p>\n<p><strong> Suositeltava vuorokausiannostus on:<\/strong><br \/>\n1 tabletti p\u00e4iv\u00e4ss\u00e4.<\/p>\n<p>Suositeltava vuorokausi\u00adannostus 1 tabletti p\u00e4iv\u00e4ss\u00e4, niell\u00e4\u00e4n kokonaisena. Suositeltua vuorokausiannosta ei saa ylitt\u00e4\u00e4. Ravintolis\u00e4\u00e4 ei tule k\u00e4ytt\u00e4\u00e4 monipuolisen ruokavalion korvikkeena.<\/p>\n<p><strong>1 tabletti sis\u00e4lt\u00e4\u00e4 \/ 1 tablett inneh\u00e5ller:<\/strong><br \/>\nC-vitamiini \/ C-vitamin 1000 mg (1250 %*)<br \/>\nSitrusbioflavonoidivalmiste \/ Citrusbioflavonoidpreparat 25 mg<br \/>\nRuusunmarjajauhe \/ Nypon pulver 25 mg<br \/>\n*vuorokautisen saannin vertailuarvosta<br \/>\n*av referensv\u00e4rdet f\u00f6r det dagliga intaget<\/p>\n<p>Suositeltava vuorokausi\u00adannostus 1 tabletti p\u00e4iv\u00e4ss\u00e4, niell\u00e4\u00e4n kokonaisena. Suositeltua vuorokausiannosta ei saa ylitt\u00e4\u00e4. Ravintolis\u00e4\u00e4 ei tule k\u00e4ytt\u00e4\u00e4 monipuolisen ruokavalion korvikkeena.<\/p>\n<p><strong>Ainesosat:<\/strong><br \/>\nAskorbiini\u00adhappo, t\u00e4yteaineet: selluloosa, hydroksipropyylimetyyliselluloosa, sitrusbioflavonoidivalmiste, ruusunmarjajauhe, paakkuuntumisenestoaineet: rasvahappqjen magnesiumsuolat, piidioksidi, pintak\u00e4sittelyaineet: glyseroli, karnaubavaha.<\/p>\n<p>Pitk\u00e4vaikutteinen koostumus, joka sis\u00e4lt\u00e4\u00e4 sitrusbioflavonoideja ja ruusunmarjaa<br \/>\nTehokas imeytyvyys<br \/>\nTukee vastustuskyky\u00e4<br \/>\nAuttaa v\u00e4hent\u00e4m\u00e4\u00e4n v\u00e4symyst\u00e4 ja uupumusta<br \/>\nEdist\u00e4\u00e4 normaalia kollageenin muodostumista<\/p>\n<p>Sopii kasvissy\u00f6jille ja vegaaneille<br \/>\nGluteeniton, hiivaton, laktoositon, maidoton, sokeriton, vegaaninen<br \/>\nKotimainen avainlipputuote<\/p>\n<p>C-vitamiinin hyv\u00e4ksytyt terveysv\u00e4itt\u00e4m\u00e4t:<br \/>\nedist\u00e4\u00e4 immuunij\u00e4rjestelm\u00e4n toiminnan pysymist\u00e4 normaalina raskaan liikunnan aikana ja sen j\u00e4lkeen<br \/>\nedist\u00e4\u00e4 normaalia kollageenin muodostumista verisuonten, luuston, rustojen, ikenien, hampaiden ja ihon normaalia toimintaa varten<br \/>\nedist\u00e4\u00e4 normaalia energia-aineenvaihduntaa<br \/>\nedist\u00e4\u00e4 hermoston normaalia toimintaa<br \/>\nedist\u00e4\u00e4 normaaleja psykologisia toimintoja<br \/>\nedist\u00e4\u00e4 immuunij\u00e4rjestelm\u00e4n normaalia toimintaa<br \/>\nedist\u00e4\u00e4 solujen suojaamista hapettumisstressilt\u00e4<br \/>\nauttaa v\u00e4hent\u00e4m\u00e4\u00e4n v\u00e4symyst\u00e4 ja uupumusta<br \/>\nedist\u00e4\u00e4 E-vitamiinin palautumista pelkistyneeseen muotoon<br \/>\nlis\u00e4\u00e4 raudan imeytymist\u00e4<\/p>\n<\/div>\n","protected":false},"excerpt":{"rendered":"<p>Terveyskaistan Aurinko C on 1000 mg vahva ja pitk\u00e4vaikutteinen C-vitamiini.<\/p>\n","protected":false},"featured_media":20534,"template":"","meta":{"_acf_changed":false,"rs_blank_template":"","rs_page_bg_color":"","slide_template_v7":""},"product_brand":[],"product_cat":[155,116,36],"product_tag":[],"class_list":{"0":"post-20537","1":"product","2":"type-product","3":"status-publish","4":"has-post-thumbnail","6":"product_cat-piristys","7":"product_cat-terveyskaista","8":"product_cat-vitamiinit","10":"first","11":"instock","12":"taxable","13":"shipping-taxable","14":"purchasable","15":"product-type-simple"},"acf":[],"_links":{"self":[{"href":"https:\/\/vaasanluonnonravinto.fi\/sv\/wp-json\/wp\/v2\/product\/20537","targetHints":{"allow":["GET"]}}],"collection":[{"href":"https:\/\/vaasanluonnonravinto.fi\/sv\/wp-json\/wp\/v2\/product"}],"about":[{"href":"https:\/\/vaasanluonnonravinto.fi\/sv\/wp-json\/wp\/v2\/types\/product"}],"wp:featuredmedia":[{"embeddable":true,"href":"https:\/\/vaasanluonnonravinto.fi\/sv\/wp-json\/wp\/v2\/media\/20534"}],"wp:attachment":[{"href":"https:\/\/vaasanluonnonravinto.fi\/sv\/wp-json\/wp\/v2\/media?parent=20537"}],"wp:term":[{"taxonomy":"product_brand","embeddable":true,"href":"https:\/\/vaasanluonnonravinto.fi\/sv\/wp-json\/wp\/v2\/product_brand?post=20537"},{"taxonomy":"product_cat","embeddable":true,"href":"https:\/\/vaasanluonnonravinto.fi\/sv\/wp-json\/wp\/v2\/product_cat?post=20537"},{"taxonomy":"product_tag","embeddable":true,"href":"https:\/\/vaasanluonnonravinto.fi\/sv\/wp-json\/wp\/v2\/product_tag?post=20537"}],"curies":[{"name":"wp","href":"https:\/\/api.w.org\/{rel}","templated":true}]}}