{"id":20533,"date":"2021-02-05T10:53:54","date_gmt":"2021-02-05T08:53:54","guid":{"rendered":"https:\/\/vaasanluonnonravinto.fi\/?post_type=product&#038;p=20533"},"modified":"2025-08-19T12:00:23","modified_gmt":"2025-08-19T09:00:23","slug":"aurinko-c-500mg-120tabl","status":"publish","type":"product","link":"https:\/\/vaasanluonnonravinto.fi\/sv\/tuote\/aurinko-c-500mg-120tabl\/","title":{"rendered":"Aurinko C 500mg 120tabl"},"content":{"rendered":"<h3>Vahvista vastustuskyky\u00e4!<\/h3>\n<p>Terveyskaistan Aurinko C 500 mg on vatsayst\u00e4v\u00e4llinen C-vitamiini, joka imeytyy erinomaisesti ja sopii herkk\u00e4vatsaisille happoneutraalin C-vitamiinimuodon natriumaskorbaatin ansiosta.<\/p>\n<p><strong>Ainesosat:<\/strong>\u00a0Natriumaskorbaatti, t\u00e4yteaineet: selluloosa, hydroksipropyyliselluloosa, paakuuntu\u00admisenestoaineet: rasvahappojen magnesiumsuolat.<\/p>\n<p><strong>Annostus:<\/strong>\u00a01-2 tablettia p\u00e4iv\u00e4ss\u00e4.<\/p>\n<p><strong>Suositeltu vuorokausiannos 1-2 tablettla sis\u00e4lt\u00e4\u00e4 \/ 1-2 tabletter lnneh\u00e5ller:<\/strong><br \/>\nC-vitamiini \/ C-vitamin 500- 1000 mg (625 \u2013 1250 %*)<\/p>\n<p>* vuorokautisen saannin vertailuarvosta<br \/>\n* av referensv\u00e4rdet f\u00f6r det dagliga intaget<\/p>\n<p>Suositeltua vuorokausi\u00adannosta ei saa ylitt\u00e4\u00e4.\u00a0Ravintolis\u00e4 ei korvaa monipuolista ja tasapainoista ruokavaliota eik\u00e4 terveit\u00e4 el\u00e4m\u00e4ntapoja.<\/p>\n","protected":false},"excerpt":{"rendered":"<p>Terveyskaistan Aurinko C 500 mg on vatsayst\u00e4v\u00e4llinen C-vitamiini<\/p>\n","protected":false},"featured_media":20534,"template":"","meta":{"_acf_changed":false,"rs_blank_template":"","rs_page_bg_color":"","slide_template_v7":""},"product_brand":[],"product_cat":[155,116,36],"product_tag":[],"class_list":{"0":"post-20533","1":"product","2":"type-product","3":"status-publish","4":"has-post-thumbnail","6":"product_cat-piristys","7":"product_cat-terveyskaista","8":"product_cat-vitamiinit","10":"first","11":"instock","12":"taxable","13":"shipping-taxable","14":"purchasable","15":"product-type-simple"},"acf":[],"_links":{"self":[{"href":"https:\/\/vaasanluonnonravinto.fi\/sv\/wp-json\/wp\/v2\/product\/20533","targetHints":{"allow":["GET"]}}],"collection":[{"href":"https:\/\/vaasanluonnonravinto.fi\/sv\/wp-json\/wp\/v2\/product"}],"about":[{"href":"https:\/\/vaasanluonnonravinto.fi\/sv\/wp-json\/wp\/v2\/types\/product"}],"wp:featuredmedia":[{"embeddable":true,"href":"https:\/\/vaasanluonnonravinto.fi\/sv\/wp-json\/wp\/v2\/media\/20534"}],"wp:attachment":[{"href":"https:\/\/vaasanluonnonravinto.fi\/sv\/wp-json\/wp\/v2\/media?parent=20533"}],"wp:term":[{"taxonomy":"product_brand","embeddable":true,"href":"https:\/\/vaasanluonnonravinto.fi\/sv\/wp-json\/wp\/v2\/product_brand?post=20533"},{"taxonomy":"product_cat","embeddable":true,"href":"https:\/\/vaasanluonnonravinto.fi\/sv\/wp-json\/wp\/v2\/product_cat?post=20533"},{"taxonomy":"product_tag","embeddable":true,"href":"https:\/\/vaasanluonnonravinto.fi\/sv\/wp-json\/wp\/v2\/product_tag?post=20533"}],"curies":[{"name":"wp","href":"https:\/\/api.w.org\/{rel}","templated":true}]}}