{"id":20470,"date":"2021-01-15T10:45:16","date_gmt":"2021-01-15T08:45:16","guid":{"rendered":"https:\/\/vaasanluonnonravinto.fi\/?post_type=product&#038;p=20470"},"modified":"2022-09-05T12:32:20","modified_gmt":"2022-09-05T09:32:20","slug":"terranova-living-multivitamin-man-100kaps","status":"publish","type":"product","link":"https:\/\/vaasanluonnonravinto.fi\/sv\/tuote\/terranova-living-multivitamin-man-100kaps\/","title":{"rendered":"Terranova Living Multivitamin Man 100kaps"},"content":{"rendered":"<p>Terranova Living Multivitamin MAN on monivitamiini, jonka sis\u00e4lt\u00f6 on r\u00e4\u00e4t\u00e4l\u00f6ity erityisesti miehen tarpeisiin. Se sis\u00e4lt\u00e4\u00e4 29 vitamiinia, mineraalia ja ravinnetta, jotka ovat t\u00e4rkeit\u00e4 miehiselle hyvinvoinnille. Livin Multivitamin MAN sis\u00e4lt\u00e4\u00e4 enemm\u00e4n miehelle t\u00e4rkeit\u00e4 sinkki\u00e4, magnesiumia, lykopeenia ja E-vitamiinia, kuin tavallinen monivitamiini.<\/p>\n<p>Punajuuren, aronian, inkiv\u00e4\u00e4rin ja viiniryp\u00e4leensiemenuutteen ravinteet ovat hy\u00f6dyllisi\u00e4 syd\u00e4melle ja verisuonistolle. Maca ja kurpitsansiemen ja sinkki ovat perinteisesti miehelle suositeltuja ravinteikkaita ruokia. Ei sis\u00e4ll\u00e4 rautaa.<\/p>\n<p>Yhdeks\u00e4n kasvin sek\u00e4 riisinleseen Magnifood-kasviyhdistelm\u00e4 tukee vitamiinien ja mineraalien hyv\u00e4ksik\u00e4ytt\u00f6\u00e4 kehossa.<\/p>\n<p>Annostus: 1-3 kapselia p\u00e4iv\u00e4ss\u00e4 aterian yhteydess\u00e4.<\/p>\n<p>RAVINTOSIS\u00c4LT\u00d6, 3 KAPSELIA:<\/p>\n<p>MAGNIFOOD COMPLEX 760 mg<br \/>\nSpirulina 200 mg<br \/>\nStabiloitu riisinlese 150 mg<br \/>\nMacajuuri 100 mg<br \/>\nMarja-aronia (tuorepakastekuivattu, luomu) 75 mg<br \/>\nAcaimarja (tuorepakastekuivattu, luomu) 50 mg<br \/>\nPunajuurimehu ja lehdet (tuorepakastekuivattu, luomu) 50 mg<br \/>\nKurpitsansiemenjauhe 50 mg<br \/>\nMustikka (tuorepakastekuivattu) 25 mg<br \/>\nInkiv\u00e4\u00e4rin juuri (tuorepakastekuivattu) 25 mg<br \/>\nViiniryp\u00e4leen siemenuute 10 mg<br \/>\nKuorilo (hydroksipropyylimetyyliselluloosa) 354 mg<br \/>\nMagnesium (oksidi, sitraatti, askorbaatti) 70 mg<br \/>\nC-vitamiini (kalsium-magnesium-askorbaatti) 150 mg<br \/>\nKalsium (karbonaatti, sitraatti, askorbaatti) 35 mg<br \/>\nE-vitamiini (d-alfa tokoferolisukkinaatti) 101 mg<br \/>\nSinkki (bisglysinaatti) 15 mg<br \/>\nKoliini (bitartraatti) 15 mg<br \/>\nLuonnon betakaroteeni 4 mg<br \/>\nB5-vitamiini (kalsiumpantotenaatti) 25 mg<br \/>\nB6-vitamiini (pyridoksiinihydrokloridi) 20 mg<br \/>\nB1-vitamiini (tiamiinimononitraatti) 20 mg<br \/>\nB2-vitamiini (riboflaviini) 20 mg<br \/>\nB3-vitamiini (nikotiiniamidi) 20 mg<br \/>\nLykopeeni 5 mg<br \/>\nInositoli 15 mg<br \/>\nSitrusbioflavonoideja 15 mg<br \/>\nAlfalipoiinihappo 5 mg<br \/>\nSeleeni (selenometioniini) 50 \u00b5g<br \/>\nBoori (natriumboraatti) 0.5 mg<br \/>\nKupari (glukonaatti) 1.25 mg<br \/>\nMangaani (bisglysinaatti) 1.5 mg<br \/>\nA-vitamiini (retinylpalmitaatti) 751 \u00b5g<br \/>\nD3-vitamiini (kolekalsiferoli, j\u00e4k\u00e4l\u00e4) 5 \u00b5g<br \/>\nKromi (pikolinaatti) 50 \u00b5g<br \/>\nFolaatti (kalsium-L-metyylifolaatti) 200 \u00b5g<br \/>\nJodi (kaliumjodidi) 150 \u00b5g<br \/>\nD-biotiini 100 \u00b5g<br \/>\nB12-vitamiini (metyylikobalamiini) 50 \u00b5g<br \/>\nK2-vitamiini (menakinoni) 10 \u00b5g<\/p>\n<p>EI SIS\u00c4LL\u00c4 LIS\u00c4AINEITA TAI S\u00c4IL\u00d6NT\u00c4AINEITA, VEHN\u00c4\u00c4, GLUTEENIA, SOIJAA, HIIVAA, MAIDON AINESOSIA TAI SOKERIA. SOPII KASVISSY\u00d6JILLE JA VEGAANEILLE. EI SUOSITELLA RASKAANA OLEVILLE.<\/p>\n<p>LIS\u00c4TIETOA TERRANOVA LIVING MULTIVITAMIN MAN -MONIVITAMIININ AINESOSISTA<br \/>\nSpirulina \u2013 Spirulinalev\u00e4 on yksi luonnon rikkaimpia kasvipigmenttien (klorofylli, karotenoidit, fykosyaniini) l\u00e4hteit\u00e4. Se sis\u00e4lt\u00e4\u00e4 yli 55 % hyvin pilkkoutuvia proteiineja, vitamiineja, hivenaineita, rasvahappoja ja tehokkaita antioksidantteja, kuten superoksidi-dismutaasia (SOD).<\/p>\n<p>Stabiloitu riisinlese (SRL) \u2013 SRL sis\u00e4lt\u00e4\u00e4 runsaasti E-vitamiinia ja sen johdannaisia, kuten tokoferoleja ja tokotrienoleja ja my\u00f6s B-ryhm\u00e4n vitamiineja, kuituja, v\u00e4ltt\u00e4m\u00e4tt\u00f6mi\u00e4 rasvahappoja, hivenaineita ja yli 100 erilaista antioksidanttia, kuten alfalipoiinihappoa, koentsyymi Q10, karotenoideja ja SOD-entsyymi\u00e4.<\/p>\n<p>Macajuuri \u2013 Maca kasvaa yli nelj\u00e4n kilometrin korkeudella Perun Andeilla. Sit\u00e4 on k\u00e4ytetty ravintona jo ennen inkojen aikoja ja se sis\u00e4lt\u00e4\u00e4 runsaasti hiilihydraatteja, aminohappoja, rasvahappoja, B1-, B2- ja B12-vitamiinia, E-vitamiinia, kalsiumia, forsforia, sinkki\u00e4, magnesiumia, kuparia ja rautaa.<\/p>\n<p>Acai marja \u2013 Acai marja sis\u00e4lt\u00e4\u00e4 lukuisia eturauhasen terveytt\u00e4 edist\u00e4vi\u00e4 aineita, mukaan lukien sinkki\u00e4. Merkitt\u00e4v\u00e4mm\u00e4t suotuisat vaikutukset kuitenkin perustuvat sen sis\u00e4lt\u00e4miin kasvisteroleihin, karotenoideihin ja flavonoideihin.<\/p>\n<p>Punajuuri \u2013 Punajuuri on hyv\u00e4 folaatin ja raudan l\u00e4hde, joita molempia tarvitaan hemoglobiinin valmistamiseen. Sill\u00e4 on my\u00f6s hy\u00f6dyllisi\u00e4 vaikutuksia syd\u00e4men ja verisuoniston terveyteen.<\/p>\n<p>Kurpitsan siemen \u2013 Kurpitsan siemenet sis\u00e4lt\u00e4v\u00e4t korkeat pitoisuudet sek\u00e4 sinkki\u00e4 ett\u00e4 kuparia, joiden v\u00e4linen tasapaino on t\u00e4rke\u00e4\u00e4 molempien kivenn\u00e4isaineiden imeytymiselle ja toiminnalle. Kurpitsan sis\u00e4lt\u00e4m\u00e4t rasvahapot t\u00e4ydent\u00e4v\u00e4t sinkin vaikutuksia eturauhasen hyvinvoinnille.<\/p>\n<p>Mustikka \u2013 Mustikka sis\u00e4lt\u00e4\u00e4 runsaasti C-vitamiinia ja mangaania. Mustikassa on my\u00f6s merkitt\u00e4v\u00e4ss\u00e4 m\u00e4\u00e4rin antosyanosidi-flavanoideja, joilla on tutkimusten mukaan merkitt\u00e4vi\u00e4 terveyshy\u00f6tyj\u00e4. Flavanoideilla, jotka antavat mustikalle tyypillisen tummanvioletin v\u00e4rin, n\u00e4ytt\u00e4isi tutkimusten mukaan olevan my\u00f6s t\u00e4rke\u00e4 merkitys kollageenin, tukikudoksen, verenkierron ja silmien terveydelle.<\/p>\n<p>Inkiv\u00e4\u00e4ri \u2013 Inkiv\u00e4\u00e4rin juuri tukee ruuansulatuksen toimintaa ja sill\u00e4 voi olla my\u00f6s samalla mahan ja suoliston limakalvoa rauhoittavia ominaisuuksia.<\/p>\n<p>Viiniryp\u00e4leen siemenuute \u2013 Vitis viniferan eli punaisten viiniryp\u00e4leiden siemenist\u00e4 saadaan uutetta, jonka antioksidanttinen flavonoidipitoisuus on eritt\u00e4in korkea. Viiniryp\u00e4leen siemenuutteen flavonoidit tukevat mm. verenkiertoa ja verenkiertoelimist\u00f6n terveytt\u00e4.<\/p>\n","protected":false},"excerpt":{"rendered":"<p>Terranova Living Multivitamin MAN on monivitamiini, jonka sis\u00e4lt\u00f6 on r\u00e4\u00e4t\u00e4l\u00f6ity erityisesti miehen tarpeisiin.<\/p>\n","protected":false},"featured_media":20471,"template":"","meta":{"_acf_changed":false,"rs_blank_template":"","rs_page_bg_color":"","slide_template_v7":""},"product_brand":[],"product_cat":[44,51,36],"product_tag":[],"class_list":{"0":"post-20470","1":"product","2":"type-product","3":"status-publish","4":"has-post-thumbnail","6":"product_cat-miehiseen-hyvinvointiin","7":"product_cat-terranova","8":"product_cat-vitamiinit","10":"first","11":"instock","12":"taxable","13":"shipping-taxable","14":"purchasable","15":"product-type-simple"},"acf":[],"_links":{"self":[{"href":"https:\/\/vaasanluonnonravinto.fi\/sv\/wp-json\/wp\/v2\/product\/20470","targetHints":{"allow":["GET"]}}],"collection":[{"href":"https:\/\/vaasanluonnonravinto.fi\/sv\/wp-json\/wp\/v2\/product"}],"about":[{"href":"https:\/\/vaasanluonnonravinto.fi\/sv\/wp-json\/wp\/v2\/types\/product"}],"wp:featuredmedia":[{"embeddable":true,"href":"https:\/\/vaasanluonnonravinto.fi\/sv\/wp-json\/wp\/v2\/media\/20471"}],"wp:attachment":[{"href":"https:\/\/vaasanluonnonravinto.fi\/sv\/wp-json\/wp\/v2\/media?parent=20470"}],"wp:term":[{"taxonomy":"product_brand","embeddable":true,"href":"https:\/\/vaasanluonnonravinto.fi\/sv\/wp-json\/wp\/v2\/product_brand?post=20470"},{"taxonomy":"product_cat","embeddable":true,"href":"https:\/\/vaasanluonnonravinto.fi\/sv\/wp-json\/wp\/v2\/product_cat?post=20470"},{"taxonomy":"product_tag","embeddable":true,"href":"https:\/\/vaasanluonnonravinto.fi\/sv\/wp-json\/wp\/v2\/product_tag?post=20470"}],"curies":[{"name":"wp","href":"https:\/\/api.w.org\/{rel}","templated":true}]}}