{"id":20466,"date":"2021-01-13T16:31:25","date_gmt":"2021-01-13T14:31:25","guid":{"rendered":"https:\/\/vaasanluonnonravinto.fi\/?post_type=product&#038;p=20466"},"modified":"2022-03-04T16:31:21","modified_gmt":"2022-03-04T14:31:21","slug":"terranova-livingmultivitamin-sport-100kaps","status":"publish","type":"product","link":"https:\/\/vaasanluonnonravinto.fi\/sv\/tuote\/terranova-livingmultivitamin-sport-100kaps\/","title":{"rendered":"Terranova LivingMultivitamin Sport 100kaps"},"content":{"rendered":"<p>Terranova Living Multivitamin SPORT on monivitamiini, jonka sis\u00e4lt\u00f6 on r\u00e4\u00e4t\u00e4l\u00f6ity erityisesti kuntoilijan ja urheilijan tarpeisiin. Se sis\u00e4lt\u00e4\u00e4 30 vitamiinia, mineraalia ja ravinnetta, jotka tukevat mm. kest\u00e4vyytt\u00e4 ja energia-aineenvaihduntaa.<\/p>\n<p>Living Multivitamin SPORT sis\u00e4lt\u00e4\u00e4 enemm\u00e4n B12-vitamiinia, B-vitamiineja, rautaa, magnesiumia, E-vitamiinia ja kromia kuin tavallinen monivitamiini suorituksen ja palautumisen tueksi. Lis\u00e4ksi tuotteeseen on lis\u00e4tty kest\u00e4vyydelle ja energia-aineenvaihdunnalle hy\u00f6dyllist\u00e4 ubikinonia, alfalipoiinihappoa ja astaksantiinia.<\/p>\n<p>Punajuurimehu, ven\u00e4j\u00e4njuuri, reishi, cordyceps ja marja-aronia auttavat tukemaan fyysist\u00e4 kest\u00e4vyytt\u00e4 ja lievitt\u00e4v\u00e4t stressi\u00e4, aerobista kapasiteettia, solujen sek\u00e4 verisuoniston toimintaa ja vahvuutta. Tuotteen ainesosat t\u00e4ytt\u00e4v\u00e4t WADA:n anti-doping \u2013vaatimukset.<\/p>\n<p>Yhdeksan kasvin ja riisinleseen Magnifood-kasviyhdistelm\u00e4 tukee vitamiinien ja mineraalien hyv\u00e4ksik\u00e4ytt\u00f6\u00e4 kehossa.<\/p>\n<p><strong>VINKKI:<\/strong> K\u00e4yt\u00e4 Living Multivitamin SPORT -monivitamiinia p\u00e4ivin\u00e4, joina urheilet, ja muina p\u00e4ivin\u00e4 joko Living Multivitamin WOMAN\u2013 tai Living Multivitan MAN -monivitamiineja.<\/p>\n<p><strong>Annostus:<\/strong><br \/>\n1-3 kapselia p\u00e4iv\u00e4ss\u00e4 aterian yhteydess\u00e4.<\/p>\n<p><strong>Ravintosis\u00e4lt\u00f6 3 kapselia:<\/strong><br \/>\nMAGNIFOOD COMPLEX\u00a0\u00a0\u00a0 735 mg<br \/>\nSpirulina\u00a0\u00a0\u00a0 200 mg<br \/>\nPunajuurimehu ja lehdet (tuorepakastekuivattu, luomu)\u00a0\u00a0\u00a0 150 mg<br \/>\nStabiloitu riisinlese\u00a0\u00a0\u00a0 100 mg<br \/>\nVen\u00e4j\u00e4njuuri\u00a0\u00a0\u00a0 100 mg<br \/>\nReishi-sieni (tuorepakastekuivattu, luomu)\u00a0\u00a0\u00a0 50 mg<br \/>\nCordyceps-sieni (tuorepakastekuivattu, luomu)\u00a0\u00a0\u00a0 50 mg<br \/>\nMarja-aronia (tuorepakastekuivattu, luomu)\u00a0\u00a0\u00a0 50 mg<br \/>\nInkiv\u00e4\u00e4rin juuri (tuorepakastekuivattu)\u00a0\u00a0\u00a0 25 mg<br \/>\nCayennepippuri (tuorepakastekuivattu, luomu)\u00a0\u00a0\u00a0 10 mg<br \/>\nKuorilo (hydroksipropyylimetyyliselluloosa)\u00a0\u00a0\u00a0 354 mg<br \/>\nMagnesium (oksidi, sitraatti, askorbaatti)\u00a0\u00a0\u00a0 100 mg<br \/>\nC-vitamiini (kalsium-magnesium-askorbaatti)\u00a0\u00a0\u00a0 100 mg<br \/>\nKalsium (karbonaatti, sitraatti, askorbaatti)\u00a0\u00a0\u00a0 50 mg<br \/>\nE-vitamiini (d-alfa tokoferolisukkinaatti)\u00a0\u00a0\u00a0 101 mg<br \/>\nSinkki (bisglysinaatti)\u00a0\u00a0\u00a0 10 mg<br \/>\nRauta (bisglysinaatti)\u00a0\u00a0\u00a0 5 mg<br \/>\nKoliini (bitartraatti)\u00a0\u00a0\u00a0 10 mg<br \/>\nLuonnon betakaroteeni\u00a0\u00a0\u00a0 4 mg<br \/>\nB5-vitamiini (kalsiumpantotenaatti)\u00a0\u00a0\u00a0 25 mg<br \/>\nB1-vitamiini (tiamiinimononitraatti)\u00a0\u00a0\u00a0 25 mg<br \/>\nB2-vitamiini (riboflaviini)\u00a0\u00a0\u00a0 25 mg<br \/>\nB3-vitamiini (nikotiiniamidi)\u00a0\u00a0\u00a0 25 mg<br \/>\nB6-vitamiini (pyridoksiinihydrokloridi(\u00a0\u00a0\u00a0 20 mg<br \/>\nLykopeeni\u00a0\u00a0\u00a0 1 mg<br \/>\nInositoli\u00a0\u00a0\u00a0 20 mg<br \/>\nCoQ10 (ubikinoni)\u00a0\u00a0\u00a0 10 mg<br \/>\nAlfalipoiinihappo\u00a0\u00a0\u00a0 10 mg<br \/>\nSitrusbioflavonoideja\u00a0\u00a0\u00a0 10 mg<br \/>\nSeleeni (selenometioniini)\u00a0\u00a0\u00a0 50 \u00b5g<br \/>\nBoori (natriumboraatti)\u00a0\u00a0\u00a0 0,5 mg<br \/>\nKupari (glukonaatti)\u00a0\u00a0\u00a0 1,25 mg<br \/>\nMangaani (bisglysinaatti)\u00a0\u00a0\u00a0 1,5 mg<br \/>\nA-vitamiini (retinylpalmitaatti)\u00a0\u00a0\u00a0 751 \u00b5g<br \/>\nD3-vitamiini (kolekalsiferoli, j\u00e4k\u00e4l\u00e4)\u00a0\u00a0\u00a0 5 \u00b5g<br \/>\nKromi (pikolinaatti)\u00a0\u00a0\u00a0 75 \u00b5g<br \/>\nFolaatti (kalsium-L-metyylifolaatti)\u00a0\u00a0\u00a0 200 \u00b5g<br \/>\nJodi (kaliumjodidi)\u00a0\u00a0\u00a0 150 \u00b5g<br \/>\nD-biotiini\u00a0\u00a0\u00a0 100 \u00b5g<br \/>\nAstaksantiini\u00a0\u00a0\u00a0 100 \u00b5g<br \/>\nB12-vitamiini (metyylikobalamiini)\u00a0\u00a0\u00a0 75 \u00b5g<br \/>\nK2-vitamiini (menakinoni)\u00a0\u00a0\u00a0 10 \u00b5g<\/p>\n<p>EI SIS\u00c4LL\u00c4 LIS\u00c4AINEITA TAI S\u00c4IL\u00d6NT\u00c4AINEITA, VEHN\u00c4\u00c4, GLUTEENIA, SOIJAA, HIIVAA, MAIDON AINESOSIA TAI SOKERIA. SOPII KASVISSY\u00d6JILLE JA VEGAANEILLE. EI SUOSITELLA RASKAANA OLEVILLE.<\/p>\n","protected":false},"excerpt":{"rendered":"<p><span class=\"aCOpRe\"><em>Terranova<\/em> Living Multivitamin <em>SPORT<\/em> on monivitamiini, jonka sis\u00e4lt\u00f6 on r\u00e4\u00e4t\u00e4l\u00f6ity erityisesti kuntoilijan ja urheilijan tarpeisiin.<\/span><\/p>\n","protected":false},"featured_media":20467,"template":"","meta":{"_acf_changed":false,"rs_blank_template":"","rs_page_bg_color":"","slide_template_v7":""},"product_brand":[],"product_cat":[51,36],"product_tag":[],"class_list":{"0":"post-20466","1":"product","2":"type-product","3":"status-publish","4":"has-post-thumbnail","6":"product_cat-terranova","7":"product_cat-vitamiinit","9":"first","10":"instock","11":"taxable","12":"shipping-taxable","13":"purchasable","14":"product-type-simple"},"acf":[],"_links":{"self":[{"href":"https:\/\/vaasanluonnonravinto.fi\/sv\/wp-json\/wp\/v2\/product\/20466","targetHints":{"allow":["GET"]}}],"collection":[{"href":"https:\/\/vaasanluonnonravinto.fi\/sv\/wp-json\/wp\/v2\/product"}],"about":[{"href":"https:\/\/vaasanluonnonravinto.fi\/sv\/wp-json\/wp\/v2\/types\/product"}],"wp:featuredmedia":[{"embeddable":true,"href":"https:\/\/vaasanluonnonravinto.fi\/sv\/wp-json\/wp\/v2\/media\/20467"}],"wp:attachment":[{"href":"https:\/\/vaasanluonnonravinto.fi\/sv\/wp-json\/wp\/v2\/media?parent=20466"}],"wp:term":[{"taxonomy":"product_brand","embeddable":true,"href":"https:\/\/vaasanluonnonravinto.fi\/sv\/wp-json\/wp\/v2\/product_brand?post=20466"},{"taxonomy":"product_cat","embeddable":true,"href":"https:\/\/vaasanluonnonravinto.fi\/sv\/wp-json\/wp\/v2\/product_cat?post=20466"},{"taxonomy":"product_tag","embeddable":true,"href":"https:\/\/vaasanluonnonravinto.fi\/sv\/wp-json\/wp\/v2\/product_tag?post=20466"}],"curies":[{"name":"wp","href":"https:\/\/api.w.org\/{rel}","templated":true}]}}